{"id":29062,"date":"2025-09-22T17:41:06","date_gmt":"2025-09-22T15:41:06","guid":{"rendered":"https:\/\/sp1hrubieszow.pl\/?page_id=29062"},"modified":"2025-09-22T17:42:05","modified_gmt":"2025-09-22T15:42:05","slug":"podziekowania","status":"publish","type":"page","link":"https:\/\/sp1hrubieszow.pl\/index.php\/kronika-2020-2021\/podziekowania\/","title":{"rendered":"Podzi\u0119kowania"},"content":{"rendered":"\n\n\n<p><img loading=\"lazy\" decoding=\"async\" class=\"alignnone size-full wp-image-29044\" src=\"https:\/\/sp1hrubieszow.pl\/wp-content\/uploads\/2025\/09\/czerwone-i-rozowe-roze-kwiaty-kwiatowe-kwiaty-botaniczne-izolowane-ilustracje-elementy-akwarelowe-rysunki-akwarele-tlo-tekstura-ramka-wzor-tekstura_1001743-8660.avif\" alt=\"\" width=\"2000\" height=\"1121\"><\/p>\n<div class=\"x14z9mp xat24cr x1lziwak x1vvkbs xtlvy1s x126k92a\">\n<div dir=\"auto\"><span style=\"color: #000080;\">Z okazji Jubileuszu 60-lecia naszej Szko\u0142y sk\u0142adam serdeczne podzi\u0119kowania wszystkim, kt\u00f3rzy przyczynili si\u0119 do organizacji i u\u015bwietnienia tej wyj\u0105tkowej uroczysto\u015bci.<\/span><\/div>\n<div dir=\"auto\"><span style=\"color: #000080;\">Wyrazy szczeg\u00f3lnej wdzi\u0119czno\u015bci kierujemy do Pani <span class=\"html-span xdj266r x14z9mp xat24cr x1lziwak xexx8yu xyri2b x18d9i69 x1c1uobl x1hl2dhg x16tdsg8 x1vvkbs\"><span class=\"xt0psk2\"><span class=\"xjp7ctv\">Marty Majewskiej &#8211; Burmistrz Miasta Hrubieszowa<\/span><\/span><\/span> za obj\u0119cie honorowym patronatem obchod\u00f3w \u2013 to dla nas zaszczyt i wyr\u00f3\u017cnienie.<\/span><\/div>\n<div dir=\"auto\"><span style=\"color: #000080;\">Ksi\u0119dzu proboszczowi parafii pw. Ducha \u015awi\u0119tego Markowi Giergielowi oraz Ksi\u0119dzu Pra\u0142atowi Andrzejowi Puzonowi za celebracj\u0119 Mszy \u015awi\u0119tej z okazji jubileuszu.<\/span><\/div>\n<div dir=\"auto\"><span style=\"color: #000080;\">Dzi\u0119kuj\u0119 wszystkim zaproszonym go\u015bciom, emerytowanym nauczycielom i pracownikom szko\u0142y, rodzicom, absolwentom, sympatykom ,,Jedynki\u2019\u2019 za obecno\u015b\u0107 i wsp\u00f3lne \u015bwi\u0119towanie tego wyj\u0105tkowego dnia.<\/span><\/div>\n<\/div>\n<div class=\"x14z9mp xat24cr x1lziwak x1vvkbs xtlvy1s x126k92a\">\n<div dir=\"auto\"><span style=\"color: #000080;\">Szczeg\u00f3lne podzi\u0119kowania kierujemy do:<\/span><\/div>\n<div dir=\"auto\"><span style=\"color: #000080;\">\u2022 Pani Magdaleny S\u0142owik \u2013 za opracowanie i redakcj\u0119 zaprosze\u0144;<\/span><\/div>\n<div dir=\"auto\"><span style=\"color: #000080;\">\u2022 Pani Ma\u0142gorzaty Greszety, Pani Marty Lackowskiej, Pani Iwony Kraczkowskiej \u2013 za opracowanie scenariusza uroczysto\u015bci;<\/span><\/div>\n<div dir=\"auto\"><span style=\"color: #000080;\">\u2022 Pani Moniki Jako\u015b-W\u00f3r oraz Pani Edyty Miller-Wiatrowskiej \u2013 za przygotowanie prezentacji jubileuszowej;<\/span><\/div>\n<div dir=\"auto\"><span style=\"color: #000080;\">\u2022 Pani Moniki Czulak, Pani Agnieszki Kolano oraz Pana Rafa\u0142a Piwkowskiego \u2013 za opraw\u0119 muzyczn\u0105 uroczysto\u015bci;<\/span><\/div>\n<div dir=\"auto\"><span style=\"color: #000080;\">\u2022 Pani Ewy Filipowicz &#8211; Sidorczuk, Pani Arlety Kowalskiej i Pani Renaty Danilczuk \u2013 za pi\u0119kn\u0105 dekoracj\u0119 sali;<\/span><\/div>\n<div dir=\"auto\"><span style=\"color: #000080;\">\u2022 Pani Joanny Sawickiej, Pani Pauliny Seweryn oraz Pana Jacka Paradowskiego \u2013 za przygotowanie choreografii tanecznej i sportowej;<\/span><\/div>\n<div dir=\"auto\"><span style=\"color: #000080;\">\u2022 Nauczycieli-emeryt\u00f3w: Pani Teresy Kraszkiewicz, Pani Barbary Mielniczuk, Pani Ewy Tymeckiej \u2013 za aktywne w\u0142\u0105czenie si\u0119 w inscenizacj\u0119 jubileuszow\u0105;<\/span><\/div>\n<div dir=\"auto\"><span style=\"color: #000080;\">\u2022 Absolwent\u00f3w: Pana Remigiusza Kawalca \u2013 za poruszaj\u0105cy wyst\u0119p wokalny oraz Pana \u0141ukasza Mielniczuka \u2013 za nauk\u0119 poloneza;<\/span><\/div>\n<div dir=\"auto\"><span style=\"color: #000080;\">\u2022 Pana Andrzeja Sadowskiego i Pana Marka Lackowskiego \u2013 za wykonanie imponuj\u0105cej makiety szko\u0142y;<\/span><\/div>\n<div dir=\"auto\"><span style=\"color: #000080;\">\u2022 Pani Agaty \u0141azorczyk, Pani Ewy Ma\u0142eckiej, Pani Wiolety Dec oraz Pani Barbary G\u0142owacz \u2013 za perfekcyjn\u0105 organizacj\u0119 i logistyk\u0119 wydarzenia.<\/span><\/div>\n<div dir=\"auto\"><span style=\"color: #000080;\">Na r\u0119ce Pana Kierownika Bart\u0142omieja Majewskiego sk\u0142adam serdeczne podzi\u0119kowania dla wszystkich Pa\u0144stwa z obs\u0142ugi i gastronomii za profesjonalne przygotowanie zaplecza organizacyjnego.<\/span><\/div>\n<div dir=\"auto\"><span style=\"color: #000080;\">Wszystkim pozosta\u0142ym osobom, kt\u00f3re cho\u0107by symbolicznie do\u0142o\u017cy\u0142y okruch swojego wk\u0142adu, by nasza uroczysto\u015b\u0107 mia\u0142a tak podnios\u0142y i wznios\u0142y charakter \u2013 serdecznie dzi\u0119kuj\u0119. To dzi\u0119ki Wam ten dzie\u0144 pozostanie na d\u0142ugo w naszej pami\u0119ci. Dzi\u0119kuj\u0119 wszystkim, kt\u00f3rzy byli z nami tego dnia \u2013 za serce, zaanga\u017cowanie i wsp\u00f3\u0142tworzenie niezapomnianych chwil w historii naszej Szko\u0142y.<\/span><\/div>\n<div dir=\"auto\"><span style=\"color: #000080;\">Szczeg\u00f3lne podzi\u0119kowania kieruj\u0119 r\u00f3wnie\u017c do Pracownik\u00f3w HDK \u2013 Pana Mariusza Telickiego i Pana Kamila Nazara \u2013 za zapewnienie wysokiej jako\u015bci nag\u0142o\u015bnienia uroczysto\u015bci, co mia\u0142o ogromne znaczenie dla jej przebiegu i odbioru.<\/span><\/div>\n<\/div>\n<div class=\"x14z9mp xat24cr x1lziwak x1vvkbs xtlvy1s x126k92a\">\n<div dir=\"auto\"><span style=\"color: #000080;\">Sk\u0142adam Serdeczne Podzi\u0119kowania dla naszych sponsor\u00f3w :<\/span><\/div>\n<div dir=\"auto\"><span style=\"color: #000080;\">Kwiaciarnia &#8222;Hrubieszowianki&#8221; Pani Bata Litwi\u0144czuk &#8211; kwiaty<\/span><\/div>\n<div dir=\"auto\"><span style=\"color: #000080;\">Dom Weselny &#8222;U Ch\u0142opa&#8221; Pa\u0144stwo Emil i Anna Gnieccy &#8211; catering<\/span><\/div>\n<div dir=\"auto\"><span style=\"color: #000080;\">Pani Ewa Belina &#8211; Wawryk &#8211; zakup tortu okoliczno\u015bciowego<\/span><\/div>\n<div dir=\"auto\"><span style=\"color: #000080;\">Stowarzyszenie ,,Jestem\u2019\u2019 im. \u015bw. Jana Bosko &#8211; s\u0142odycze dla ca\u0142ej spo\u0142eczno\u015bci szkolnej<\/span><\/div>\n<div dir=\"auto\"><span style=\"color: #000080;\">Pani Sylwia Wojak ,<\/span><\/div>\n<div dir=\"auto\"><span style=\"color: #000080;\">Pani Monika Wysoczy\u0144ska<\/span><\/div>\n<div dir=\"auto\"><span style=\"color: #000080;\">Pani Ewa Tymecka<\/span><\/div>\n<div dir=\"auto\"><span style=\"color: #000080;\">Pani Ewa Filipowicz &#8211; Sidorczuk<\/span><\/div>\n<div dir=\"auto\"><span style=\"color: #000080;\">Pani Barbara Wiaderek<\/span><\/div>\n<div dir=\"auto\"><span style=\"color: #000080;\">Pani Joanna Nazar<\/span><\/div>\n<div dir=\"auto\"><span style=\"color: #000080;\">Pan Micha\u0142 Mi\u015bcior<\/span><\/div>\n<div dir=\"auto\"><span style=\"color: #000080;\">Pan Robert Nowak<\/span><\/div>\n<\/div>\n<div class=\"x14z9mp xat24cr x1lziwak x1vvkbs xtlvy1s x126k92a\">\n<div dir=\"auto\"><span style=\"color: #000080;\">Podzi\u0119kowanie za przes\u0142ane listy gratulacyjne sk\u0142adam:<\/span><\/div>\n<div dir=\"auto\"><span style=\"color: #000080;\">Pani Dorocie Cybula<\/span><\/div>\n<div dir=\"auto\"><span style=\"color: #000080;\">Pani Halinie Szyma\u0144skiej<\/span><\/div>\n<div dir=\"auto\"><span style=\"color: #000080;\">Pani Beacie Cejko<\/span><\/div>\n<div dir=\"auto\"><span style=\"color: #000080;\">Pani Barbarze Wiaderek<\/span><\/div>\n<div dir=\"auto\"><span style=\"color: #000080;\">Panu Tomaszowi Kie\u0142bowiczowi<\/span><\/div>\n<div dir=\"auto\"><span style=\"color: #000080;\">Pani El\u017cbiecie Stelmach<\/span><\/div>\n<div dir=\"auto\"><span style=\"color: #000080;\">Pani Zofii Kamieniarz<\/span><\/div>\n<div dir=\"auto\"><span style=\"color: #000080;\">Panu Piotrowi Kitli\u0144skiemu<\/span><\/div>\n<\/div>\n<div class=\"x14z9mp xat24cr x1lziwak x1vvkbs xtlvy1s x126k92a\">\n<div dir=\"auto\"><span style=\"color: #000080;\">W imieniu w\u0142asnym oraz ca\u0142ej spo\u0142eczno\u015bci szkolnej serdecznie dzi\u0119kuj\u0119 za przekazane \u017cyczenia, upominki z okazji jubileuszu naszej szko\u0142y.<\/span><\/div>\n<div dir=\"auto\"><span style=\"color: #000080;\">Pa\u0144stwa pami\u0119\u0107, ciep\u0142e s\u0142owa i wyrazy uznania s\u0105 dla nas nie tylko powodem do dumy, ale r\u00f3wnie\u017c motywacj\u0105 do dalszej pracy na rzecz edukacji i wychowania kolejnych pokole\u0144.<\/span><\/div>\n<div dir=\"auto\"><span style=\"color: #000080;\">To dla nas ogromna rado\u015b\u0107, \u017ce mo\u017cemy wsp\u00f3lnie \u015bwi\u0119towa\u0107 ten wyj\u0105tkowy moment w historii naszej szko\u0142y. Dzi\u0119kujemy za to, \u017ce jeste\u015bcie Pa\u0144stwo z nami.<\/span><\/div>\n<div dir=\"auto\">&nbsp;<\/div>\n<\/div>\n<div class=\"x14z9mp xat24cr x1lziwak x1vvkbs xtlvy1s x126k92a\">\n<div dir=\"auto\" style=\"text-align: right;\"><span style=\"color: #000080;\">Z wyrazami szacunku,<\/span><\/div>\n<\/div>\n<div class=\"x14z9mp xat24cr x1lziwak x1vvkbs xtlvy1s x126k92a\">\n<div dir=\"auto\" style=\"text-align: right;\"><span style=\"color: #000080;\">Dyrektor Szko\u0142y<\/span><\/div>\n<div dir=\"auto\" style=\"text-align: right;\"><span style=\"color: #000080;\">Edyta Kucharska<\/span><\/div>\n<div dir=\"auto\">\nngg_shortcode_0_placeholder\n<\/div>\n<\/div>\n\n\n","protected":false},"excerpt":{"rendered":"<p>Z okazji Jubileuszu 60-lecia naszej Szko\u0142y sk\u0142adam serdeczne podzi\u0119kowania wszystkim, kt\u00f3rzy przyczynili si\u0119 do organizacji i u\u015bwietnienia tej wyj\u0105tkowej uroczysto\u015bci. Wyrazy szczeg\u00f3lnej wdzi\u0119czno\u015bci kierujemy do Pani Marty Majewskiej &#8211; Burmistrz Miasta Hrubieszowa za obj\u0119cie honorowym patronatem obchod\u00f3w \u2013 to dla nas zaszczyt i wyr\u00f3\u017cnienie. Ksi\u0119dzu proboszczowi parafii pw. Ducha \u015awi\u0119tego Markowi Giergielowi oraz Ksi\u0119dzu Pra\u0142atowi [&hellip;]<\/p>\n","protected":false},"author":2,"featured_media":0,"parent":5983,"menu_order":0,"comment_status":"closed","ping_status":"closed","template":"","meta":{"ngg_post_thumbnail":0,"footnotes":""},"class_list":["post-29062","page","type-page","status-publish","hentry"],"_links":{"self":[{"href":"https:\/\/sp1hrubieszow.pl\/index.php\/wp-json\/wp\/v2\/pages\/29062","targetHints":{"allow":["GET"]}}],"collection":[{"href":"https:\/\/sp1hrubieszow.pl\/index.php\/wp-json\/wp\/v2\/pages"}],"about":[{"href":"https:\/\/sp1hrubieszow.pl\/index.php\/wp-json\/wp\/v2\/types\/page"}],"author":[{"embeddable":true,"href":"https:\/\/sp1hrubieszow.pl\/index.php\/wp-json\/wp\/v2\/users\/2"}],"replies":[{"embeddable":true,"href":"https:\/\/sp1hrubieszow.pl\/index.php\/wp-json\/wp\/v2\/comments?post=29062"}],"version-history":[{"count":1,"href":"https:\/\/sp1hrubieszow.pl\/index.php\/wp-json\/wp\/v2\/pages\/29062\/revisions"}],"predecessor-version":[{"id":29063,"href":"https:\/\/sp1hrubieszow.pl\/index.php\/wp-json\/wp\/v2\/pages\/29062\/revisions\/29063"}],"up":[{"embeddable":true,"href":"https:\/\/sp1hrubieszow.pl\/index.php\/wp-json\/wp\/v2\/pages\/5983"}],"wp:attachment":[{"href":"https:\/\/sp1hrubieszow.pl\/index.php\/wp-json\/wp\/v2\/media?parent=29062"}],"curies":[{"name":"wp","href":"https:\/\/api.w.org\/{rel}","templated":true}]}}