{"id":29038,"date":"2025-09-21T20:01:37","date_gmt":"2025-09-21T18:01:37","guid":{"rendered":"https:\/\/sp1hrubieszow.pl\/?page_id=29038"},"modified":"2025-09-21T20:01:52","modified_gmt":"2025-09-21T18:01:52","slug":"z-projektorem-przez-polske-jedna-misja-tysiac-przygod","status":"publish","type":"page","link":"https:\/\/sp1hrubieszow.pl\/index.php\/kronika-2020-2021\/z-projektorem-przez-polske-jedna-misja-tysiac-przygod\/","title":{"rendered":"\u201eZ Projektorem przez Polsk\u0119. Jedna misja, tysi\u0105c przyg\u00f3d\u201d"},"content":{"rendered":"\n\n\n<p data-start=\"85\" data-end=\"439\"><span style=\"background-color: #ffffff; color: #000080;\"><strong data-start=\"88\" data-end=\"103\">20 i 21wrze\u015bnia<\/strong> uczestniczy\u0142y\u015bmy w podsumowaniu <strong data-start=\"136\" data-end=\"158\">Programu PROJEKTOR<\/strong> w Lublinie \u2013 to ju\u017c <strong data-start=\"179\" data-end=\"195\">20. edycja\u2763\ufe0f<\/strong><\/span><br data-start=\"195\" data-end=\"198\"><span style=\"background-color: #ffffff; color: #000080;\">Spotkanie zgromadzi\u0142o nauczycieli, wolontariuszy i ambasador\u00f3w z ca\u0142ej Polski, by podsumowa\u0107 dzia\u0142ania i wymieni\u0107 do\u015bwiadczenia. Z dum\u0105 reprezentowa\u0142y\u015bmy nasz\u0105 <strong data-start=\"352\" data-end=\"393\">Szko\u0142\u0119 Podstawow\u0105 nr 1 <\/strong>oraz <strong data-start=\"399\" data-end=\"433\">Hrubiesz\u00f3w \u2013 Miasto z Klimatem<\/strong>.&nbsp;<\/span><\/p>\n<p data-start=\"85\" data-end=\"439\"><span style=\"background-color: #ffffff; color: #000080;\">Pierwszego dnia odby\u0142a si\u0119 uroczysta gala podsumowuj\u0105ca, a po niej kolacja w Hotelu FORUM. Drugiego dnia, po pysznym \u015bniadaniu,&nbsp; wzi\u0119li\u015bmy udzia\u0142 w warsztatach fotograficznych w 6-osobowej grupie (my &#8211; nauczycielki&nbsp; i 4 pe\u0142nych energii student\u00f3w). Naszym zadaniem by\u0142o wykonanie zdj\u0119\u0107 tematycznych, m.in. ok\u0142adki na 20-lecie Projektora, poczt\u00f3wki z Lublina czy uchwycenie zespo\u0142u w dzia\u0142aniu. Pomys\u0142\u00f3w nie brakowa\u0142o \u2013 \u015bmiechu i dobrej zabawy r\u00f3wnie\u017c! Potem uczestniczyli\u015bmy w warsztatach tworzenia dziennika podr\u00f3\u017cy, kt\u00f3re pomog\u0142y uporz\u0105dkowa\u0107 nasze wra\u017cenia.<\/span><\/p>\n<p data-start=\"1179\" data-end=\"1406\"><span style=\"background-color: #ffffff; color: #000080;\">Wr\u00f3ci\u0142y\u015bmy zm\u0119czone, ale pe\u0142ne pomys\u0142\u00f3w i ch\u0119ci do dzia\u0142ania! \ud83d\udcaa\ud83d\udd25 Z niecierpliwo\u015bci\u0105 czekamy na wizyt\u0119 wolontariuszy w naszej szkole i kolejne spotkanie podsumowuj\u0105ce za rok \u2013 ciekawe, jakie przygody wtedy na nas czekaj\u0105. \ud83d\ude0a<\/span><\/p>\n<p data-start=\"1408\" data-end=\"1508\"><span style=\"background-color: #ffffff; color: #000080;\">Dzi\u0119kujemy organizatorom za zaproszenie i mo\u017cliwo\u015b\u0107 wsp\u00f3\u0142tworzenia tak inspiruj\u0105cej inicjatywy. \ud83e\ude77<\/span><\/p>\n<p style=\"text-align: right;\" data-start=\"1510\" data-end=\"1566\"><span style=\"background-color: #ffffff; color: #000080;\">Monika Jako\u015b-W\u00f3r<\/span><\/p>\n<p style=\"text-align: right;\" data-start=\"1510\" data-end=\"1566\"><span style=\"background-color: #ffffff; color: #000080;\">Marta Lackowska<\/span><\/p>\nngg_shortcode_0_placeholder\n<p data-start=\"1510\" data-end=\"1566\">&nbsp;<\/p>\n\n\n","protected":false},"excerpt":{"rendered":"<p>20 i 21wrze\u015bnia uczestniczy\u0142y\u015bmy w podsumowaniu Programu PROJEKTOR w Lublinie \u2013 to ju\u017c 20. edycja\u2763\ufe0fSpotkanie zgromadzi\u0142o nauczycieli, wolontariuszy i ambasador\u00f3w z ca\u0142ej Polski, by podsumowa\u0107 dzia\u0142ania i wymieni\u0107 do\u015bwiadczenia. Z dum\u0105 reprezentowa\u0142y\u015bmy nasz\u0105 Szko\u0142\u0119 Podstawow\u0105 nr 1 oraz Hrubiesz\u00f3w \u2013 Miasto z Klimatem.&nbsp; Pierwszego dnia odby\u0142a si\u0119 uroczysta gala podsumowuj\u0105ca, a po niej kolacja w [&hellip;]<\/p>\n","protected":false},"author":2,"featured_media":0,"parent":5983,"menu_order":0,"comment_status":"closed","ping_status":"closed","template":"","meta":{"ngg_post_thumbnail":0,"footnotes":""},"class_list":["post-29038","page","type-page","status-publish","hentry"],"_links":{"self":[{"href":"https:\/\/sp1hrubieszow.pl\/index.php\/wp-json\/wp\/v2\/pages\/29038","targetHints":{"allow":["GET"]}}],"collection":[{"href":"https:\/\/sp1hrubieszow.pl\/index.php\/wp-json\/wp\/v2\/pages"}],"about":[{"href":"https:\/\/sp1hrubieszow.pl\/index.php\/wp-json\/wp\/v2\/types\/page"}],"author":[{"embeddable":true,"href":"https:\/\/sp1hrubieszow.pl\/index.php\/wp-json\/wp\/v2\/users\/2"}],"replies":[{"embeddable":true,"href":"https:\/\/sp1hrubieszow.pl\/index.php\/wp-json\/wp\/v2\/comments?post=29038"}],"version-history":[{"count":1,"href":"https:\/\/sp1hrubieszow.pl\/index.php\/wp-json\/wp\/v2\/pages\/29038\/revisions"}],"predecessor-version":[{"id":29039,"href":"https:\/\/sp1hrubieszow.pl\/index.php\/wp-json\/wp\/v2\/pages\/29038\/revisions\/29039"}],"up":[{"embeddable":true,"href":"https:\/\/sp1hrubieszow.pl\/index.php\/wp-json\/wp\/v2\/pages\/5983"}],"wp:attachment":[{"href":"https:\/\/sp1hrubieszow.pl\/index.php\/wp-json\/wp\/v2\/media?parent=29038"}],"curies":[{"name":"wp","href":"https:\/\/api.w.org\/{rel}","templated":true}]}}