{"id":29018,"date":"2025-09-16T23:07:49","date_gmt":"2025-09-16T21:07:49","guid":{"rendered":"https:\/\/sp1hrubieszow.pl\/?page_id=29018"},"modified":"2025-09-16T23:07:49","modified_gmt":"2025-09-16T21:07:49","slug":"warsztaty-ekologiczne-interreg-next-clean-bug","status":"publish","type":"page","link":"https:\/\/sp1hrubieszow.pl\/index.php\/kronika-2019-2020\/warsztaty-ekologiczne-interreg-next-clean-bug\/","title":{"rendered":"Warsztaty ekologiczne INTERREG Next Clean Bug"},"content":{"rendered":"\n<p><span style=\"color: #000080;\">W dniu 15.09 klasa 3c uczestniczy\u0142a w warsztatach ekologicznych INTERREG Next Clean Bug wsp\u00f3\u0142finansowanych przez UE. G\u0142\u00f3wnym celem zaj\u0119\u0107 by\u0142o zwr\u00f3cenie uwagi <br>na potrzeb\u0119 ochrony rzek oraz kszta\u0142towanie postaw proekologicznych w\u015br\u00f3d dzieci. Podczas lekcji om\u00f3wiono zagro\u017cenia dla \u015brodowiska naturalnego rzek, przeprowadzono akcj\u0119 sprz\u0105tania brzeg\u00f3w rzeki. Uczniowie mieli mo\u017cliwo\u015b\u0107 zbadania czysto\u015bci wody <br>oraz budowy filtra. To by\u0142 bardzo ciekawy i pracowity dzie\u0144.&nbsp;<\/span><\/p>\nngg_shortcode_0_placeholder\n\n\n","protected":false},"excerpt":{"rendered":"<p>W dniu 15.09 klasa 3c uczestniczy\u0142a w warsztatach ekologicznych INTERREG Next Clean Bug wsp\u00f3\u0142finansowanych przez UE. G\u0142\u00f3wnym celem zaj\u0119\u0107 by\u0142o zwr\u00f3cenie uwagi na potrzeb\u0119 ochrony rzek oraz kszta\u0142towanie postaw proekologicznych w\u015br\u00f3d dzieci. Podczas lekcji om\u00f3wiono zagro\u017cenia dla \u015brodowiska naturalnego rzek, przeprowadzono akcj\u0119 sprz\u0105tania brzeg\u00f3w rzeki. Uczniowie mieli mo\u017cliwo\u015b\u0107 zbadania czysto\u015bci wody oraz budowy filtra. To [&hellip;]<\/p>\n","protected":false},"author":4,"featured_media":0,"parent":2167,"menu_order":0,"comment_status":"closed","ping_status":"closed","template":"","meta":{"ngg_post_thumbnail":0,"footnotes":""},"class_list":["post-29018","page","type-page","status-publish","hentry"],"_links":{"self":[{"href":"https:\/\/sp1hrubieszow.pl\/index.php\/wp-json\/wp\/v2\/pages\/29018","targetHints":{"allow":["GET"]}}],"collection":[{"href":"https:\/\/sp1hrubieszow.pl\/index.php\/wp-json\/wp\/v2\/pages"}],"about":[{"href":"https:\/\/sp1hrubieszow.pl\/index.php\/wp-json\/wp\/v2\/types\/page"}],"author":[{"embeddable":true,"href":"https:\/\/sp1hrubieszow.pl\/index.php\/wp-json\/wp\/v2\/users\/4"}],"replies":[{"embeddable":true,"href":"https:\/\/sp1hrubieszow.pl\/index.php\/wp-json\/wp\/v2\/comments?post=29018"}],"version-history":[{"count":2,"href":"https:\/\/sp1hrubieszow.pl\/index.php\/wp-json\/wp\/v2\/pages\/29018\/revisions"}],"predecessor-version":[{"id":29020,"href":"https:\/\/sp1hrubieszow.pl\/index.php\/wp-json\/wp\/v2\/pages\/29018\/revisions\/29020"}],"up":[{"embeddable":true,"href":"https:\/\/sp1hrubieszow.pl\/index.php\/wp-json\/wp\/v2\/pages\/2167"}],"wp:attachment":[{"href":"https:\/\/sp1hrubieszow.pl\/index.php\/wp-json\/wp\/v2\/media?parent=29018"}],"curies":[{"name":"wp","href":"https:\/\/api.w.org\/{rel}","templated":true}]}}