{"id":28953,"date":"2025-09-10T19:51:22","date_gmt":"2025-09-10T17:51:22","guid":{"rendered":"https:\/\/sp1hrubieszow.pl\/?page_id=28953"},"modified":"2025-09-15T09:16:25","modified_gmt":"2025-09-15T07:16:25","slug":"nowy-szyld-przy-naszej-szkole","status":"publish","type":"page","link":"https:\/\/sp1hrubieszow.pl\/index.php\/kronika-2020-2021\/nowy-szyld-przy-naszej-szkole\/","title":{"rendered":"Nowy szyld przy naszej szkole"},"content":{"rendered":"\n<p data-start=\"0\" data-end=\"135\"><span style=\"color: #000080;\">Przed nasz\u0105 szko\u0142\u0105 pojawi\u0142 si\u0119 nowy, pi\u0119kny szyld autorstwa Pana Marka Duszczenko. Serdecznie dzi\u0119kujemy za wyj\u0105tkow\u0105 prac\u0119! \ud83d\udc99<\/span><\/p>\n<p data-start=\"137\" data-end=\"233\"><span style=\"color: #000080;\">Widnieje na nim cytat autorstwa naszego patrona, Boles\u0142awa Prusa:<\/span><br data-start=\"192\" data-end=\"195\"><span style=\"color: #000080;\">\u2728 <em data-start=\"197\" data-end=\"229\">\u201eSzcz\u0119\u015bcie ka\u017cdy nosi w sobie\u201d<\/em> \u2728<\/span><\/p>\n<p data-start=\"235\" data-end=\"477\"><span style=\"color: #000080;\">Te s\u0142owa s\u0105 nam szczeg\u00f3lnie bliskie \u2013 bo szcz\u0119\u015bcie to nie tylko co\u015b, co przychodzi z zewn\u0105trz. To codzienny u\u015bmiech ucznia, satysfakcja z nauki i odkrywania \u015bwiata, to tak\u017ce zaanga\u017cowanie i pasja naszych nauczycieli oraz pracownik\u00f3w szko\u0142y.<\/span><\/p>\n<p data-start=\"479\" data-end=\"582\"><span style=\"color: #000080;\">Razem tworzymy miejsce, w kt\u00f3rym szcz\u0119\u015bcie naprawd\u0119 mieszka \u2013 w sercach ca\u0142ej naszej spo\u0142eczno\u015bci. \ud83d\udcab<\/span><\/p>\n<p style=\"text-align: right;\" data-start=\"479\" data-end=\"582\"><span style=\"color: #000080;\">Marta Lackowska<\/span><\/p>\nngg_shortcode_0_placeholder\n<p style=\"text-align: left;\" data-start=\"479\" data-end=\"582\"><span style=\"color: #000080;\">&nbsp;<\/span><\/p>\n","protected":false},"excerpt":{"rendered":"<p>Przed nasz\u0105 szko\u0142\u0105 pojawi\u0142 si\u0119 nowy, pi\u0119kny szyld autorstwa Pana Marka Duszczenko. Serdecznie dzi\u0119kujemy za wyj\u0105tkow\u0105 prac\u0119! \ud83d\udc99 Widnieje na nim cytat autorstwa naszego patrona, Boles\u0142awa Prusa:\u2728 \u201eSzcz\u0119\u015bcie ka\u017cdy nosi w sobie\u201d \u2728 Te s\u0142owa s\u0105 nam szczeg\u00f3lnie bliskie \u2013 bo szcz\u0119\u015bcie to nie tylko co\u015b, co przychodzi z zewn\u0105trz. To codzienny u\u015bmiech ucznia, satysfakcja [&hellip;]<\/p>\n","protected":false},"author":2,"featured_media":0,"parent":5983,"menu_order":0,"comment_status":"closed","ping_status":"closed","template":"","meta":{"ngg_post_thumbnail":0,"footnotes":""},"class_list":["post-28953","page","type-page","status-publish","hentry"],"_links":{"self":[{"href":"https:\/\/sp1hrubieszow.pl\/index.php\/wp-json\/wp\/v2\/pages\/28953","targetHints":{"allow":["GET"]}}],"collection":[{"href":"https:\/\/sp1hrubieszow.pl\/index.php\/wp-json\/wp\/v2\/pages"}],"about":[{"href":"https:\/\/sp1hrubieszow.pl\/index.php\/wp-json\/wp\/v2\/types\/page"}],"author":[{"embeddable":true,"href":"https:\/\/sp1hrubieszow.pl\/index.php\/wp-json\/wp\/v2\/users\/2"}],"replies":[{"embeddable":true,"href":"https:\/\/sp1hrubieszow.pl\/index.php\/wp-json\/wp\/v2\/comments?post=28953"}],"version-history":[{"count":1,"href":"https:\/\/sp1hrubieszow.pl\/index.php\/wp-json\/wp\/v2\/pages\/28953\/revisions"}],"predecessor-version":[{"id":28954,"href":"https:\/\/sp1hrubieszow.pl\/index.php\/wp-json\/wp\/v2\/pages\/28953\/revisions\/28954"}],"up":[{"embeddable":true,"href":"https:\/\/sp1hrubieszow.pl\/index.php\/wp-json\/wp\/v2\/pages\/5983"}],"wp:attachment":[{"href":"https:\/\/sp1hrubieszow.pl\/index.php\/wp-json\/wp\/v2\/media?parent=28953"}],"curies":[{"name":"wp","href":"https:\/\/api.w.org\/{rel}","templated":true}]}}