{"id":2894,"date":"2019-11-12T20:58:56","date_gmt":"2019-11-12T19:58:56","guid":{"rendered":"http:\/\/sp1.hrubieszow.info\/?page_id=2894"},"modified":"2019-11-12T21:00:52","modified_gmt":"2019-11-12T20:00:52","slug":"antymina-profilaktyka-z-pasja","status":"publish","type":"page","link":"https:\/\/sp1hrubieszow.pl\/index.php\/kronika-2019-2020\/antymina-profilaktyka-z-pasja\/","title":{"rendered":"ANTYMINA \u2013 PROFILAKTYKA Z PASJ\u0104"},"content":{"rendered":"\n<p><span style=\"color: #000066;\"><span style=\"font-family: Arial, sans-serif;\"><span style=\"font-size: medium;\">W dniu 5 listopada 2019r. w naszej szkole odby\u0142 si\u0119 Artystyczny Program Profilaktyki Uzale\u017cnie\u0144 \u201eAntymina\u201d- nie daj si\u0119 wysterowa\u0107 na min\u0119. W spotkaniu wzi\u0119\u0142y udzia\u0142 klasy 6a, 8b oraz 8c.<\/span><\/span><\/span><\/p>\n<p><span style=\"color: #000066;\"><span style=\"font-family: Arial, sans-serif;\"><span style=\"font-size: medium;\">Celem programu by\u0142o przekazanie m\u0142odzie\u017cy wiedzy na temat zagro\u017ce\u0144, jakie niesie ze sob\u0105 uzale\u017cnienie od \u015brodk\u00f3w psychoaktywnych m.in. alkoholu, narkotyk\u00f3w i dopalaczy.<\/span><\/span><\/span><\/p>\n<p><span style=\"color: #000066;\"><span style=\"font-family: Arial, sans-serif;\"><span style=\"font-size: medium;\">Program Antymina zosta\u0142 bardzo wysoko oceniony przez uczni\u00f3w. Niezwykle trudne tre\u015bci dotycz\u0105ce uzale\u017cnie\u0144 realizatorzy przedstawili w spos\u00f3b zrozumia\u0142y i bezpo\u015bredni. Sprzyja\u0142a temu r\u00f3\u017cnorodno\u015b\u0107 form przekazu- od animacji, psychoedukacj\u0119 i przekaz muzyczny, po najbardziej osobiste \u015bwiadectwa z \u017cycia prelegent\u00f3w. Odwo\u0142anie si\u0119 do warto\u015bci wy\u017cszych, wskazanie rodziny jako \u015brodowiska, kt\u00f3re cierpi ca\u0142o\u015bciowo w przypadku uzale\u017cnienia cho\u0107by jednej osoby, nadawa\u0142 uniwersalny przekaz tre\u015bciom profilaktycznym. <\/span><\/span><\/span><\/p>\n<p><span style=\"color: #000066;\"><span style=\"font-family: Arial, sans-serif;\"><span style=\"font-size: medium;\">Wymowa programu k\u0142ad\u0142a nacisk na osobist\u0105 odpowiedzialno\u015b\u0107 za swoje \u017cycie i \u017cyciowe wybory i tak zosta\u0142a odczytana przez m\u0142odzie\u017c. <\/span><\/span><\/span><\/p>\n<p><span style=\"color: #000066;\"><span style=\"font-family: Arial, sans-serif;\"><span style=\"font-size: medium;\">Spotkanie odby\u0142o si\u0119 w ramach realizacji dzia\u0142a\u0144 programu ,,Profilaktyka na co dzie\u0144\u201d. Koordynator Anna Karkuszewska.<\/span><\/span><\/span><\/p>\nngg_shortcode_0_placeholder\n<p>&nbsp;<\/p>\n","protected":false},"excerpt":{"rendered":"<p>W dniu 5 listopada 2019r. w naszej szkole odby\u0142 si\u0119 Artystyczny Program Profilaktyki Uzale\u017cnie\u0144 \u201eAntymina\u201d- nie daj si\u0119 wysterowa\u0107 na min\u0119. W spotkaniu wzi\u0119\u0142y udzia\u0142 klasy 6a, 8b oraz 8c. Celem programu by\u0142o przekazanie m\u0142odzie\u017cy wiedzy na temat zagro\u017ce\u0144, jakie niesie ze sob\u0105 uzale\u017cnienie od \u015brodk\u00f3w psychoaktywnych m.in. alkoholu, narkotyk\u00f3w i dopalaczy. Program Antymina zosta\u0142 [&hellip;]<\/p>\n","protected":false},"author":2,"featured_media":0,"parent":2167,"menu_order":0,"comment_status":"closed","ping_status":"closed","template":"","meta":{"ngg_post_thumbnail":0,"footnotes":""},"class_list":["post-2894","page","type-page","status-publish","hentry"],"_links":{"self":[{"href":"https:\/\/sp1hrubieszow.pl\/index.php\/wp-json\/wp\/v2\/pages\/2894","targetHints":{"allow":["GET"]}}],"collection":[{"href":"https:\/\/sp1hrubieszow.pl\/index.php\/wp-json\/wp\/v2\/pages"}],"about":[{"href":"https:\/\/sp1hrubieszow.pl\/index.php\/wp-json\/wp\/v2\/types\/page"}],"author":[{"embeddable":true,"href":"https:\/\/sp1hrubieszow.pl\/index.php\/wp-json\/wp\/v2\/users\/2"}],"replies":[{"embeddable":true,"href":"https:\/\/sp1hrubieszow.pl\/index.php\/wp-json\/wp\/v2\/comments?post=2894"}],"version-history":[{"count":2,"href":"https:\/\/sp1hrubieszow.pl\/index.php\/wp-json\/wp\/v2\/pages\/2894\/revisions"}],"predecessor-version":[{"id":2905,"href":"https:\/\/sp1hrubieszow.pl\/index.php\/wp-json\/wp\/v2\/pages\/2894\/revisions\/2905"}],"up":[{"embeddable":true,"href":"https:\/\/sp1hrubieszow.pl\/index.php\/wp-json\/wp\/v2\/pages\/2167"}],"wp:attachment":[{"href":"https:\/\/sp1hrubieszow.pl\/index.php\/wp-json\/wp\/v2\/media?parent=2894"}],"curies":[{"name":"wp","href":"https:\/\/api.w.org\/{rel}","templated":true}]}}