{"id":28933,"date":"2025-09-08T19:25:52","date_gmt":"2025-09-08T17:25:52","guid":{"rendered":"https:\/\/sp1hrubieszow.pl\/?page_id=28933"},"modified":"2025-09-08T21:14:43","modified_gmt":"2025-09-08T19:14:43","slug":"vii-potyczki-zakowe-rubenalia-2025","status":"publish","type":"page","link":"https:\/\/sp1hrubieszow.pl\/index.php\/kronika-2020-2021\/vii-potyczki-zakowe-rubenalia-2025\/","title":{"rendered":"VII POTYCZKI \u017bAKOWE \u2013 Rubenalia 2025\u00a0"},"content":{"rendered":"\n<p data-start=\"50\" data-end=\"273\"><span style=\"color: #000080;\">7 wrze\u015bnia nasza reprezentacja wzi\u0119\u0142a udzia\u0142 w VII Potyczkach \u017bakowych, kt\u00f3re odby\u0142y si\u0119 w ramach \u015bwi\u0119ta miasta <strong data-start=\"162\" data-end=\"180\">Rubenalia 2025<\/strong>. Emocji nie brakowa\u0142o \u2013 rywalizacja by\u0142a niezwykle zaci\u0119ta i wyr\u00f3wnana do samego ko\u0144ca. \ud83c\udfc6<\/span><\/p>\n<p data-start=\"275\" data-end=\"499\"><span style=\"color: #000080;\">Ostatecznie zaj\u0119li\u015bmy <strong data-start=\"297\" data-end=\"312\">III miejsce<\/strong>, cho\u0107 do zwyci\u0119stwa zabrak\u0142o naprawd\u0119 niewiele! \ud83d\udcaa Jednak dla nas to w\u0142a\u015bnie nasza dru\u017cyna jest numerem <strong data-start=\"417\" data-end=\"424\">1\ufe0f\u20e3<\/strong> \u2013 pe\u0142na energii, odwagi i ducha walki, jak na uczni\u00f3w Jedynki przysta\u0142o!<\/span><\/p>\n<p data-start=\"501\" data-end=\"702\"><span style=\"color: #000080;\">\ud83d\udc4f Serdeczne gratulacje dla naszych wspania\u0142ych reprezentant\u00f3w:<\/span><br data-start=\"564\" data-end=\"567\"><span style=\"color: #000080;\">\u2728 Jakub W\u00f3jcik<\/span><br data-start=\"581\" data-end=\"584\"><span style=\"color: #000080;\">\u2728 Aleksandra Paczos<\/span><br data-start=\"603\" data-end=\"606\"><span style=\"color: #000080;\">\u2728 Wiktoria Ha\u0142asa<\/span><br data-start=\"623\" data-end=\"626\"><span style=\"color: #000080;\">\u2728 Hanna Sidorczuk<\/span><br data-start=\"643\" data-end=\"646\"><span style=\"color: #000080;\">\u2728 Martyna Rycerz<\/span><br data-start=\"662\" data-end=\"665\"><span style=\"color: #000080;\">\u2728 Larysa Zimon<\/span><br data-start=\"679\" data-end=\"682\"><span style=\"color: #000080;\">\u2728 Szymon Paw\u0142owski<\/span><\/p>\n<p data-start=\"704\" data-end=\"831\"><span style=\"color: #000080;\">Jeste\u015bmy z Was ogromnie dumni! \u2764\ufe0f<\/span><br data-start=\"737\" data-end=\"740\"><span style=\"color: #000080;\">A ju\u017c dzi\u015b wiemy jedno \u2013 za rok wr\u00f3cimy jeszcze silniejsi i si\u0119gniemy po zwyci\u0119stwo! \ud83d\ude80\ud83d\udd25<\/span><\/p>\n<p style=\"text-align: right;\" data-start=\"704\" data-end=\"831\"><span style=\"color: #000080;\">Marta Lackowska&nbsp;<\/span><\/p>\nngg_shortcode_0_placeholder\nngg_shortcode_1_placeholder\n","protected":false},"excerpt":{"rendered":"<p>7 wrze\u015bnia nasza reprezentacja wzi\u0119\u0142a udzia\u0142 w VII Potyczkach \u017bakowych, kt\u00f3re odby\u0142y si\u0119 w ramach \u015bwi\u0119ta miasta Rubenalia 2025. Emocji nie brakowa\u0142o \u2013 rywalizacja by\u0142a niezwykle zaci\u0119ta i wyr\u00f3wnana do samego ko\u0144ca. \ud83c\udfc6 Ostatecznie zaj\u0119li\u015bmy III miejsce, cho\u0107 do zwyci\u0119stwa zabrak\u0142o naprawd\u0119 niewiele! \ud83d\udcaa Jednak dla nas to w\u0142a\u015bnie nasza dru\u017cyna jest numerem 1\ufe0f\u20e3 \u2013 [&hellip;]<\/p>\n","protected":false},"author":2,"featured_media":0,"parent":5983,"menu_order":0,"comment_status":"closed","ping_status":"closed","template":"","meta":{"ngg_post_thumbnail":0,"footnotes":""},"class_list":["post-28933","page","type-page","status-publish","hentry"],"_links":{"self":[{"href":"https:\/\/sp1hrubieszow.pl\/index.php\/wp-json\/wp\/v2\/pages\/28933","targetHints":{"allow":["GET"]}}],"collection":[{"href":"https:\/\/sp1hrubieszow.pl\/index.php\/wp-json\/wp\/v2\/pages"}],"about":[{"href":"https:\/\/sp1hrubieszow.pl\/index.php\/wp-json\/wp\/v2\/types\/page"}],"author":[{"embeddable":true,"href":"https:\/\/sp1hrubieszow.pl\/index.php\/wp-json\/wp\/v2\/users\/2"}],"replies":[{"embeddable":true,"href":"https:\/\/sp1hrubieszow.pl\/index.php\/wp-json\/wp\/v2\/comments?post=28933"}],"version-history":[{"count":3,"href":"https:\/\/sp1hrubieszow.pl\/index.php\/wp-json\/wp\/v2\/pages\/28933\/revisions"}],"predecessor-version":[{"id":28946,"href":"https:\/\/sp1hrubieszow.pl\/index.php\/wp-json\/wp\/v2\/pages\/28933\/revisions\/28946"}],"up":[{"embeddable":true,"href":"https:\/\/sp1hrubieszow.pl\/index.php\/wp-json\/wp\/v2\/pages\/5983"}],"wp:attachment":[{"href":"https:\/\/sp1hrubieszow.pl\/index.php\/wp-json\/wp\/v2\/media?parent=28933"}],"curies":[{"name":"wp","href":"https:\/\/api.w.org\/{rel}","templated":true}]}}