{"id":28905,"date":"2025-09-08T18:14:34","date_gmt":"2025-09-08T16:14:34","guid":{"rendered":"https:\/\/sp1hrubieszow.pl\/?page_id=28905"},"modified":"2025-09-08T18:15:24","modified_gmt":"2025-09-08T16:15:24","slug":"narodowe-czytanie-2025","status":"publish","type":"page","link":"https:\/\/sp1hrubieszow.pl\/index.php\/kronika-2020-2021\/narodowe-czytanie-2025\/","title":{"rendered":"Narodowe Czytanie 2025"},"content":{"rendered":"\n<p><span style=\"color: #000080;\">Poezja Jana Kochanowskiego towarzyszy nam od pokole\u0144. G\u0142\u0119boka, napisana wspania\u0142\u0105 polszczyzn\u0105 opowiada o czasach dawnych, ale przecie\u017c bez trudu odnajdziemy w niej samych siebie \u2013 wsp\u00f3\u0142czesnych Polak\u00f3w \u2013 zaznaczy\u0142 Prezydent RP, zapraszaj\u0105c do wsp\u00f3lnej lektury.<\/span><\/p>\nngg_shortcode_0_placeholder\n","protected":false},"excerpt":{"rendered":"<p>Poezja Jana Kochanowskiego towarzyszy nam od pokole\u0144. G\u0142\u0119boka, napisana wspania\u0142\u0105 polszczyzn\u0105 opowiada o czasach dawnych, ale przecie\u017c bez trudu odnajdziemy w niej samych siebie \u2013 wsp\u00f3\u0142czesnych Polak\u00f3w \u2013 zaznaczy\u0142 Prezydent RP, zapraszaj\u0105c do wsp\u00f3lnej lektury.<\/p>\n","protected":false},"author":2,"featured_media":0,"parent":5983,"menu_order":0,"comment_status":"closed","ping_status":"closed","template":"","meta":{"ngg_post_thumbnail":0,"footnotes":""},"class_list":["post-28905","page","type-page","status-publish","hentry"],"_links":{"self":[{"href":"https:\/\/sp1hrubieszow.pl\/index.php\/wp-json\/wp\/v2\/pages\/28905","targetHints":{"allow":["GET"]}}],"collection":[{"href":"https:\/\/sp1hrubieszow.pl\/index.php\/wp-json\/wp\/v2\/pages"}],"about":[{"href":"https:\/\/sp1hrubieszow.pl\/index.php\/wp-json\/wp\/v2\/types\/page"}],"author":[{"embeddable":true,"href":"https:\/\/sp1hrubieszow.pl\/index.php\/wp-json\/wp\/v2\/users\/2"}],"replies":[{"embeddable":true,"href":"https:\/\/sp1hrubieszow.pl\/index.php\/wp-json\/wp\/v2\/comments?post=28905"}],"version-history":[{"count":1,"href":"https:\/\/sp1hrubieszow.pl\/index.php\/wp-json\/wp\/v2\/pages\/28905\/revisions"}],"predecessor-version":[{"id":28906,"href":"https:\/\/sp1hrubieszow.pl\/index.php\/wp-json\/wp\/v2\/pages\/28905\/revisions\/28906"}],"up":[{"embeddable":true,"href":"https:\/\/sp1hrubieszow.pl\/index.php\/wp-json\/wp\/v2\/pages\/5983"}],"wp:attachment":[{"href":"https:\/\/sp1hrubieszow.pl\/index.php\/wp-json\/wp\/v2\/media?parent=28905"}],"curies":[{"name":"wp","href":"https:\/\/api.w.org\/{rel}","templated":true}]}}