{"id":2890,"date":"2019-11-12T20:45:55","date_gmt":"2019-11-12T19:45:55","guid":{"rendered":"http:\/\/sp1.hrubieszow.info\/?page_id=2890"},"modified":"2019-11-12T20:46:24","modified_gmt":"2019-11-12T19:46:24","slug":"ogolnopolskie-zawody-modeli-szybowcow-halowych-klasy-f1n-w-tarnobrzegu","status":"publish","type":"page","link":"https:\/\/sp1hrubieszow.pl\/index.php\/kronika-2019-2020\/ogolnopolskie-zawody-modeli-szybowcow-halowych-klasy-f1n-w-tarnobrzegu\/","title":{"rendered":"Og\u00f3lnopolskie Zawody Modeli Szybowc\u00f3w Halowych klasy F1N w\u00a0Tarnobrzegu"},"content":{"rendered":"\n<p align=\"JUSTIFY\"><span style=\"color: #000066;\"><span style=\"font-family: Arial, sans-serif;\"><span style=\"font-size: medium;\">W dniu 09.11.2019r. modelarze z Uczniowskiego Klubu Sportowego \u201eJedynka\u201d w&nbsp;Hrubieszowie uczestniczyli w Og\u00f3lnopolskich Zawodach Modeli Szybowc\u00f3w Halowych klasy F1N w&nbsp;Tarnobrzegu. Organizatorem tych zawod\u00f3w by\u0142 Miejski O\u015brodek Sportu i&nbsp;Rekreacji w Tarnobrzegu. W zawodach tych uczestniczyli zawodnicy z nast\u0119puj\u0105cych Klub\u00f3w: Aeroklub Warszawski, Aeroklub Stalowowolski, Aeroklub Krakowski, Aeroklub Rzeszowski, OSiR w Suwa\u0142kach, Modelarnia LOK Bieru\u0144, Modelarnia w \u0141asku, Modelarnia w Tarnobrzegu, MOKSiR w Chrzanowie, UKS \u201eJedynka\u201d w Hrubieszowie.<\/span><\/span><\/span><\/p>\n<p align=\"JUSTIFY\"><span style=\"color: #000066;\"><span style=\"font-family: Arial, sans-serif;\"><span style=\"font-size: medium;\">Jedynka wystartowa\u0142a w sk\u0142adzie: <\/span><\/span><\/span><\/p>\n<ol>\n<li>\n<p><span style=\"color: #000066;\"><span style=\"font-family: Arial, sans-serif;\"><span style=\"font-size: medium;\">Chomiak Jakub<\/span><\/span><\/span><\/p>\n<\/li>\n<li>\n<p><span style=\"color: #000066;\"><span style=\"font-family: Arial, sans-serif;\"><span style=\"font-size: medium;\">Pasieka Filip<\/span><\/span><\/span><\/p>\n<\/li>\n<li>\n<p><span style=\"color: #000066;\"><span style=\"font-family: Arial, sans-serif;\"><span style=\"font-size: medium;\">Szumiata Karol<\/span><\/span><\/span><\/p>\n<\/li>\n<li>\n<p><span style=\"color: #000066;\"><span style=\"font-family: Arial, sans-serif;\"><span style=\"font-size: medium;\">Mi\u0119czak Mateusz<\/span><\/span><\/span><\/p>\n<\/li>\n<li>\n<p><span style=\"color: #000066;\"><span style=\"font-family: Arial, sans-serif;\"><span style=\"font-size: medium;\">Kopera Jakub<\/span><\/span><\/span><\/p>\n<\/li>\n<li>\n<p><span style=\"color: #000066;\"><span style=\"font-family: Arial, sans-serif;\"><span style=\"font-size: medium;\">Wezgraj Jakub <\/span><\/span><\/span><\/p>\n<\/li>\n<\/ol>\n<p><span style=\"color: #000066;\"><span style=\"font-family: Arial, sans-serif;\"><span style=\"font-size: medium;\">Miejsca naszych modelarzy:<\/span><\/span><\/span><\/p>\n<p><span style=\"color: #000066;\"><span style=\"font-family: Arial, sans-serif;\"><span style=\"font-size: medium;\"><u>Kategoria wiekowa m\u0142odzik:<\/u><\/span><\/span><\/span><\/p>\n<p><span style=\"color: #000066;\"><span style=\"font-family: Arial, sans-serif;\"><span style=\"font-size: medium;\">I miejsce Stasiulewicz Piotr \u2013 Aeroklub Warszawski<\/span><\/span><\/span><\/p>\n<p><span style=\"color: #000066;\"><span style=\"font-family: Arial, sans-serif;\"><span style=\"font-size: medium;\">II miejsce Kruk Micha\u0142 \u2013 Aeroklub Stalowowolski<\/span><\/span><\/span><\/p>\n<p><span style=\"color: #000066;\"><span style=\"font-family: Arial, sans-serif;\"><span style=\"font-size: medium;\">III miejsce Durkalec Barbara \u2013 LOK Bieru\u0144<\/span><\/span><\/span><\/p>\n<p><span style=\"color: #000066;\"><span style=\"font-family: Arial, sans-serif;\"><span style=\"font-size: medium;\"><b>IV miejsce Szumiata Karol \u2013 UKS \u201eJedynka\u201d Hrubiesz\u00f3w<\/b><\/span><\/span><\/span><\/p>\n<p><span style=\"color: #000066;\"><span style=\"font-family: Arial, sans-serif;\"><span style=\"font-size: medium;\"><b>XVII miejsce Pasieka Filip \u2013 UKS \u201eJedynka\u201d Hrubiesz\u00f3w<\/b><\/span><\/span><\/span><\/p>\n<p><span style=\"color: #000066;\"><span style=\"font-family: Arial, sans-serif;\"><span style=\"font-size: medium;\"><b>XVIII miejsce Chomiak Jakub \u2013 UKS \u201eJedynka\u201d Hrubiesz\u00f3w<\/b><\/span><\/span><\/span><\/p>\n<p><span style=\"color: #000066;\"><span style=\"font-family: Arial, sans-serif;\"><span style=\"font-size: medium;\"><u>Kategoria wiekowa junior m\u0142odszy:<\/u><\/span><\/span><\/span><\/p>\n<p><span style=\"color: #000066;\"><span style=\"font-family: Arial, sans-serif;\"><span style=\"font-size: medium;\">I miejsce Budzik Tomasz \u2013 Aeroklub Warszawski<\/span><\/span><\/span><\/p>\n<p><span style=\"color: #000066;\"><span style=\"font-family: Arial, sans-serif;\"><span style=\"font-size: medium;\"><b>II miejsce Mi\u0119czak Mateusz \u2013 UKS \u201eJedynka\u201d Hrubiesz\u00f3w<\/b><\/span><\/span><\/span><\/p>\n<p><span style=\"color: #000066;\"><span style=\"font-family: Arial, sans-serif;\"><span style=\"font-size: medium;\">III miejsce Bulzacki Miko\u0142aj \u2013 Modelarnia w \u0141asku<\/span><\/span><\/span><\/p>\n<p><span style=\"color: #000066;\"><span style=\"font-family: Arial, sans-serif;\"><span style=\"font-size: medium;\"><u>Kategoria wiekowa junior:<\/u><\/span><\/span><\/span><\/p>\n<p><span style=\"color: #000066;\"><span style=\"font-family: Arial, sans-serif;\"><span style=\"font-size: medium;\">I miejsce Jajko Micha\u0142 \u2013 Aeroklub Stalowowolski<\/span><\/span><\/span><\/p>\n<p><span style=\"color: #000066;\"><span style=\"font-family: Arial, sans-serif;\"><span style=\"font-size: medium;\"><b>II miejsce Wezgraj Jakub \u2013 UKS \u201eJedynka\u201d Hrubiesz\u00f3w<\/b><\/span><\/span><\/span><\/p>\n<p><span style=\"color: #000066;\"><span style=\"font-family: Arial, sans-serif;\"><span style=\"font-size: medium;\">III miejsce Truchan Hubert \u2013 OSiR w Suwa\u0142kach<\/span><\/span><\/span><\/p>\n<p><span style=\"color: #000066;\"><span style=\"font-family: Arial, sans-serif;\"><span style=\"font-size: medium;\">IV miejsce Paciejewski Stanis\u0142aw \u2013 Aeroklub Warszawski<\/span><\/span><\/span><\/p>\n<p><span style=\"color: #000066;\"><span style=\"font-family: Arial, sans-serif;\"><span style=\"font-size: medium;\"><b>V miejsce Kopera Jakub \u2013 UKS \u201eJedynka\u201d Hrubiesz\u00f3w<\/b><\/span><\/span><\/span><\/p>\nngg_shortcode_0_placeholder\n","protected":false},"excerpt":{"rendered":"<p>W dniu 09.11.2019r. modelarze z Uczniowskiego Klubu Sportowego \u201eJedynka\u201d w&nbsp;Hrubieszowie uczestniczyli w Og\u00f3lnopolskich Zawodach Modeli Szybowc\u00f3w Halowych klasy F1N w&nbsp;Tarnobrzegu. Organizatorem tych zawod\u00f3w by\u0142 Miejski O\u015brodek Sportu i&nbsp;Rekreacji w Tarnobrzegu. W zawodach tych uczestniczyli zawodnicy z nast\u0119puj\u0105cych Klub\u00f3w: Aeroklub Warszawski, Aeroklub Stalowowolski, Aeroklub Krakowski, Aeroklub Rzeszowski, OSiR w Suwa\u0142kach, Modelarnia LOK Bieru\u0144, Modelarnia w \u0141asku, [&hellip;]<\/p>\n","protected":false},"author":2,"featured_media":0,"parent":2167,"menu_order":0,"comment_status":"closed","ping_status":"closed","template":"","meta":{"ngg_post_thumbnail":0,"footnotes":""},"class_list":["post-2890","page","type-page","status-publish","hentry"],"_links":{"self":[{"href":"https:\/\/sp1hrubieszow.pl\/index.php\/wp-json\/wp\/v2\/pages\/2890","targetHints":{"allow":["GET"]}}],"collection":[{"href":"https:\/\/sp1hrubieszow.pl\/index.php\/wp-json\/wp\/v2\/pages"}],"about":[{"href":"https:\/\/sp1hrubieszow.pl\/index.php\/wp-json\/wp\/v2\/types\/page"}],"author":[{"embeddable":true,"href":"https:\/\/sp1hrubieszow.pl\/index.php\/wp-json\/wp\/v2\/users\/2"}],"replies":[{"embeddable":true,"href":"https:\/\/sp1hrubieszow.pl\/index.php\/wp-json\/wp\/v2\/comments?post=2890"}],"version-history":[{"count":1,"href":"https:\/\/sp1hrubieszow.pl\/index.php\/wp-json\/wp\/v2\/pages\/2890\/revisions"}],"predecessor-version":[{"id":2891,"href":"https:\/\/sp1hrubieszow.pl\/index.php\/wp-json\/wp\/v2\/pages\/2890\/revisions\/2891"}],"up":[{"embeddable":true,"href":"https:\/\/sp1hrubieszow.pl\/index.php\/wp-json\/wp\/v2\/pages\/2167"}],"wp:attachment":[{"href":"https:\/\/sp1hrubieszow.pl\/index.php\/wp-json\/wp\/v2\/media?parent=2890"}],"curies":[{"name":"wp","href":"https:\/\/api.w.org\/{rel}","templated":true}]}}