{"id":28891,"date":"2025-09-05T19:04:17","date_gmt":"2025-09-05T17:04:17","guid":{"rendered":"https:\/\/sp1hrubieszow.pl\/?page_id=28891"},"modified":"2025-09-05T19:05:01","modified_gmt":"2025-09-05T17:05:01","slug":"zaproszenie-do-udzialu-w-v-edycji-miedzyszkolnego-konkursu-plastycznego-pt-mediacja-sposobem-na-konflikt","status":"publish","type":"page","link":"https:\/\/sp1hrubieszow.pl\/index.php\/kronika-2020-2021\/zaproszenie-do-udzialu-w-v-edycji-miedzyszkolnego-konkursu-plastycznego-pt-mediacja-sposobem-na-konflikt\/","title":{"rendered":"Zaproszenie do udzia\u0142u w V edycji mi\u0119dzyszkolnego konkursu plastycznego pt. &#8222;Mediacja sposobem na konflikt&#8221;"},"content":{"rendered":"\n<div class=\"xdj266r x14z9mp xat24cr x1lziwak x1vvkbs x126k92a\">\n<div dir=\"auto\"><span style=\"font-size: 1rem; color: #000080;\">Zapraszamy uczni\u00f3w szk\u00f3\u0142 podstawowych i ponadpodstawowych do udzia\u0142u w konkursie promuj\u0105cym mediacj\u0119, jako konstruktywny<\/span><\/div>\n<\/div>\n<div class=\"x14z9mp xat24cr x1lziwak x1vvkbs xtlvy1s x126k92a\">\n<div dir=\"auto\"><span style=\"color: #000080;\">i pozbawiony przemocy spos\u00f3b rozwi\u0105zywania konflikt\u00f3w. Konkurs organizowany jest po raz pi\u0105ty i przebiega pod honorowym patronatem Burmistrza Miasta Marty Majewskiej oraz Prezesa S\u0105du Rejonowego w Hrubieszowie.<\/span><\/div>\n<div dir=\"auto\"><span style=\"color: #000080;\">Termin sk\u0142adania prac na konkurs: 03.10.2025r. <\/span><\/div>\n<div dir=\"auto\"><span style=\"color: #000080;\">Poni\u017cej zamieszczamy regulamin konkursu.<\/span><\/div>\n<div dir=\"auto\">&nbsp;<\/div>\n<div dir=\"auto\"><a href=\"https:\/\/sp1hrubieszow.pl\/wp-content\/uploads\/2025\/09\/Regulamin-miedzyszkolnego-konkursu-plastycznego-pt.-Mediacja-sposobem-na-konflikt-edycja-V-2025r.pdf\"><span style=\"color: #000080;\"><strong>Regulamin mi\u0119dzyszkolnego konkursu plastycznego pt. Mediacja sposobem na konflikt-edycja V-2025r.<\/strong><\/span><\/a><\/div>\n<div dir=\"auto\">&nbsp;<\/div>\n<div dir=\"auto\">&nbsp;<\/div>\n<\/div>\n\n\n","protected":false},"excerpt":{"rendered":"<p>Zapraszamy uczni\u00f3w szk\u00f3\u0142 podstawowych i ponadpodstawowych do udzia\u0142u w konkursie promuj\u0105cym mediacj\u0119, jako konstruktywny i pozbawiony przemocy spos\u00f3b rozwi\u0105zywania konflikt\u00f3w. Konkurs organizowany jest po raz pi\u0105ty i przebiega pod honorowym patronatem Burmistrza Miasta Marty Majewskiej oraz Prezesa S\u0105du Rejonowego w Hrubieszowie. Termin sk\u0142adania prac na konkurs: 03.10.2025r. Poni\u017cej zamieszczamy regulamin konkursu. &nbsp; Regulamin mi\u0119dzyszkolnego konkursu [&hellip;]<\/p>\n","protected":false},"author":2,"featured_media":0,"parent":5983,"menu_order":0,"comment_status":"closed","ping_status":"closed","template":"","meta":{"ngg_post_thumbnail":0,"footnotes":""},"class_list":["post-28891","page","type-page","status-publish","hentry"],"_links":{"self":[{"href":"https:\/\/sp1hrubieszow.pl\/index.php\/wp-json\/wp\/v2\/pages\/28891","targetHints":{"allow":["GET"]}}],"collection":[{"href":"https:\/\/sp1hrubieszow.pl\/index.php\/wp-json\/wp\/v2\/pages"}],"about":[{"href":"https:\/\/sp1hrubieszow.pl\/index.php\/wp-json\/wp\/v2\/types\/page"}],"author":[{"embeddable":true,"href":"https:\/\/sp1hrubieszow.pl\/index.php\/wp-json\/wp\/v2\/users\/2"}],"replies":[{"embeddable":true,"href":"https:\/\/sp1hrubieszow.pl\/index.php\/wp-json\/wp\/v2\/comments?post=28891"}],"version-history":[{"count":1,"href":"https:\/\/sp1hrubieszow.pl\/index.php\/wp-json\/wp\/v2\/pages\/28891\/revisions"}],"predecessor-version":[{"id":28892,"href":"https:\/\/sp1hrubieszow.pl\/index.php\/wp-json\/wp\/v2\/pages\/28891\/revisions\/28892"}],"up":[{"embeddable":true,"href":"https:\/\/sp1hrubieszow.pl\/index.php\/wp-json\/wp\/v2\/pages\/5983"}],"wp:attachment":[{"href":"https:\/\/sp1hrubieszow.pl\/index.php\/wp-json\/wp\/v2\/media?parent=28891"}],"curies":[{"name":"wp","href":"https:\/\/api.w.org\/{rel}","templated":true}]}}