{"id":28886,"date":"2025-09-05T14:22:21","date_gmt":"2025-09-05T12:22:21","guid":{"rendered":"https:\/\/sp1hrubieszow.pl\/?page_id=28886"},"modified":"2025-09-05T14:22:57","modified_gmt":"2025-09-05T12:22:57","slug":"od-ojca-literatury-do-prusa","status":"publish","type":"page","link":"https:\/\/sp1hrubieszow.pl\/index.php\/kronika-2020-2021\/od-ojca-literatury-do-prusa\/","title":{"rendered":"\u201eOd Ojca literatury do Prusa\u201d"},"content":{"rendered":"\n<div class=\"x14z9mp xat24cr x1lziwak x1vvkbs xtlvy1s x126k92a\">\n<div dir=\"auto\"><span style=\"color: #000080;\">5 wrze\u015bnia 2025 r. w Szkole Podstawowej nr 1 odby\u0142o si\u0119 wyj\u0105tkowe wydarzenie z okazji 625-lecia Hrubieszowa i 60-lecia naszej szko\u0142y.<\/span><\/div>\n<\/div>\n<div class=\"x14z9mp xat24cr x1lziwak x1vvkbs xtlvy1s x126k92a\">\n<div dir=\"auto\"><span style=\"color: #000080;\">Pod has\u0142em \u201eOd Ojca literatury do Prusa\u201d po\u0142\u0105czyli\u015bmy Narodowe Czytanie Jana Kochanowskiego z przypomnieniem postaci naszego patrona \u2013 Boles\u0142awa Prusa.<\/span><\/div>\n<\/div>\n<div class=\"x14z9mp xat24cr x1lziwak x1vvkbs xtlvy1s x126k92a\">\n<div dir=\"auto\"><span style=\"color: #000080;\">W uroczysto\u015bci wzi\u0119li udzia\u0142: Zast\u0119pca Burmistrza Hrubieszowa Pan Pawe\u0142 Wojciechowski, dyrektor szko\u0142y Pani Edyta Kucharska oraz przyjaciel naszego miasta i szko\u0142y &#8211; prof. Zbigniew Grochowski, kt\u00f3ry wyg\u0142osi\u0142 niezwykle ciekawy wyk\u0142ad. Go\u015bcili\u015bmy r\u00f3wnie\u017c uczni\u00f3w i nauczycieli ze Szko\u0142y Podstawowej nr 2 i Szko\u0142y Podstawowej nr 3 w Hrubieszowie,<\/span><\/div>\n<\/div>\n<div class=\"x14z9mp xat24cr x1lziwak x1vvkbs xtlvy1s x126k92a\">\n<div dir=\"auto\"><span style=\"color: #000080;\">Podczas spotkania wr\u0119czyli\u015bmy tak\u017ce nagrody w mi\u0119dzyszkolnym konkursie fotograficznym <\/span><span style=\"color: #000080;\">\u201eHrubiesz\u00f3w na Przestrzeni Czasu: 625 Lat Historii i Rozwoju\u201d.<\/span><\/div>\n<\/div>\n<div class=\"x14z9mp xat24cr x1lziwak x1vvkbs xtlvy1s x126k92a\">\n<div dir=\"auto\"><span style=\"color: #000080;\"><span class=\"html-span xexx8yu xyri2b x18d9i69 x1c1uobl x1hl2dhg x16tdsg8 x1vvkbs x3nfvp2 x1j61x8r x1fcty0u xdj266r xat24cr xm2jcoa x1mpyi22 xxymvpz xlup9mm x1kky2od\"><img loading=\"lazy\" decoding=\"async\" class=\"xz74otr x15mokao x1ga7v0g x16uus16 xbiv7yw\" src=\"https:\/\/static.xx.fbcdn.net\/images\/emoji.php\/v9\/tf4\/1\/16\/2728.png\" alt=\"\u2728\" width=\"16\" height=\"16\"><\/span> Laureaci klas 1\u20133:<\/span><\/div>\n<div dir=\"auto\"><span style=\"color: #000080;\"><span class=\"html-span xexx8yu xyri2b x18d9i69 x1c1uobl x1hl2dhg x16tdsg8 x1vvkbs x3nfvp2 x1j61x8r x1fcty0u xdj266r xat24cr xm2jcoa x1mpyi22 xxymvpz xlup9mm x1kky2od\"><img loading=\"lazy\" decoding=\"async\" class=\"xz74otr x15mokao x1ga7v0g x16uus16 xbiv7yw\" src=\"https:\/\/static.xx.fbcdn.net\/images\/emoji.php\/v9\/t7a\/1\/16\/31_20e3.png\" alt=\"1\ufe0f\u20e3\" width=\"16\" height=\"16\"><\/span> Sebastian Wojtiuk (SP2)<\/span><\/div>\n<div dir=\"auto\"><span style=\"color: #000080;\"><span class=\"html-span xexx8yu xyri2b x18d9i69 x1c1uobl x1hl2dhg x16tdsg8 x1vvkbs x3nfvp2 x1j61x8r x1fcty0u xdj266r xat24cr xm2jcoa x1mpyi22 xxymvpz xlup9mm x1kky2od\"><img loading=\"lazy\" decoding=\"async\" class=\"xz74otr x15mokao x1ga7v0g x16uus16 xbiv7yw\" src=\"https:\/\/static.xx.fbcdn.net\/images\/emoji.php\/v9\/t99\/1\/16\/32_20e3.png\" alt=\"2\ufe0f\u20e3\" width=\"16\" height=\"16\"><\/span> \u0141ucja Seweryn (SP2)<\/span><\/div>\n<div dir=\"auto\"><span style=\"color: #000080;\"><span class=\"html-span xexx8yu xyri2b x18d9i69 x1c1uobl x1hl2dhg x16tdsg8 x1vvkbs x3nfvp2 x1j61x8r x1fcty0u xdj266r xat24cr xm2jcoa x1mpyi22 xxymvpz xlup9mm x1kky2od\"><img loading=\"lazy\" decoding=\"async\" class=\"xz74otr x15mokao x1ga7v0g x16uus16 xbiv7yw\" src=\"https:\/\/static.xx.fbcdn.net\/images\/emoji.php\/v9\/tb8\/1\/16\/33_20e3.png\" alt=\"3\ufe0f\u20e3\" width=\"16\" height=\"16\"><\/span> Anna Wawryk (SP1)<\/span><\/div>\n<div dir=\"auto\"><span style=\"color: #000080;\">Wyr\u00f3\u017cnienia: Nikola G\u0142owacz, Blanka Nowak, Krzysztof Bondyra-Dzieniak, Lidia Koz\u0142owska (wszyscy SP1)<\/span><\/div>\n<\/div>\n<div class=\"x14z9mp xat24cr x1lziwak x1vvkbs xtlvy1s x126k92a\">\n<div dir=\"auto\"><span style=\"color: #000080;\"><span class=\"html-span xexx8yu xyri2b x18d9i69 x1c1uobl x1hl2dhg x16tdsg8 x1vvkbs x3nfvp2 x1j61x8r x1fcty0u xdj266r xat24cr xm2jcoa x1mpyi22 xxymvpz xlup9mm x1kky2od\"><img loading=\"lazy\" decoding=\"async\" class=\"xz74otr x15mokao x1ga7v0g x16uus16 xbiv7yw\" src=\"https:\/\/static.xx.fbcdn.net\/images\/emoji.php\/v9\/tf4\/1\/16\/2728.png\" alt=\"\u2728\" width=\"16\" height=\"16\"><\/span> Laureaci klas 4\u20138:<\/span><\/div>\n<div dir=\"auto\"><span style=\"color: #000080;\"><span class=\"html-span xexx8yu xyri2b x18d9i69 x1c1uobl x1hl2dhg x16tdsg8 x1vvkbs x3nfvp2 x1j61x8r x1fcty0u xdj266r xat24cr xm2jcoa x1mpyi22 xxymvpz xlup9mm x1kky2od\"><img loading=\"lazy\" decoding=\"async\" class=\"xz74otr x15mokao x1ga7v0g x16uus16 xbiv7yw\" src=\"https:\/\/static.xx.fbcdn.net\/images\/emoji.php\/v9\/t7a\/1\/16\/31_20e3.png\" alt=\"1\ufe0f\u20e3\" width=\"16\" height=\"16\"><\/span> Bartosz D\u0105browski (SP1)<\/span><\/div>\n<div dir=\"auto\"><span style=\"color: #000080;\"><span class=\"html-span xexx8yu xyri2b x18d9i69 x1c1uobl x1hl2dhg x16tdsg8 x1vvkbs x3nfvp2 x1j61x8r x1fcty0u xdj266r xat24cr xm2jcoa x1mpyi22 xxymvpz xlup9mm x1kky2od\"><img loading=\"lazy\" decoding=\"async\" class=\"xz74otr x15mokao x1ga7v0g x16uus16 xbiv7yw\" src=\"https:\/\/static.xx.fbcdn.net\/images\/emoji.php\/v9\/t99\/1\/16\/32_20e3.png\" alt=\"2\ufe0f\u20e3\" width=\"16\" height=\"16\"><\/span> Hubert Wawryk (SP1)<\/span><\/div>\n<div dir=\"auto\"><span style=\"color: #000080;\"><span class=\"html-span xexx8yu xyri2b x18d9i69 x1c1uobl x1hl2dhg x16tdsg8 x1vvkbs x3nfvp2 x1j61x8r x1fcty0u xdj266r xat24cr xm2jcoa x1mpyi22 xxymvpz xlup9mm x1kky2od\"><img loading=\"lazy\" decoding=\"async\" class=\"xz74otr x15mokao x1ga7v0g x16uus16 xbiv7yw\" src=\"https:\/\/static.xx.fbcdn.net\/images\/emoji.php\/v9\/tb8\/1\/16\/33_20e3.png\" alt=\"3\ufe0f\u20e3\" width=\"16\" height=\"16\"><\/span> Gabriela Skowron-Dzieniak (SP1)<\/span><\/div>\n<div dir=\"auto\"><span style=\"color: #000080;\">Wyr\u00f3\u017cnienie: Mi\u0142osz Raczy\u0144ski (SP1)<\/span><\/div>\n<\/div>\n<div class=\"x14z9mp xat24cr x1lziwak x1vvkbs xtlvy1s x126k92a\">\n<div dir=\"auto\"><span style=\"color: #000080;\">Ca\u0142o\u015b\u0107 spotkania zosta\u0142a przygotowana przez pani\u0105 Ew\u0119 Szostak i pani\u0105 Mart\u0119 Lackowsk\u0105.<\/span><\/div>\n<\/div>\n<div class=\"x14z9mp xat24cr x1lziwak x1vvkbs xtlvy1s x126k92a\">\n<div dir=\"auto\"><span style=\"color: #000080;\">Dzi\u0119kujemy wszystkim uczniom, nauczycielom i go\u015bciom za wsp\u00f3lne \u015bwi\u0119towanie. To by\u0142 pi\u0119kny dzie\u0144 pe\u0142en literatury i historii. <span class=\"html-span xexx8yu xyri2b x18d9i69 x1c1uobl x1hl2dhg x16tdsg8 x1vvkbs x3nfvp2 x1j61x8r x1fcty0u xdj266r xat24cr xm2jcoa x1mpyi22 xxymvpz xlup9mm x1kky2od\"><img loading=\"lazy\" decoding=\"async\" class=\"xz74otr x15mokao x1ga7v0g x16uus16 xbiv7yw\" src=\"https:\/\/static.xx.fbcdn.net\/images\/emoji.php\/v9\/t6c\/1\/16\/1f499.png\" alt=\"\ud83d\udc99\" width=\"16\" height=\"16\"><\/span><span class=\"html-span xexx8yu xyri2b x18d9i69 x1c1uobl x1hl2dhg x16tdsg8 x1vvkbs x3nfvp2 x1j61x8r x1fcty0u xdj266r xat24cr xm2jcoa x1mpyi22 xxymvpz xlup9mm x1kky2od\"><img loading=\"lazy\" decoding=\"async\" class=\"xz74otr x15mokao x1ga7v0g x16uus16 xbiv7yw\" src=\"https:\/\/static.xx.fbcdn.net\/images\/emoji.php\/v9\/t9e\/1\/16\/1f4d6.png\" alt=\"\ud83d\udcd6\" width=\"16\" height=\"16\"><\/span><\/span><\/div>\n<div dir=\"auto\" style=\"text-align: right;\">&nbsp;<\/div>\n<div dir=\"auto\" style=\"text-align: right;\"><span style=\"color: #000080;\">Marta Lackowska<\/span><\/div>\n<div dir=\"auto\">\nngg_shortcode_0_placeholder\n<\/div>\n<\/div>\n\n\n","protected":false},"excerpt":{"rendered":"<p>5 wrze\u015bnia 2025 r. w Szkole Podstawowej nr 1 odby\u0142o si\u0119 wyj\u0105tkowe wydarzenie z okazji 625-lecia Hrubieszowa i 60-lecia naszej szko\u0142y. Pod has\u0142em \u201eOd Ojca literatury do Prusa\u201d po\u0142\u0105czyli\u015bmy Narodowe Czytanie Jana Kochanowskiego z przypomnieniem postaci naszego patrona \u2013 Boles\u0142awa Prusa. W uroczysto\u015bci wzi\u0119li udzia\u0142: Zast\u0119pca Burmistrza Hrubieszowa Pan Pawe\u0142 Wojciechowski, dyrektor szko\u0142y Pani Edyta [&hellip;]<\/p>\n","protected":false},"author":2,"featured_media":0,"parent":5983,"menu_order":0,"comment_status":"closed","ping_status":"closed","template":"","meta":{"ngg_post_thumbnail":0,"footnotes":""},"class_list":["post-28886","page","type-page","status-publish","hentry"],"_links":{"self":[{"href":"https:\/\/sp1hrubieszow.pl\/index.php\/wp-json\/wp\/v2\/pages\/28886","targetHints":{"allow":["GET"]}}],"collection":[{"href":"https:\/\/sp1hrubieszow.pl\/index.php\/wp-json\/wp\/v2\/pages"}],"about":[{"href":"https:\/\/sp1hrubieszow.pl\/index.php\/wp-json\/wp\/v2\/types\/page"}],"author":[{"embeddable":true,"href":"https:\/\/sp1hrubieszow.pl\/index.php\/wp-json\/wp\/v2\/users\/2"}],"replies":[{"embeddable":true,"href":"https:\/\/sp1hrubieszow.pl\/index.php\/wp-json\/wp\/v2\/comments?post=28886"}],"version-history":[{"count":1,"href":"https:\/\/sp1hrubieszow.pl\/index.php\/wp-json\/wp\/v2\/pages\/28886\/revisions"}],"predecessor-version":[{"id":28887,"href":"https:\/\/sp1hrubieszow.pl\/index.php\/wp-json\/wp\/v2\/pages\/28886\/revisions\/28887"}],"up":[{"embeddable":true,"href":"https:\/\/sp1hrubieszow.pl\/index.php\/wp-json\/wp\/v2\/pages\/5983"}],"wp:attachment":[{"href":"https:\/\/sp1hrubieszow.pl\/index.php\/wp-json\/wp\/v2\/media?parent=28886"}],"curies":[{"name":"wp","href":"https:\/\/api.w.org\/{rel}","templated":true}]}}