{"id":28834,"date":"2025-09-01T16:17:29","date_gmt":"2025-09-01T14:17:29","guid":{"rendered":"https:\/\/sp1hrubieszow.pl\/?page_id=28834"},"modified":"2025-09-01T18:01:01","modified_gmt":"2025-09-01T16:01:01","slug":"rozpoczecie-roku-szkolnego-2025-2026","status":"publish","type":"page","link":"https:\/\/sp1hrubieszow.pl\/index.php\/kronika-2020-2021\/rozpoczecie-roku-szkolnego-2025-2026\/","title":{"rendered":"Rozpocz\u0119cie roku szkolnego 2025\/2026"},"content":{"rendered":"\n<div class=\"x14z9mp xat24cr x1lziwak x1vvkbs xtlvy1s x126k92a\">\n<div dir=\"auto\"><span style=\"color: #000080;\">1 wrze\u015bnia o godzinie 9.00 spo\u0142eczno\u015b\u0107 naszej szko\u0142y uroczy\u015bcie rozpocz\u0119\u0142a nowy rok szkolny 2025\/2026. Na placu szkolnym zgromadzili si\u0119 uczniowie, rodzice, nauczyciele oraz zaproszeni go\u015bcie.<\/span><\/div>\n<\/div>\n<div class=\"x14z9mp xat24cr x1lziwak x1vvkbs xtlvy1s x126k92a\">\n<div dir=\"auto\"><span style=\"color: #000080;\">Uroczysto\u015b\u0107 otworzy\u0142a Pani Dyrektor Edyta Kucharska, kt\u00f3ra powita\u0142a wszystkich zebranych, \u017cycz\u0105c im wielu sukces\u00f3w i satysfakcji z nadchodz\u0105cego roku. W spos\u00f3b szczeg\u00f3lny zwr\u00f3ci\u0142a si\u0119 do uczni\u00f3w klas pierwszych, podkre\u015blaj\u0105c, \u017ce rozpoczynaj\u0105 oni swoj\u0105 wa\u017cn\u0105 edukacyjn\u0105 przygod\u0119 i od dzi\u015b staj\u0105 si\u0119 pe\u0142noprawn\u0105 cz\u0119\u015bci\u0105 szkolnej rodziny.<\/span><\/div>\n<\/div>\n<div class=\"x14z9mp xat24cr x1lziwak x1vvkbs xtlvy1s x126k92a\">\n<div dir=\"auto\"><span style=\"color: #000080;\">Nast\u0119pnie g\u0142os zabrali zaproszeni go\u015bcie: Zast\u0119pca Burmistrza &#8211; Pan Pawe\u0142 Wojciechowski, Ksi\u0105dz Proboszcz Marek Giergiel oraz Pani Beata Litwi\u0144czuk &#8211; przewodnicz\u0105ca Rady Rodzic\u00f3w. Wszyscy \u017cyczyli uczniom wytrwa\u0142o\u015bci, odwagi w podejmowaniu nowych wyzwa\u0144 oraz rado\u015bci ze wsp\u00f3lnego tworzenia szkolnej spo\u0142eczno\u015bci.<\/span><\/div>\n<\/div>\n<div class=\"x14z9mp xat24cr x1lziwak x1vvkbs xtlvy1s x126k92a\">\n<div dir=\"auto\"><span style=\"color: #000080;\">Po cz\u0119\u015bci oficjalnej uczniowie udali si\u0119 na spotkania z wychowawcami w swoich klasach. By\u0142a to okazja, by zapozna\u0107 si\u0119 z planami na nowy rok, podzieli\u0107 wakacyjnymi wspomnieniami i rozpocz\u0105\u0107 wsp\u00f3ln\u0105 drog\u0119 ku nowym osi\u0105gni\u0119ciom.<\/span><\/div>\n<\/div>\n<div class=\"x14z9mp xat24cr x1lziwak x1vvkbs xtlvy1s x126k92a\">\n<div dir=\"auto\"><span style=\"color: #000080;\">O godzinie 11.00 przedstawiciele uczni\u00f3w, rodzic\u00f3w i nauczycieli wzi\u0119li udzia\u0142 we Mszy \u015awi\u0119tej w ko\u015bciele Ducha \u015awi\u0119tego. Eucharystia mia\u0142a podw\u00f3jny wymiar \u2013 modlitwy w intencji udanego roku szkolnego oraz upami\u0119tnienie 86. rocznicy wybuchu II wojny \u015bwiatowej.<\/span><\/div>\n<\/div>\n<div class=\"x14z9mp xat24cr x1lziwak x1vvkbs xtlvy1s x126k92a\">\n<div dir=\"auto\"><span style=\"color: #000080;\">\u017byczymy wszystkim uczniom, aby rok szkolny 2025\/2026 by\u0142 czasem pe\u0142nym ciekawych do\u015bwiadcze\u0144, rozwijania talent\u00f3w i zdobywania wiedzy. Niech nie zabraknie w nim tak\u017ce u\u015bmiechu, przyja\u017ani i rado\u015bci z codziennych spotka\u0144 w szkolnych murach. Oby w tym roku szkolnym jedynki pojawia\u0142y si\u0119 tylko w dacie, a nie w dzienniku! <span class=\"html-span xexx8yu xyri2b x18d9i69 x1c1uobl x1hl2dhg x16tdsg8 x1vvkbs x3nfvp2 x1j61x8r x1fcty0u xdj266r xat24cr xm2jcoa x1mpyi22 xxymvpz xlup9mm x1kky2od\"><img loading=\"lazy\" decoding=\"async\" class=\"xz74otr x15mokao x1ga7v0g x16uus16 xbiv7yw\" src=\"https:\/\/static.xx.fbcdn.net\/images\/emoji.php\/v9\/t57\/1\/16\/1f609.png\" alt=\"\ud83d\ude09\" width=\"16\" height=\"16\"><\/span><\/span><\/div>\n<div dir=\"auto\">&nbsp;<\/div>\n<div dir=\"auto\" style=\"text-align: right;\"><span style=\"color: #000080;\">Marta Lackowska<\/span><\/div>\n<div dir=\"auto\" style=\"text-align: right;\"><span style=\"color: #000080;\">zdj\u0119cia: Anna Lewandowska, Ma\u0142gorzata Szumiata<\/span><\/div>\n<div dir=\"auto\">\nngg_shortcode_0_placeholder\n<\/div>\n<div dir=\"auto\">\nngg_shortcode_1_placeholder\n<\/div>\n<\/div>\n","protected":false},"excerpt":{"rendered":"<p>1 wrze\u015bnia o godzinie 9.00 spo\u0142eczno\u015b\u0107 naszej szko\u0142y uroczy\u015bcie rozpocz\u0119\u0142a nowy rok szkolny 2025\/2026. Na placu szkolnym zgromadzili si\u0119 uczniowie, rodzice, nauczyciele oraz zaproszeni go\u015bcie. Uroczysto\u015b\u0107 otworzy\u0142a Pani Dyrektor Edyta Kucharska, kt\u00f3ra powita\u0142a wszystkich zebranych, \u017cycz\u0105c im wielu sukces\u00f3w i satysfakcji z nadchodz\u0105cego roku. W spos\u00f3b szczeg\u00f3lny zwr\u00f3ci\u0142a si\u0119 do uczni\u00f3w klas pierwszych, podkre\u015blaj\u0105c, \u017ce [&hellip;]<\/p>\n","protected":false},"author":2,"featured_media":0,"parent":5983,"menu_order":0,"comment_status":"closed","ping_status":"closed","template":"","meta":{"ngg_post_thumbnail":0,"footnotes":""},"class_list":["post-28834","page","type-page","status-publish","hentry"],"_links":{"self":[{"href":"https:\/\/sp1hrubieszow.pl\/index.php\/wp-json\/wp\/v2\/pages\/28834","targetHints":{"allow":["GET"]}}],"collection":[{"href":"https:\/\/sp1hrubieszow.pl\/index.php\/wp-json\/wp\/v2\/pages"}],"about":[{"href":"https:\/\/sp1hrubieszow.pl\/index.php\/wp-json\/wp\/v2\/types\/page"}],"author":[{"embeddable":true,"href":"https:\/\/sp1hrubieszow.pl\/index.php\/wp-json\/wp\/v2\/users\/2"}],"replies":[{"embeddable":true,"href":"https:\/\/sp1hrubieszow.pl\/index.php\/wp-json\/wp\/v2\/comments?post=28834"}],"version-history":[{"count":2,"href":"https:\/\/sp1hrubieszow.pl\/index.php\/wp-json\/wp\/v2\/pages\/28834\/revisions"}],"predecessor-version":[{"id":28845,"href":"https:\/\/sp1hrubieszow.pl\/index.php\/wp-json\/wp\/v2\/pages\/28834\/revisions\/28845"}],"up":[{"embeddable":true,"href":"https:\/\/sp1hrubieszow.pl\/index.php\/wp-json\/wp\/v2\/pages\/5983"}],"wp:attachment":[{"href":"https:\/\/sp1hrubieszow.pl\/index.php\/wp-json\/wp\/v2\/media?parent=28834"}],"curies":[{"name":"wp","href":"https:\/\/api.w.org\/{rel}","templated":true}]}}