{"id":28816,"date":"2025-08-31T14:30:02","date_gmt":"2025-08-31T12:30:02","guid":{"rendered":"https:\/\/sp1hrubieszow.pl\/?page_id=28816"},"modified":"2025-08-31T14:30:37","modified_gmt":"2025-08-31T12:30:37","slug":"zyczenia-na-nowy-rok-szkolny","status":"publish","type":"page","link":"https:\/\/sp1hrubieszow.pl\/index.php\/kronika-2020-2021\/zyczenia-na-nowy-rok-szkolny\/","title":{"rendered":"\u017byczenia na NOWY ROK SZKOLNY"},"content":{"rendered":"\n<p><img loading=\"lazy\" decoding=\"async\" class=\"alignnone size-medium wp-image-28813 aligncenter\" src=\"https:\/\/sp1hrubieszow.pl\/wp-content\/uploads\/2025\/08\/01-251x300.jpg\" alt=\"\" width=\"251\" height=\"300\" srcset=\"https:\/\/sp1hrubieszow.pl\/wp-content\/uploads\/2025\/08\/01-251x300.jpg 251w, https:\/\/sp1hrubieszow.pl\/wp-content\/uploads\/2025\/08\/01-855x1024.jpg 855w, https:\/\/sp1hrubieszow.pl\/wp-content\/uploads\/2025\/08\/01-768x919.jpg 768w, https:\/\/sp1hrubieszow.pl\/wp-content\/uploads\/2025\/08\/01-624x747.jpg 624w, https:\/\/sp1hrubieszow.pl\/wp-content\/uploads\/2025\/08\/01.jpg 1254w\" sizes=\"auto, (max-width: 251px) 100vw, 251px\" \/><\/p>\n\n\n\n<p data-start=\"139\" data-end=\"184\">\ud83d\udcda\u270f\ufe0f <span style=\"color: #000080;\"><strong data-start=\"144\" data-end=\"177\">Witamy w nowym roku szkolnym!<\/strong> \ud83c\udf92\ud83c\udf41<\/span><\/p>\n<p data-start=\"186\" data-end=\"446\"><span style=\"color: #000080;\">Drodzy <strong data-start=\"193\" data-end=\"206\">Uczniowie<\/strong> \u2013<\/span><br data-start=\"208\" data-end=\"211\"><span style=\"color: #000080;\">Niech ka\u017cdy dzie\u0144 w szkole b\u0119dzie dla Was przygod\u0105, a wiedza nie tylko obowi\u0105zkiem, ale i sposobem na odkrywanie \u015bwiata. \u017byczymy Wam du\u017co rado\u015bci, sukces\u00f3w (nie tylko w ocenach \ud83d\ude09), prawdziwych przyja\u017ani i odwagi w spe\u0142nianiu marze\u0144!<\/span><\/p>\n<p data-start=\"186\" data-end=\"446\"><span style=\"color: #000080;\">Drodzy <strong data-start=\"121\" data-end=\"132\">Rodzice<\/strong> \u2013<\/span><br data-start=\"134\" data-end=\"137\"><span style=\"color: #000080;\">Niech nowy rok szkolny przyniesie Wam dum\u0119 z dzieci, chwile wzrusze\u0144 (tych wielkich i tych codziennych) oraz spok\u00f3j, \u017ce Wasze pociechy s\u0105 w dobrych r\u0119kach. \u017byczymy Wam te\u017c u\u015bmiechu i rado\u015bci, gdy b\u0119dziecie obserwowa\u0107, jak Wasze dzieci ucz\u0105 si\u0119, rozwijaj\u0105 i staj\u0105 coraz bardziej samodzielne.<\/span><\/p>\n<p data-start=\"186\" data-end=\"446\"><span style=\"color: #000080;\">Drogie <strong data-start=\"89\" data-end=\"109\">Panie Dyrektorki<\/strong> \u2013<\/span><br data-start=\"111\" data-end=\"114\"><span style=\"color: #000080;\">\u017byczymy Wam, by\u015bcie zawsze mia\u0142y pow\u00f3d do dumy i rado\u015bci, a Wasze decyzje owocowa\u0142y spokojem, sukcesami i dobr\u0105 energi\u0105 w ca\u0142ej szkole. Niech Wam nigdy nie zabraknie ani si\u0142y, ani\u2026 kawy \u2615\ud83d\ude0a.<\/span><\/p>\n<p data-start=\"448\" data-end=\"697\"><span style=\"color: #000080;\">Drodzy <strong data-start=\"455\" data-end=\"470\">Nauczyciele<\/strong> \u2013<\/span><br data-start=\"472\" data-end=\"475\"><span style=\"color: #000080;\">\u017byczymy Wam cierpliwo\u015bci wi\u0119kszej ni\u017c d\u0142ugo\u015b\u0107 dzwonka, pasji wi\u0119kszej ni\u017c szkolny gwar i poczucia humoru, kt\u00f3re pomo\u017ce Wam rozbroi\u0107 ka\u017cdy trudny dzie\u0144. Dzi\u0119kujemy, \u017ce jeste\u015bcie przewodnikami w tej wielkiej przygodzie! \ud83c\udf1f<\/span><\/p>\n<p data-start=\"943\" data-end=\"1126\"><span style=\"color: #000080;\">Drodzy <strong data-start=\"950\" data-end=\"971\">Pracownicy szko\u0142y<\/strong> \u2013<\/span><br data-start=\"973\" data-end=\"976\"><span style=\"color: #000080;\">Wasza praca sprawia, \u017ce nasza szko\u0142a \u017cyje i t\u0119tni rado\u015bci\u0105. \u017byczymy Wam zdrowia, u\u015bmiechu i satysfakcji \u2013 bo bez Was nie by\u0142oby magii w tym miejscu!<\/span><\/p>\n<p data-start=\"1359\" data-end=\"1450\"><span style=\"color: #000080;\">Niech ten rok szkolny b\u0119dzie dla nas wszystkich pi\u0119kn\u0105 histori\u0105 do wsp\u00f3lnego napisania! \u2728&nbsp;<\/span><\/p>\n<p><strong><span style=\"color: #000080;\"><a style=\"color: #000080;\" href=\"https:\/\/sp1hrubieszow.pl\/wp-content\/uploads\/2025\/08\/List_kuratora.pdf\">List Lubelskiego Kuratora O\u015bwiaty <\/a><\/span><\/strong><\/p>\n<p><strong><span style=\"color: #000080;\"><a style=\"color: #000080;\" href=\"https:\/\/sp1hrubieszow.pl\/wp-content\/uploads\/2025\/08\/List_minister_Barbary_Nowackiej_na_rozpoczecie_roku_szkolnego_2025_2026.pdf\">List Minister Barbary Nowackiej<\/a><\/span><\/strong><\/p>\n<p data-start=\"1359\" data-end=\"1450\">&nbsp;<\/p>\n<p style=\"text-align: right;\" data-start=\"1359\" data-end=\"1450\">&nbsp;<\/p>\n","protected":false},"excerpt":{"rendered":"<p>\ud83d\udcda\u270f\ufe0f Witamy w nowym roku szkolnym! \ud83c\udf92\ud83c\udf41 Drodzy Uczniowie \u2013Niech ka\u017cdy dzie\u0144 w szkole b\u0119dzie dla Was przygod\u0105, a wiedza nie tylko obowi\u0105zkiem, ale i sposobem na odkrywanie \u015bwiata. \u017byczymy Wam du\u017co rado\u015bci, sukces\u00f3w (nie tylko w ocenach \ud83d\ude09), prawdziwych przyja\u017ani i odwagi w spe\u0142nianiu marze\u0144! Drodzy Rodzice \u2013Niech nowy rok szkolny przyniesie Wam dum\u0119 [&hellip;]<\/p>\n","protected":false},"author":2,"featured_media":0,"parent":5983,"menu_order":0,"comment_status":"closed","ping_status":"closed","template":"","meta":{"ngg_post_thumbnail":0,"footnotes":""},"class_list":["post-28816","page","type-page","status-publish","hentry"],"_links":{"self":[{"href":"https:\/\/sp1hrubieszow.pl\/index.php\/wp-json\/wp\/v2\/pages\/28816","targetHints":{"allow":["GET"]}}],"collection":[{"href":"https:\/\/sp1hrubieszow.pl\/index.php\/wp-json\/wp\/v2\/pages"}],"about":[{"href":"https:\/\/sp1hrubieszow.pl\/index.php\/wp-json\/wp\/v2\/types\/page"}],"author":[{"embeddable":true,"href":"https:\/\/sp1hrubieszow.pl\/index.php\/wp-json\/wp\/v2\/users\/2"}],"replies":[{"embeddable":true,"href":"https:\/\/sp1hrubieszow.pl\/index.php\/wp-json\/wp\/v2\/comments?post=28816"}],"version-history":[{"count":1,"href":"https:\/\/sp1hrubieszow.pl\/index.php\/wp-json\/wp\/v2\/pages\/28816\/revisions"}],"predecessor-version":[{"id":28817,"href":"https:\/\/sp1hrubieszow.pl\/index.php\/wp-json\/wp\/v2\/pages\/28816\/revisions\/28817"}],"up":[{"embeddable":true,"href":"https:\/\/sp1hrubieszow.pl\/index.php\/wp-json\/wp\/v2\/pages\/5983"}],"wp:attachment":[{"href":"https:\/\/sp1hrubieszow.pl\/index.php\/wp-json\/wp\/v2\/media?parent=28816"}],"curies":[{"name":"wp","href":"https:\/\/api.w.org\/{rel}","templated":true}]}}