{"id":28759,"date":"2025-06-27T14:10:39","date_gmt":"2025-06-27T12:10:39","guid":{"rendered":"https:\/\/sp1hrubieszow.pl\/?page_id=28759"},"modified":"2025-06-27T14:11:14","modified_gmt":"2025-06-27T12:11:14","slug":"zakonczenie-roku-szkolnego-2024-2025","status":"publish","type":"page","link":"https:\/\/sp1hrubieszow.pl\/index.php\/kronika-2020-2021\/zakonczenie-roku-szkolnego-2024-2025\/","title":{"rendered":"Zako\u0144czenie roku szkolnego 2024\/2025"},"content":{"rendered":"\n<p><span style=\"color: #000080;\">27 czerwca 2025 roku w naszej szkole odby\u0142o si\u0119 uroczyste zako\u0144czenie roku szkolnego 2024\/2025. By\u0142o to wyj\u0105tkowe, pe\u0142ne wzrusze\u0144 wydarzenie, podczas kt\u00f3rego wsp\u00f3lnie podsumowali\u015bmy minione miesi\u0105ce nauki i po\u017cegnali\u015bmy uczni\u00f3w klas \u00f3smych, kt\u00f3rzy zako\u0144czyli wa\u017cny etap swojej edukacyjnej drogi.<\/span><\/p>\n<p><span style=\"color: #000080;\">Uroczysto\u015b\u0107 rozpocz\u0119\u0142a si\u0119 wprowadzeniem pocztu sztandarowego oraz od\u015bpiewaniem hymnu narodowego. Ca\u0142o\u015b\u0107 spotkania poprowadzi\u0142a Pani Dyrektor Edyta Kucharska wraz z uczniami: Nikol\u0105 Pietryn\u0105 i Lidi\u0105 Grab z klasy 8b oraz Jakubem W\u00f3jcikiem z klasy 7b. Dzi\u0119ki ich zaanga\u017cowaniu ceremonia mia\u0142a podnios\u0142y, a jednocze\u015bnie serdeczny charakter.<\/span><\/p>\n<p><span style=\"color: #000080;\">Swoj\u0105 obecno\u015bci\u0105 zaszczyci\u0142y nas wyj\u0105tkowe go\u015bcinie \u2013 Pani Burmistrz Miasta Marta Majewska oraz Pani Beata Litwi\u0144czuk, przewodnicz\u0105ca Rady Rodzic\u00f3w, kt\u00f3re skierowa\u0142y do zebranych ciep\u0142e s\u0142owa podzi\u0119kowania i \u017cycze\u0144 na dalsz\u0105 drog\u0119 nauki oraz na czas wymarzonych wakacji.<\/span><\/p>\n<p><span style=\"color: #000080;\">Jednym z najbardziej symbolicznych moment\u00f3w by\u0142o wbijanie pami\u0105tkowych gwo\u017adzi przez uczni\u00f3w klas \u00f3smych i ich wychowawc\u00f3w \u2013 pani\u0105 Ann\u0119 Suwa\u0142\u0119 (klasa 8a), pani\u0105 Ew\u0119 Filipowicz-Sidorczuk (klasa 8b) oraz pani\u0105 Ann\u0119 Lewandowsk\u0105 (klasa 8c).<\/span><\/p>\n<p><span style=\"color: #000080;\">Nast\u0119pnie odczytano najwa\u017cniejsze sukcesy uczni\u00f3w minionego roku szkolnego, podkre\u015blaj\u0105c ich osi\u0105gni\u0119cia w nauce, konkursach oraz dzia\u0142aniach spo\u0142ecznych. Szczeg\u00f3lne gratulacje nale\u017c\u0105 si\u0119 Mai Klimkowskiej z klasy 7a, kt\u00f3ra uzyska\u0142a najwy\u017csz\u0105 \u015bredni\u0105 ocen w ca\u0142ej szkole \u2013 6,0. W\u015br\u00f3d uczni\u00f3w klas \u00f3smych najwy\u017csz\u0105 \u015bredni\u0105 \u2013 5,69 \u2013 osi\u0105gn\u0119\u0142a Lidia Grab z klasy 8b.<\/span><\/p>\n<p><span style=\"color: #000080;\">Tytu\u0142 \u201eSuper Ucznia\u201d roku szkolnego 2024\/2025 otrzyma\u0142a Nikola Pietryna z klasy 8b, natomiast zaszczytne miano \u201eSportowca Roku\u201d zdoby\u0142a Maja Magdziak z klasy 7b.<\/span><\/p>\n<p><span style=\"color: #000080;\">Pani Dyrektor Edyta Kucharska pogratulowa\u0142a r\u00f3wnie\u017c uczniom, kt\u00f3rzy osi\u0105gaj\u0105 sukcesy poza murami szko\u0142y \u2013 w szczeg\u00f3lno\u015bci reprezentantom Klubu Modelarskiego( Aleksander Z\u0105bek &#8211; mistrz Polski, kt\u00f3ry zosta\u0142 powo\u0142any do kadry narodowej, Jakub Cierech, Szymon Koko\u0107, Miko\u0142aj Karpiuk oraz Marcel Soko\u0142owski).<\/span><\/p>\n<p><span style=\"color: #000080;\">Po cz\u0119\u015bci oficjalnej uczniowie spotkali si\u0119 z wychowawcami w klasach, gdzie nast\u0105pi\u0142o wr\u0119czenie \u015bwiadectw oraz ostatnie wsp\u00f3lne chwile przed wakacjami. By\u0142 to czas pe\u0142en podzi\u0119kowa\u0144, u\u015bmiech\u00f3w, ale i wzrusze\u0144.<\/span><\/p>\n<p><span style=\"color: #000080;\">To by\u0142 pi\u0119kny dzie\u0144, kt\u00f3ry na d\u0142ugo pozostanie w naszej pami\u0119ci. Teraz przed nami czas wakacji \u2013 \u017cyczymy wszystkim uczniom bezpiecznego i radosnego wypoczynku. Do zobaczenia we wrze\u015bniu!<\/span><\/p>\nngg_shortcode_0_placeholder\n<p>&nbsp;<\/p>\n<p>&nbsp;<\/p>\n<p>&nbsp;<\/p>\n<p>&nbsp;<\/p>\n<p>&nbsp;<\/p>\n<p>&nbsp;<\/p>\n<p>&nbsp;<\/p>\n<p>&nbsp;<\/p>\n<p>&nbsp;<\/p>\n","protected":false},"excerpt":{"rendered":"<p>27 czerwca 2025 roku w naszej szkole odby\u0142o si\u0119 uroczyste zako\u0144czenie roku szkolnego 2024\/2025. By\u0142o to wyj\u0105tkowe, pe\u0142ne wzrusze\u0144 wydarzenie, podczas kt\u00f3rego wsp\u00f3lnie podsumowali\u015bmy minione miesi\u0105ce nauki i po\u017cegnali\u015bmy uczni\u00f3w klas \u00f3smych, kt\u00f3rzy zako\u0144czyli wa\u017cny etap swojej edukacyjnej drogi. Uroczysto\u015b\u0107 rozpocz\u0119\u0142a si\u0119 wprowadzeniem pocztu sztandarowego oraz od\u015bpiewaniem hymnu narodowego. Ca\u0142o\u015b\u0107 spotkania poprowadzi\u0142a Pani Dyrektor Edyta [&hellip;]<\/p>\n","protected":false},"author":2,"featured_media":0,"parent":5983,"menu_order":0,"comment_status":"closed","ping_status":"closed","template":"","meta":{"ngg_post_thumbnail":0,"footnotes":""},"class_list":["post-28759","page","type-page","status-publish","hentry"],"_links":{"self":[{"href":"https:\/\/sp1hrubieszow.pl\/index.php\/wp-json\/wp\/v2\/pages\/28759","targetHints":{"allow":["GET"]}}],"collection":[{"href":"https:\/\/sp1hrubieszow.pl\/index.php\/wp-json\/wp\/v2\/pages"}],"about":[{"href":"https:\/\/sp1hrubieszow.pl\/index.php\/wp-json\/wp\/v2\/types\/page"}],"author":[{"embeddable":true,"href":"https:\/\/sp1hrubieszow.pl\/index.php\/wp-json\/wp\/v2\/users\/2"}],"replies":[{"embeddable":true,"href":"https:\/\/sp1hrubieszow.pl\/index.php\/wp-json\/wp\/v2\/comments?post=28759"}],"version-history":[{"count":1,"href":"https:\/\/sp1hrubieszow.pl\/index.php\/wp-json\/wp\/v2\/pages\/28759\/revisions"}],"predecessor-version":[{"id":28760,"href":"https:\/\/sp1hrubieszow.pl\/index.php\/wp-json\/wp\/v2\/pages\/28759\/revisions\/28760"}],"up":[{"embeddable":true,"href":"https:\/\/sp1hrubieszow.pl\/index.php\/wp-json\/wp\/v2\/pages\/5983"}],"wp:attachment":[{"href":"https:\/\/sp1hrubieszow.pl\/index.php\/wp-json\/wp\/v2\/media?parent=28759"}],"curies":[{"name":"wp","href":"https:\/\/api.w.org\/{rel}","templated":true}]}}