{"id":28721,"date":"2025-06-25T20:34:30","date_gmt":"2025-06-25T18:34:30","guid":{"rendered":"https:\/\/sp1hrubieszow.pl\/?page_id=28721"},"modified":"2025-06-25T20:35:10","modified_gmt":"2025-06-25T18:35:10","slug":"szczegolne-osiagniecia-uczniow-w-roku-szkolnym-2024-2025","status":"publish","type":"page","link":"https:\/\/sp1hrubieszow.pl\/index.php\/kronika-2020-2021\/szczegolne-osiagniecia-uczniow-w-roku-szkolnym-2024-2025\/","title":{"rendered":"Szczeg\u00f3lne osi\u0105gni\u0119cia uczni\u00f3w w roku szkolnym 2024\/2025"},"content":{"rendered":"\n<p><img loading=\"lazy\" decoding=\"async\" class=\"alignnone size-medium wp-image-28720 aligncenter\" src=\"https:\/\/sp1hrubieszow.pl\/wp-content\/uploads\/2025\/06\/1920x810-300x127.png\" alt=\"\" width=\"300\" height=\"127\" srcset=\"https:\/\/sp1hrubieszow.pl\/wp-content\/uploads\/2025\/06\/1920x810-300x127.png 300w, https:\/\/sp1hrubieszow.pl\/wp-content\/uploads\/2025\/06\/1920x810-1024x432.png 1024w, https:\/\/sp1hrubieszow.pl\/wp-content\/uploads\/2025\/06\/1920x810-768x324.png 768w, https:\/\/sp1hrubieszow.pl\/wp-content\/uploads\/2025\/06\/1920x810-1536x648.png 1536w, https:\/\/sp1hrubieszow.pl\/wp-content\/uploads\/2025\/06\/1920x810-624x263.png 624w, https:\/\/sp1hrubieszow.pl\/wp-content\/uploads\/2025\/06\/1920x810.png 1920w\" sizes=\"auto, (max-width: 300px) 100vw, 300px\" \/><\/p>\n<p><span style=\"color: #000080;\">Zbli\u017caj\u0105cy si\u0119 koniec roku szkolnego to doskona\u0142a okazja, aby podsumowa\u0107 najwa\u017cniejsze osi\u0105gni\u0119cia naszych uczni\u00f3w. Z ogromn\u0105 rado\u015bci\u0105 informujemy, \u017ce mijaj\u0105cy rok szkolny by\u0142 pe\u0142en sukces\u00f3w i rozwoju. Uczniowie naszej szko\u0142y wykazali si\u0119 du\u017cym zaanga\u017cowaniem, wytrwa\u0142o\u015bci\u0105 oraz ch\u0119ci\u0105 do nauki i wsp\u00f3\u0142pracy. Oto najwa\u017cniejsze osi\u0105gni\u0119cia, z kt\u00f3rych mo\u017cemy by\u0107 wsp\u00f3lnie dumni:<\/span><\/p>\n<p><span style=\"color: #000080;\">&nbsp;<strong>Sukcesy naukowe:<\/strong><\/span><\/p>\n<p><span style=\"color: #000080;\">Wysokie wyniki w og\u00f3lnopolskich i regionalnych konkursach przedmiotowych:<\/span><\/p>\n<p><span style=\"color: #000080;\"><strong>InstaLogik<\/strong><\/span><\/p>\n<p><span style=\"color: #000080;\">Laureat II miejsca&nbsp; Dawid Kornaszewski &#8211; Najlepszy Finalista na szczeblu og\u00f3lnopolskim<\/span><\/p>\n<p><span style=\"color: #000080;\">Jakub Wo\u017anica Finalista na szczeblu og\u00f3lnopolskim- Drugi wynik w powiecie hrubieszowskim<\/span><\/p>\n<p><span style=\"color: #000080;\">Laureat II miejsca&nbsp; Szymon Paw\u0142owski &#8211; Najlepszy wynik w powiecie hrubieszowskim<\/span><\/p>\n<p><span style=\"color: #000080;\">Finalista na szczeblu og\u00f3lnopolskim Adam Szczur &#8211; Drugi wynik w powiecie hrubieszowskim<\/span><\/p>\n<p><span style=\"color: #000080;\">Laureat II miejsca Dawid Ka\u0144ski<\/span><\/p>\n<p><span style=\"color: #000080;\"><strong>Og\u00f3lnopolski konkurs Orze\u0142 Matematyczny<\/strong><\/span><\/p>\n<p><span style=\"color: #000080;\">Franciszek Socha klasa 4 &#8211; 400 punkt\u00f3w laureat, 1 miejsce w kraju<\/span><\/p>\n<p><span style=\"color: #000080;\">Jan B\u0142aszczy\u0144ski klasa 5 &#8211; 330 punkt\u00f3w laureat, 14 miejsce w kraju<\/span><\/p>\n<p><span style=\"color: #000080;\">Pola Pachniewska klasa 4 &#8211; 320 punkt\u00f3w laureat, 16 miejsce w kraju<\/span><\/p>\n<p><span style=\"color: #000080;\">Szymon Krawiec klasa 3- 315 punkt\u00f3w laureat, 17 miejsce w kraju<\/span><\/p>\n<p><span style=\"color: #000080;\">Sebastian Wajda klasa 6 &#8211; 315 punkt\u00f3w laureat, 17 miejsce w kraju<\/span><\/p>\n<p><span style=\"color: #000080;\">Sebastian Bia\u0142ek klasa 4 &#8211; 310 punkt\u00f3w laureat, 18 miejsce w kraju&nbsp;&nbsp;&nbsp;&nbsp;&nbsp;&nbsp;<\/span><\/p>\n<p><span style=\"color: #000080;\">Rados\u0142aw Borz\u0119cki klasa 6 &#8211; 310 punkt\u00f3w laureat, 18 miejsce w kraju<\/span><\/p>\n<p><span style=\"color: #000080;\">Maria Stepaniuk klasa 6 &#8211; 310 punkt\u00f3w laureat, 18 miejsce w kraju<\/span><\/p>\n<p><span style=\"color: #000080;\"><strong>Mi\u0119dzynarodowy Konkurs Kangur Matematyczny<\/strong><\/span><\/p>\n<ol>\n<li><span style=\"color: #000080;\">Kategoria Maluch &#8211; klasa 3 szko\u0142y podstawowej<\/span><\/li>\n<\/ol>\n<p><span style=\"color: #000080;\">TOMASZCZUK BART\u0141OMIEJ &#8211; 91,25 p. wyr\u00f3\u017cniony<\/span><\/p>\n<ol start=\"2\">\n<li><span style=\"color: #000080;\">Kategoria Maluch &#8211; klasa 4 szko\u0142y podstawowej<\/span><\/li>\n<\/ol>\n<p><span style=\"color: #000080;\">SOCHA FRANCISZEK &#8211; 107,50 p. wyr\u00f3\u017cniony<\/span><\/p>\n<ol start=\"3\">\n<li><span style=\"color: #000080;\">Kategoria Beniamin &#8211; klasa 6 szko\u0142y podstawowej<\/span><\/li>\n<\/ol>\n<p><span style=\"color: #000080;\">BORZ\u0118CKI RADOS\u0141AW &#8211; 106,25 p. wyr\u00f3\u017cniony<\/span><\/p>\n<p><span style=\"color: #000080;\">SZCZUR ADAM &#8211; 106,25 p. wyr\u00f3\u017cniony<\/span><\/p>\n<ol start=\"4\">\n<li><span style=\"color: #000080;\">Kategoria Kadet &#8211; klasa 8 szko\u0142y podstawowej<\/span><\/li>\n<\/ol>\n<p><span style=\"color: #000080;\">KA\u0143SKI DAWID 133,75 &#8211; bardzo dobry<\/span><\/p>\n<p><span style=\"color: #000080;\"><strong>Udzia\u0142 i wyr\u00f3\u017cnienia w konkursach literackich, historycznych, przyrodniczych i innych:<\/strong><\/span><\/p>\n<ol>\n<li><span style=\"color: #000080;\">VIII Wojew\u00f3dzki Konkurs Recytatorski Utwor\u00f3w Adama Mickiewicza- Julia Momot, wyr\u00f3\u017cnienie<\/span><\/li>\n<li><span style=\"color: #000080;\">Wojew\u00f3dzki konkurs pt. \u201eCzego Ja\u015b si\u0119 nie nauczy\u2026\u201d w ramach podsumowania programu Mediacje r\u00f3wie\u015bnicze metod\u0105 bezkonfliktowego rozwi\u0105zywania spor\u00f3w w\u015br\u00f3d uczni\u00f3w wojew\u00f3dztwa lubelskiego- Lena Ni\u017anikowska, wyr\u00f3\u017cnienie<\/span><\/li>\n<li><span style=\"color: #000080;\">32 Edycja Olimpiady Zdrowia PCK z Biedronk\u0105- Maja Klimkowska, V miejsce na etapie og\u00f3lnopolskim<\/span><\/li>\n<li><span style=\"color: #000080;\">V Og\u00f3lnopolski Konkurs Plastyczny \u201eSkarby Mojego Powiatu \u2013 Mity, legendy, gaw\u0119dy i bajania w moim powiecie\u201d &#8211; Franciszek Socha, wyr\u00f3\u017cnienie<\/span><\/li>\n<li><span style=\"color: #000080;\">Og\u00f3lnopolski Konkurs Plastyczny \u201eKartka Wielkanocna do Papie\u017ca Franciszka Blanka Nowak, 1 miejsce<\/span><\/li>\n<li><span style=\"color: #000080;\">Konkurs Akademia Wiedzy o Prawie etap okr\u0119gowy, Krajowa Izba Radc\u00f3w Prawnych, Aleksander Kurantowicz<\/span><\/li>\n<\/ol>\n<p><span style=\"color: #000080;\"><strong>Udzia\u0142 w projektach szkolnych i mi\u0119dzyszkolnych promuj\u0105cych tolerancj\u0119, ekologi\u0119 i zdrowy styl \u017cycia:<\/strong><\/span><\/p>\n<ol>\n<li><span style=\"color: #000080;\">Og\u00f3lnopolski konkurs plastyczno- literacki pt. \u201eBli\u017cej siebie, z dala od u\u017cywek\u201d &nbsp;w ramach kampanii Zachowaj Trze\u017awy Umys\u0142, wyr\u00f3\u017cnienie (Lena Ni\u017anikowska, Marcelina Olizarowska, Szymon Krawiec, Karolina Danilczuk, Nikola Dorosz, Maja Klimkowska, Dawid Go\u0142\u0119biowski, Zuzanna Korneluk, Zuzanna Przybylak, Nina Wi\u015bniewska, Julia Woraczek, Micha\u0142 Zaj\u0105c, Jagoda Szczepanik, Ma\u0142gorzta Korneluk, Paula Wilczy\u0144ska, \u0141ucja Dorman)<\/span><\/li>\n<li><span style=\"color: #000080;\">Konkurs og\u00f3lnopolski \u201eGramy o swoj\u0105 przysz\u0142o\u015b\u0107. Bli\u017cej siebie i innych, z dala od u\u017cywek\u201d w ramach kampanii Zachowaj Trze\u017awy Umys\u0142, G\u0142owna nagroda w konkursie kreatywnym zespo\u0142owym (Kisielewska Hanna, Gabriela Pawlos, Urszula Nowak, Amelia Szewluk, Anika Swatowska, Anastazja Szczur, \u0141ucja Dorman)<\/span><\/li>\n<li><span style=\"color: #000080;\">Konkurs og\u00f3lnopolski ,, Nie czas na nud\u0119\u201d konkurs logiczny w ramach kampanii Zachowaj Trze\u017awy Umys\u0142, wyr\u00f3\u017cnienie Karolina Danilczuk<\/span><\/li>\n<\/ol>\n<p><span style=\"color: #000080;\"><strong>Osi\u0105gni\u0119cia sportowe:<\/strong><\/span><\/p>\n<ol>\n<li><span style=\"color: #000080;\">Fina\u0142 Wojew\u00f3dzki w dru\u017cynowym tenisie sto\u0142owym- Igrzyska Dzieci SZS, 7 miejsce: Ch\u0142opcy: Rados\u0142aw Borz\u0119cki, Miko\u0142aj Zaj\u0105c, Igor Tucki<\/span><\/li>\n<li><span style=\"color: #000080;\">Fina\u0142 Wojew\u00f3dzki w koszyk\u00f3wce dziewcz\u0105t- Igrzyska M\u0142odzie\u017cy Szkolnej SZS, 3 Miejsce dziewcz\u0119ta: Kornelia Mrozowska, Maja Magdziak, Lena Ho\u0142\u00f3wek, Karolina Grzegorczyk, Julia Kiszel, Iga Nowosad,ZuzannaPeczak, Nikola Pietryna, Maja Klimkowska<\/span><\/li>\n<li><span style=\"color: #000080;\">Fina\u0142 Wojew\u00f3dzki w koszyk\u00f3wce 3&#215;3- Igrzyska M\u0142odzie\u017cy, 3 miejsce: Maja Magdziak, Kornelia Mrozowska, Nikola Pietryna, Julia Kiszel<\/span><\/li>\n<li><span style=\"color: #000080;\">Fina\u0142 Wojew\u00f3dzki Szkolne Dru\u017cynowa Liga LA, 1 miejsce w biegu na 100m Katarzyna Duma,3 miejsce w sztafecie 4x100m: Iga Nowsoad, Maja Magdziak, Kornelia Mrozowska, Katarzyna Duma<\/span><\/li>\n<li><span style=\"color: #000080;\">Fina\u0142 Wojew\u00f3dzki w koszyk\u00f3wce 3&#215;3- Igrzyska dzieci 5 miejsce: Rafa\u0142 Jankowski, Miko\u0142aj Zaj\u0105c, Mateusz Ka\u0144ski, Brajan Bajek<\/span><\/li>\n<li><span style=\"color: #000080;\">Og\u00f3lnopolski Konkurs Szachowy Konik, osi\u0105gniecie ponadprzeci\u0119tne w kategorii Pionek, Micha\u0142 Zaj\u0105c<\/span><\/li>\n<li><span style=\"color: #000080;\">Og\u00f3lnopolski Turniej BRD, 2 miejsce na szczeblu powiatowym Oliwier Chmielewski, Urszula Nowak, Alicja Rudek, Adam Szczur<\/span><\/li>\n<\/ol>\n<p><span style=\"color: #000080;\">GRATULUJEMY!!!&nbsp;<\/span><\/p>\n\n\n","protected":false},"excerpt":{"rendered":"<p>Zbli\u017caj\u0105cy si\u0119 koniec roku szkolnego to doskona\u0142a okazja, aby podsumowa\u0107 najwa\u017cniejsze osi\u0105gni\u0119cia naszych uczni\u00f3w. Z ogromn\u0105 rado\u015bci\u0105 informujemy, \u017ce mijaj\u0105cy rok szkolny by\u0142 pe\u0142en sukces\u00f3w i rozwoju. Uczniowie naszej szko\u0142y wykazali si\u0119 du\u017cym zaanga\u017cowaniem, wytrwa\u0142o\u015bci\u0105 oraz ch\u0119ci\u0105 do nauki i wsp\u00f3\u0142pracy. Oto najwa\u017cniejsze osi\u0105gni\u0119cia, z kt\u00f3rych mo\u017cemy by\u0107 wsp\u00f3lnie dumni: &nbsp;Sukcesy naukowe: Wysokie wyniki w [&hellip;]<\/p>\n","protected":false},"author":2,"featured_media":0,"parent":5983,"menu_order":0,"comment_status":"closed","ping_status":"closed","template":"","meta":{"ngg_post_thumbnail":0,"footnotes":""},"class_list":["post-28721","page","type-page","status-publish","hentry"],"_links":{"self":[{"href":"https:\/\/sp1hrubieszow.pl\/index.php\/wp-json\/wp\/v2\/pages\/28721","targetHints":{"allow":["GET"]}}],"collection":[{"href":"https:\/\/sp1hrubieszow.pl\/index.php\/wp-json\/wp\/v2\/pages"}],"about":[{"href":"https:\/\/sp1hrubieszow.pl\/index.php\/wp-json\/wp\/v2\/types\/page"}],"author":[{"embeddable":true,"href":"https:\/\/sp1hrubieszow.pl\/index.php\/wp-json\/wp\/v2\/users\/2"}],"replies":[{"embeddable":true,"href":"https:\/\/sp1hrubieszow.pl\/index.php\/wp-json\/wp\/v2\/comments?post=28721"}],"version-history":[{"count":1,"href":"https:\/\/sp1hrubieszow.pl\/index.php\/wp-json\/wp\/v2\/pages\/28721\/revisions"}],"predecessor-version":[{"id":28722,"href":"https:\/\/sp1hrubieszow.pl\/index.php\/wp-json\/wp\/v2\/pages\/28721\/revisions\/28722"}],"up":[{"embeddable":true,"href":"https:\/\/sp1hrubieszow.pl\/index.php\/wp-json\/wp\/v2\/pages\/5983"}],"wp:attachment":[{"href":"https:\/\/sp1hrubieszow.pl\/index.php\/wp-json\/wp\/v2\/media?parent=28721"}],"curies":[{"name":"wp","href":"https:\/\/api.w.org\/{rel}","templated":true}]}}