{"id":28711,"date":"2025-06-23T18:23:17","date_gmt":"2025-06-23T16:23:17","guid":{"rendered":"https:\/\/sp1hrubieszow.pl\/?page_id=28711"},"modified":"2025-06-23T18:23:51","modified_gmt":"2025-06-23T16:23:51","slug":"podsumowanie-konkursow-z-okazji-dnia-szkoly-bez-przemocy-i-dnia-przyjaciela","status":"publish","type":"page","link":"https:\/\/sp1hrubieszow.pl\/index.php\/kronika-2020-2021\/podsumowanie-konkursow-z-okazji-dnia-szkoly-bez-przemocy-i-dnia-przyjaciela\/","title":{"rendered":"Podsumowanie konkurs\u00f3w z okazji \u201eDnia szko\u0142y bez przemocy\u201d i \u201eDnia Przyjaciela\u201d"},"content":{"rendered":"\n<p><span style=\"color: #000080;\">Podczas czerwcowego wydarzenia \u201ePozytywna akcja z \u017byrafk\u0105\u201d zosta\u0142y zorganizowane mini- konkursy, w ramach kt\u00f3rych uczniowie mogli doko\u0144czy\u0107 zdanie, promuj\u0105ce postawy przyjazne i pozbawione przemocy. W kategorii klas 1-3 nagrodzono uczni\u00f3w: Konrad Dziadosz 1a, Fabian Kimak 1c, Jan Kisielewicz 1b, Hanna Jasi\u0144ska 1b, Ksawery Gruszka 1c, R\u00f3\u017ca R\u00f3\u017ca\u0144ska 2b, Szymon Krawiec 3a, Micha\u0142 Wojczuk 3a, Dawid Rerak, 3b. <span class=\"html-span xexx8yu xyri2b x18d9i69 x1c1uobl x1hl2dhg x16tdsg8 x1vvkbs x3nfvp2 x1j61x8r x1fcty0u xdj266r xat24cr xm2jcoa x1mpyi22 xxymvpz xlup9mm x1kky2od\"><img loading=\"lazy\" decoding=\"async\" class=\"xz74otr x15mokao x1ga7v0g x16uus16 xbiv7yw\" src=\"https:\/\/static.xx.fbcdn.net\/images\/emoji.php\/v9\/t87\/1\/16\/1f340.png\" alt=\"\ud83c\udf40\" width=\"16\" height=\"16\"><\/span><span class=\"html-span xexx8yu xyri2b x18d9i69 x1c1uobl x1hl2dhg x16tdsg8 x1vvkbs x3nfvp2 x1j61x8r x1fcty0u xdj266r xat24cr xm2jcoa x1mpyi22 xxymvpz xlup9mm x1kky2od\"><img loading=\"lazy\" decoding=\"async\" class=\"xz74otr x15mokao x1ga7v0g x16uus16 xbiv7yw\" src=\"https:\/\/static.xx.fbcdn.net\/images\/emoji.php\/v9\/t2a\/1\/16\/1f992.png\" alt=\"\ud83e\udd92\" width=\"16\" height=\"16\"><\/span>W\u015br\u00f3d uczni\u00f3w \u017ce starszej kategorii wiekowej dyplomy odebrali: Agata Rojek 4a, Aleksander Kurantowicz 8c, Natalia Balcer 4a, Alan Tor 4a, Rados\u0142aw \u0141aci\u0144ski 5a, Zuzanna Gruszka 4c. <span class=\"html-span xexx8yu xyri2b x18d9i69 x1c1uobl x1hl2dhg x16tdsg8 x1vvkbs x3nfvp2 x1j61x8r x1fcty0u xdj266r xat24cr xm2jcoa x1mpyi22 xxymvpz xlup9mm x1kky2od\"><img loading=\"lazy\" decoding=\"async\" class=\"xz74otr x15mokao x1ga7v0g x16uus16 xbiv7yw\" src=\"https:\/\/static.xx.fbcdn.net\/images\/emoji.php\/v9\/t87\/1\/16\/1f340.png\" alt=\"\ud83c\udf40\" width=\"16\" height=\"16\"><\/span><span class=\"html-span xexx8yu xyri2b x18d9i69 x1c1uobl x1hl2dhg x16tdsg8 x1vvkbs x3nfvp2 x1j61x8r x1fcty0u xdj266r xat24cr xm2jcoa x1mpyi22 xxymvpz xlup9mm x1kky2od\"><img loading=\"lazy\" decoding=\"async\" class=\"xz74otr x15mokao x1ga7v0g x16uus16 xbiv7yw\" src=\"https:\/\/static.xx.fbcdn.net\/images\/emoji.php\/v9\/t2a\/1\/16\/1f992.png\" alt=\"\ud83e\udd92\" width=\"16\" height=\"16\"><\/span>Klasy najbardziej zaanga\u017cowane w akcj\u0119 charytatywn\u0105 mini-sklepik, odebra\u0142y nagrody w postaci gier plansz<\/span><span style=\"color: #000080;\">owych a by\u0142y to: I miejsce: klasa 1b wych. p. Monika Korneluk, II miejsce klasa 3a wych. p. Joanna Bartnik, III miejsce: klasa 1a, wych. p. Ma\u0142gorzata Serafin, 4 miejsce: klasa 3b wych. p. Renata Paxza\u0142a, 5 miejsca: klasa 4a; wych. p. Magdalena S\u0142owik oraz 6a wych p. Monika Czulak.<span class=\"html-span xexx8yu xyri2b x18d9i69 x1c1uobl x1hl2dhg x16tdsg8 x1vvkbs x3nfvp2 x1j61x8r x1fcty0u xdj266r xat24cr xm2jcoa x1mpyi22 xxymvpz xlup9mm x1kky2od\"><img loading=\"lazy\" decoding=\"async\" class=\"xz74otr x15mokao x1ga7v0g x16uus16 xbiv7yw\" src=\"https:\/\/static.xx.fbcdn.net\/images\/emoji.php\/v9\/t2a\/1\/16\/1f992.png\" alt=\"\ud83e\udd92\" width=\"16\" height=\"16\"><\/span><span class=\"html-span xexx8yu xyri2b x18d9i69 x1c1uobl x1hl2dhg x16tdsg8 x1vvkbs x3nfvp2 x1j61x8r x1fcty0u xdj266r xat24cr xm2jcoa x1mpyi22 xxymvpz xlup9mm x1kky2od\"><img loading=\"lazy\" decoding=\"async\" class=\"xz74otr x15mokao x1ga7v0g x16uus16 xbiv7yw\" src=\"https:\/\/static.xx.fbcdn.net\/images\/emoji.php\/v9\/t87\/1\/16\/1f340.png\" alt=\"\ud83c\udf40\" width=\"16\" height=\"16\"><\/span>Klasy kt\u00f3re wykona\u0142y klasowy \u201eKodeks szkoly bez przemocy\u201d: I miejsce: klasa 6a wych. p. Monika Czulak, II miejsce: klasa 4c, wych. p. Sylwia Wojak, III miejsce: klasa 4b wych.p. Joanna Grzeszczuk<span class=\"html-span xexx8yu xyri2b x18d9i69 x1c1uobl x1hl2dhg x16tdsg8 x1vvkbs x3nfvp2 x1j61x8r x1fcty0u xdj266r xat24cr xm2jcoa x1mpyi22 xxymvpz xlup9mm x1kky2od\"><img loading=\"lazy\" decoding=\"async\" class=\"xz74otr x15mokao x1ga7v0g x16uus16 xbiv7yw\" src=\"https:\/\/static.xx.fbcdn.net\/images\/emoji.php\/v9\/t2a\/1\/16\/1f992.png\" alt=\"\ud83e\udd92\" width=\"16\" height=\"16\"><\/span><span class=\"html-span xexx8yu xyri2b x18d9i69 x1c1uobl x1hl2dhg x16tdsg8 x1vvkbs x3nfvp2 x1j61x8r x1fcty0u xdj266r xat24cr xm2jcoa x1mpyi22 xxymvpz xlup9mm x1kky2od\"><img loading=\"lazy\" decoding=\"async\" class=\"xz74otr x15mokao x1ga7v0g x16uus16 xbiv7yw\" src=\"https:\/\/static.xx.fbcdn.net\/images\/emoji.php\/v9\/t87\/1\/16\/1f340.png\" alt=\"\ud83c\udf40\" width=\"16\" height=\"16\"><\/span>Podzi\u0119kowania za zaanga\u017cowanie w organizacj\u0119 akcji w postaci mini- sklepiku oraz konkurs\u00f3w dla uczni\u00f3w otrzyma\u0142y uczennice: Paulina Karcz, Joanna Kanska, \u0141ucja Dorman, Eva Jankowska, Anastazja Szczur z kl. 6b oraz Hanna Sidorczuk z kl. 6a. Brawo !!!<span class=\"html-span xexx8yu xyri2b x18d9i69 x1c1uobl x1hl2dhg x16tdsg8 x1vvkbs x3nfvp2 x1j61x8r x1fcty0u xdj266r xat24cr xm2jcoa x1mpyi22 xxymvpz xlup9mm x1kky2od\"><img loading=\"lazy\" decoding=\"async\" class=\"xz74otr x15mokao x1ga7v0g x16uus16 xbiv7yw\" src=\"https:\/\/static.xx.fbcdn.net\/images\/emoji.php\/v9\/ta\/1\/16\/1f343.png\" alt=\"\ud83c\udf43\" width=\"16\" height=\"16\"><\/span><span class=\"html-span xexx8yu xyri2b x18d9i69 x1c1uobl x1hl2dhg x16tdsg8 x1vvkbs x3nfvp2 x1j61x8r x1fcty0u xdj266r xat24cr xm2jcoa x1mpyi22 xxymvpz xlup9mm x1kky2od\"><img loading=\"lazy\" decoding=\"async\" class=\"xz74otr x15mokao x1ga7v0g x16uus16 xbiv7yw\" src=\"https:\/\/static.xx.fbcdn.net\/images\/emoji.php\/v9\/t87\/1\/16\/1f340.png\" alt=\"\ud83c\udf40\" width=\"16\" height=\"16\"><\/span><span class=\"html-span xexx8yu xyri2b x18d9i69 x1c1uobl x1hl2dhg x16tdsg8 x1vvkbs x3nfvp2 x1j61x8r x1fcty0u xdj266r xat24cr xm2jcoa x1mpyi22 xxymvpz xlup9mm x1kky2od\"><img loading=\"lazy\" decoding=\"async\" class=\"xz74otr x15mokao x1ga7v0g x16uus16 xbiv7yw\" src=\"https:\/\/static.xx.fbcdn.net\/images\/emoji.php\/v9\/t2a\/1\/16\/1f992.png\" alt=\"\ud83e\udd92\" width=\"16\" height=\"16\"><\/span><span class=\"html-span xexx8yu xyri2b x18d9i69 x1c1uobl x1hl2dhg x16tdsg8 x1vvkbs x3nfvp2 x1j61x8r x1fcty0u xdj266r xat24cr xm2jcoa x1mpyi22 xxymvpz xlup9mm x1kky2od\"><img loading=\"lazy\" decoding=\"async\" class=\"xz74otr x15mokao x1ga7v0g x16uus16 xbiv7yw\" src=\"https:\/\/static.xx.fbcdn.net\/images\/emoji.php\/v9\/t87\/1\/16\/1f340.png\" alt=\"\ud83c\udf40\" width=\"16\" height=\"16\"><\/span><span class=\"html-span xexx8yu xyri2b x18d9i69 x1c1uobl x1hl2dhg x16tdsg8 x1vvkbs x3nfvp2 x1j61x8r x1fcty0u xdj266r xat24cr xm2jcoa x1mpyi22 xxymvpz xlup9mm x1kky2od\"><img loading=\"lazy\" decoding=\"async\" class=\"xz74otr x15mokao x1ga7v0g x16uus16 xbiv7yw\" src=\"https:\/\/static.xx.fbcdn.net\/images\/emoji.php\/v9\/t1e\/1\/16\/1f33f.png\" alt=\"\ud83c\udf3f\" width=\"16\" height=\"16\"><\/span><span class=\"html-span xexx8yu xyri2b x18d9i69 x1c1uobl x1hl2dhg x16tdsg8 x1vvkbs x3nfvp2 x1j61x8r x1fcty0u xdj266r xat24cr xm2jcoa x1mpyi22 xxymvpz xlup9mm x1kky2od\"><img loading=\"lazy\" decoding=\"async\" class=\"xz74otr x15mokao x1ga7v0g x16uus16 xbiv7yw\" src=\"https:\/\/static.xx.fbcdn.net\/images\/emoji.php\/v9\/t2a\/1\/16\/1f992.png\" alt=\"\ud83e\udd92\" width=\"16\" height=\"16\"><\/span> Konkursy zorganizowa\u0142 Szkolny Klub Mediatora oraz Klub Lider\u00f3w My\u015blenia Pozytywnego. Nagrody ufundowa\u0142a Gmina Miejska Hrubiesz\u00f3w <span class=\"html-span xdj266r x14z9mp xat24cr x1lziwak xexx8yu xyri2b x18d9i69 x1c1uobl x1hl2dhg x16tdsg8 x1vvkbs\"><a class=\"x1i10hfl xjbqb8w x1ejq31n x18oe1m7 x1sy0etr xstzfhl x972fbf x10w94by x1qhh985 x14e42zd x9f619 x1ypdohk xt0psk2 xe8uvvx xdj266r x14z9mp xat24cr x1lziwak xexx8yu xyri2b x18d9i69 x1c1uobl x16tdsg8 x1hl2dhg xggy1nq x1a2a7pz xkrqix3 x1sur9pj x1fey0fg x1s688f\" style=\"color: #000080;\" tabindex=\"0\" role=\"link\" href=\"https:\/\/www.facebook.com\/miastozklimatem?__cft__[0]=AZXZIhVBJcYCERSO09Kzr9y3dI8AEl0oI_bvd1HytO-LIqBErvtOan6Am1h5eJ9to1Jp1rmZZ1C__wMW6BtV5cuwIAYd7gAJoY5YqbHtyRb5Og__xCkXe6tjL448EJPwkrvYxIWOOZ6ip0ueclCkTcKb9zbD8exUnMoVn9Q-T2jVrwDfHUh_s11k5YeMUfsSBqEMIRO4T2XclKy-xIIlObeA&amp;__tn__=-]K-R\"><span class=\"xt0psk2\"><span class=\"xjp7ctv\">Hrubiesz\u00f3w Miasto z Klimatem<\/span><\/span><\/a><\/span>, w ramach szkolnego programu profilaktycznego \u201eRo\u015bniemy zdrowo, bez szkodliwych na\u0142og\u00f3w\u201d.<\/span><\/p>\nngg_shortcode_0_placeholder\n","protected":false},"excerpt":{"rendered":"<p>Podczas czerwcowego wydarzenia \u201ePozytywna akcja z \u017byrafk\u0105\u201d zosta\u0142y zorganizowane mini- konkursy, w ramach kt\u00f3rych uczniowie mogli doko\u0144czy\u0107 zdanie, promuj\u0105ce postawy przyjazne i pozbawione przemocy. W kategorii klas 1-3 nagrodzono uczni\u00f3w: Konrad Dziadosz 1a, Fabian Kimak 1c, Jan Kisielewicz 1b, Hanna Jasi\u0144ska 1b, Ksawery Gruszka 1c, R\u00f3\u017ca R\u00f3\u017ca\u0144ska 2b, Szymon Krawiec 3a, Micha\u0142 Wojczuk 3a, Dawid [&hellip;]<\/p>\n","protected":false},"author":2,"featured_media":0,"parent":5983,"menu_order":0,"comment_status":"closed","ping_status":"closed","template":"","meta":{"ngg_post_thumbnail":0,"footnotes":""},"class_list":["post-28711","page","type-page","status-publish","hentry"],"_links":{"self":[{"href":"https:\/\/sp1hrubieszow.pl\/index.php\/wp-json\/wp\/v2\/pages\/28711","targetHints":{"allow":["GET"]}}],"collection":[{"href":"https:\/\/sp1hrubieszow.pl\/index.php\/wp-json\/wp\/v2\/pages"}],"about":[{"href":"https:\/\/sp1hrubieszow.pl\/index.php\/wp-json\/wp\/v2\/types\/page"}],"author":[{"embeddable":true,"href":"https:\/\/sp1hrubieszow.pl\/index.php\/wp-json\/wp\/v2\/users\/2"}],"replies":[{"embeddable":true,"href":"https:\/\/sp1hrubieszow.pl\/index.php\/wp-json\/wp\/v2\/comments?post=28711"}],"version-history":[{"count":1,"href":"https:\/\/sp1hrubieszow.pl\/index.php\/wp-json\/wp\/v2\/pages\/28711\/revisions"}],"predecessor-version":[{"id":28712,"href":"https:\/\/sp1hrubieszow.pl\/index.php\/wp-json\/wp\/v2\/pages\/28711\/revisions\/28712"}],"up":[{"embeddable":true,"href":"https:\/\/sp1hrubieszow.pl\/index.php\/wp-json\/wp\/v2\/pages\/5983"}],"wp:attachment":[{"href":"https:\/\/sp1hrubieszow.pl\/index.php\/wp-json\/wp\/v2\/media?parent=28711"}],"curies":[{"name":"wp","href":"https:\/\/api.w.org\/{rel}","templated":true}]}}