{"id":28675,"date":"2025-06-12T23:25:02","date_gmt":"2025-06-12T21:25:02","guid":{"rendered":"https:\/\/sp1hrubieszow.pl\/?page_id=28675"},"modified":"2025-06-12T23:25:02","modified_gmt":"2025-06-12T21:25:02","slug":"wycieczka-do-warszawy","status":"publish","type":"page","link":"https:\/\/sp1hrubieszow.pl\/index.php\/kronika-2019-2020\/wycieczka-do-warszawy\/","title":{"rendered":"Wycieczka do Warszawy"},"content":{"rendered":"\n<p><span style=\"color: #333399;\">W dniu 11 czerwca 2025 r. uczniowie kl. 4b, 5a i 5b uczestniczyli w szkolnej wycieczce <br>do Warszawy. Celem wyjazdu by\u0142o poznanie historii i kultury stolicy Polski oraz integracja uczni\u00f3w podczas wsp\u00f3lnego zwiedzania. Pierwszym punktem programu by\u0142 spacer po warszawskiej Star\u00f3wce, podczas kt\u00f3rego uczniowie mieli okazj\u0119 zobaczy\u0107 najwa\u017cniejsze zabytki, takie jak Zamek Kr\u00f3lewski, Kolumna Zygmunta, Rynek Starego Miasta oraz katedr\u0119 \u015bw. Jana Chrzciciela. Przewodnik opowiada\u0142 o historii miasta i jego odbudowie po II wojnie \u015bwiatowej. Kolejnym etapem wycieczki by\u0142o zwiedzanie Stadionu PGE Narodowego \u2013 jednego z najnowocze\u015bniejszych obiekt\u00f3w sportowych <br>w Europie. By\u0142a to niepowtarzalna okazja, by pozna\u0107 stadion \u201eod kuchni\u201d i dowiedzie\u0107 si\u0119 wi\u0119cej o jego funkcjonowaniu. Wycieczka przebieg\u0142a w mi\u0142ej atmosferze, a uczniowie wr\u00f3cili pe\u0142ni wra\u017ce\u0144 i nowej wiedzy o stolicy Polski.<\/span><\/p>\nngg_shortcode_0_placeholder\n\n\n","protected":false},"excerpt":{"rendered":"<p>W dniu 11 czerwca 2025 r. uczniowie kl. 4b, 5a i 5b uczestniczyli w szkolnej wycieczce do Warszawy. Celem wyjazdu by\u0142o poznanie historii i kultury stolicy Polski oraz integracja uczni\u00f3w podczas wsp\u00f3lnego zwiedzania. Pierwszym punktem programu by\u0142 spacer po warszawskiej Star\u00f3wce, podczas kt\u00f3rego uczniowie mieli okazj\u0119 zobaczy\u0107 najwa\u017cniejsze zabytki, takie jak Zamek Kr\u00f3lewski, Kolumna Zygmunta, [&hellip;]<\/p>\n","protected":false},"author":4,"featured_media":0,"parent":2167,"menu_order":0,"comment_status":"closed","ping_status":"closed","template":"","meta":{"ngg_post_thumbnail":0,"footnotes":""},"class_list":["post-28675","page","type-page","status-publish","hentry"],"_links":{"self":[{"href":"https:\/\/sp1hrubieszow.pl\/index.php\/wp-json\/wp\/v2\/pages\/28675","targetHints":{"allow":["GET"]}}],"collection":[{"href":"https:\/\/sp1hrubieszow.pl\/index.php\/wp-json\/wp\/v2\/pages"}],"about":[{"href":"https:\/\/sp1hrubieszow.pl\/index.php\/wp-json\/wp\/v2\/types\/page"}],"author":[{"embeddable":true,"href":"https:\/\/sp1hrubieszow.pl\/index.php\/wp-json\/wp\/v2\/users\/4"}],"replies":[{"embeddable":true,"href":"https:\/\/sp1hrubieszow.pl\/index.php\/wp-json\/wp\/v2\/comments?post=28675"}],"version-history":[{"count":2,"href":"https:\/\/sp1hrubieszow.pl\/index.php\/wp-json\/wp\/v2\/pages\/28675\/revisions"}],"predecessor-version":[{"id":28677,"href":"https:\/\/sp1hrubieszow.pl\/index.php\/wp-json\/wp\/v2\/pages\/28675\/revisions\/28677"}],"up":[{"embeddable":true,"href":"https:\/\/sp1hrubieszow.pl\/index.php\/wp-json\/wp\/v2\/pages\/2167"}],"wp:attachment":[{"href":"https:\/\/sp1hrubieszow.pl\/index.php\/wp-json\/wp\/v2\/media?parent=28675"}],"curies":[{"name":"wp","href":"https:\/\/api.w.org\/{rel}","templated":true}]}}