{"id":28659,"date":"2025-06-12T18:28:55","date_gmt":"2025-06-12T16:28:55","guid":{"rendered":"https:\/\/sp1hrubieszow.pl\/?page_id=28659"},"modified":"2025-06-12T18:29:21","modified_gmt":"2025-06-12T16:29:21","slug":"wycieczka-bochnia-oswiecim-krakow","status":"publish","type":"page","link":"https:\/\/sp1hrubieszow.pl\/index.php\/kronika-2020-2021\/wycieczka-bochnia-oswiecim-krakow\/","title":{"rendered":"Wycieczka Bochnia &#8211; O\u015bwi\u0119cim &#8211; Krak\u00f3w"},"content":{"rendered":"\n<div class=\"xdj266r x14z9mp xat24cr x1lziwak x1vvkbs x126k92a\">\n<div dir=\"auto\"><span style=\"color: #000080;\">W dniach od 9 do 11 czerwca uczniowie klas 7 i 8 wzi\u0119li udzia\u0142 w trzydniowej wycieczce edukacyjnej, kt\u00f3rej program obejmowa\u0142 zwiedzanie Kopalni Soli w Bochni, zabytkowego Krakowa oraz by\u0142ego niemieckiego nazistowskiego obozu koncentracyjnego Auschwitz-Birkenau w O\u015bwi\u0119cimiu. By\u0142a to podr\u00f3\u017c pe\u0142na wra\u017ce\u0144 \u2013 zar\u00f3wno przyjemnych, jak i refleksyjnych \u2013 kt\u00f3ra na d\u0142ugo pozostanie w naszej pami\u0119ci.<\/span><\/div>\n<div dir=\"auto\">&nbsp;<\/div>\n<\/div>\n<div class=\"x14z9mp xat24cr x1lziwak x1vvkbs xtlvy1s x126k92a\">\n<div dir=\"auto\"><span style=\"color: #000080;\">Pierwszego dnia odwiedzili\u015bmy Kopalni\u0119 Soli w Bochni \u2013 jedn\u0105 z najstarszych w Europie. Zjechali\u015bmy pod ziemi\u0119 specjaln\u0105 wind\u0105 i rozpocz\u0119li\u015bmy zwiedzanie. Przewodnik w interesuj\u0105cy spos\u00f3b opowiada\u0142 o historii wydobycia soli, \u017cyciu g\u00f3rnik\u00f3w oraz legendach zwi\u0105zanych z tym miejscem. Szczeg\u00f3lnie zapad\u0142a mi w pami\u0119\u0107 kaplica \u015bw. Kingi oraz niezwyk\u0142a atmosfera panuj\u0105ca w podziemnych korytarzach. Wieczorem dotarli\u015bmy do miejsca zakwaterowania, gdzie sp\u0119dzili\u015bmy noc.<\/span><\/div>\n<div dir=\"auto\">&nbsp;<\/div>\n<\/div>\n<div class=\"x14z9mp xat24cr x1lziwak x1vvkbs xtlvy1s x126k92a\">\n<div dir=\"auto\"><span style=\"color: #000080;\">Drugiego dnia udali\u015bmy si\u0119 do O\u015bwi\u0119cimia, aby zwiedzi\u0107 by\u0142y ob\u00f3z koncentracyjny Auschwitz-Birkenau. By\u0142o to zdecydowanie najbardziej poruszaj\u0105ce do\u015bwiadczenie podczas ca\u0142ej wycieczki. W milczeniu i skupieniu s\u0142uchali\u015bmy przewodnika, kt\u00f3ry opowiada\u0142 o tragedii ludzi wi\u0119zionych i zamordowanych w tym miejscu. Widok barak\u00f3w, rampy kolejowej i osobistych przedmiot\u00f3w wi\u0119\u017ani\u00f3w pozostawi\u0142 we mnie g\u0142\u0119bokie emocje i potrzeb\u0119 zadumy nad histori\u0105.<\/span><\/div>\n<div dir=\"auto\">&nbsp;<\/div>\n<div dir=\"auto\"><span style=\"color: #000080;\">Trzeci dzie\u0144 po\u015bwi\u0119cili\u015bmy na zwiedzanie Krakowa \u2013 jednego z najwa\u017cniejszych i najpi\u0119kniejszych miast Polski. Rozpocz\u0119li\u015bmy od Wawelu, gdzie zobaczyli\u015bmy Katedr\u0119 oraz dziedziniec zamkowy. Nast\u0119pnie udali\u015bmy si\u0119 na Rynek G\u0142\u00f3wny, mijaj\u0105c po drodze liczne zabytki. Ko\u015bci\u00f3\u0142 Mariacki, Sukiennice oraz hejna\u0142 z wie\u017cy zrobi\u0142y na nas ogromne wra\u017cenie.<\/span><\/div>\n<div dir=\"auto\">&nbsp;<\/div>\n<\/div>\n<div class=\"x14z9mp xat24cr x1lziwak x1vvkbs xtlvy1s x126k92a\">\n<div dir=\"auto\"><span style=\"color: #000080;\">Wycieczka ta by\u0142a nie tylko okazj\u0105 do wsp\u00f3lnego sp\u0119dzenia czasu i lepszego poznania koleg\u00f3w z klasy, ale przede wszystkim cenn\u0105 lekcj\u0105 historii, kultury i pami\u0119ci. Wr\u00f3cili\u015bmy zm\u0119czeni, ale bogatsi o wiedz\u0119, do\u015bwiadczenia i refleksje, kt\u00f3rych nie da si\u0119 zdoby\u0107 z podr\u0119cznik\u00f3w.<\/span><\/div>\n<div dir=\"auto\">&nbsp;<\/div>\n<\/div>\n<div class=\"x14z9mp xat24cr x1lziwak x1vvkbs xtlvy1s x126k92a\">\n<div dir=\"auto\" style=\"text-align: right;\"><span style=\"color: #000080;\">Marta Lackowska<\/span><\/div>\n<div dir=\"auto\" style=\"text-align: right;\"><span style=\"color: #000080;\">Edyta Miller-Wiatrowska<\/span><\/div>\n<div dir=\"auto\" style=\"text-align: right;\"><span style=\"color: #000080;\">Monika Jako\u015b-W\u00f3r<\/span><\/div>\n<div dir=\"auto\" style=\"text-align: right;\"><span style=\"color: #000080;\">Anna Lewandowska<\/span><\/div>\n<div dir=\"auto\">\nngg_shortcode_0_placeholder\n<\/div>\n<\/div>\n","protected":false},"excerpt":{"rendered":"<p>W dniach od 9 do 11 czerwca uczniowie klas 7 i 8 wzi\u0119li udzia\u0142 w trzydniowej wycieczce edukacyjnej, kt\u00f3rej program obejmowa\u0142 zwiedzanie Kopalni Soli w Bochni, zabytkowego Krakowa oraz by\u0142ego niemieckiego nazistowskiego obozu koncentracyjnego Auschwitz-Birkenau w O\u015bwi\u0119cimiu. By\u0142a to podr\u00f3\u017c pe\u0142na wra\u017ce\u0144 \u2013 zar\u00f3wno przyjemnych, jak i refleksyjnych \u2013 kt\u00f3ra na d\u0142ugo pozostanie w naszej [&hellip;]<\/p>\n","protected":false},"author":2,"featured_media":0,"parent":5983,"menu_order":0,"comment_status":"closed","ping_status":"closed","template":"","meta":{"ngg_post_thumbnail":0,"footnotes":""},"class_list":["post-28659","page","type-page","status-publish","hentry"],"_links":{"self":[{"href":"https:\/\/sp1hrubieszow.pl\/index.php\/wp-json\/wp\/v2\/pages\/28659","targetHints":{"allow":["GET"]}}],"collection":[{"href":"https:\/\/sp1hrubieszow.pl\/index.php\/wp-json\/wp\/v2\/pages"}],"about":[{"href":"https:\/\/sp1hrubieszow.pl\/index.php\/wp-json\/wp\/v2\/types\/page"}],"author":[{"embeddable":true,"href":"https:\/\/sp1hrubieszow.pl\/index.php\/wp-json\/wp\/v2\/users\/2"}],"replies":[{"embeddable":true,"href":"https:\/\/sp1hrubieszow.pl\/index.php\/wp-json\/wp\/v2\/comments?post=28659"}],"version-history":[{"count":1,"href":"https:\/\/sp1hrubieszow.pl\/index.php\/wp-json\/wp\/v2\/pages\/28659\/revisions"}],"predecessor-version":[{"id":28660,"href":"https:\/\/sp1hrubieszow.pl\/index.php\/wp-json\/wp\/v2\/pages\/28659\/revisions\/28660"}],"up":[{"embeddable":true,"href":"https:\/\/sp1hrubieszow.pl\/index.php\/wp-json\/wp\/v2\/pages\/5983"}],"wp:attachment":[{"href":"https:\/\/sp1hrubieszow.pl\/index.php\/wp-json\/wp\/v2\/media?parent=28659"}],"curies":[{"name":"wp","href":"https:\/\/api.w.org\/{rel}","templated":true}]}}