{"id":28611,"date":"2025-06-06T20:44:09","date_gmt":"2025-06-06T18:44:09","guid":{"rendered":"https:\/\/sp1hrubieszow.pl\/?page_id=28611"},"modified":"2025-06-06T20:44:25","modified_gmt":"2025-06-06T18:44:25","slug":"podroz-w-swiat-wartosci","status":"publish","type":"page","link":"https:\/\/sp1hrubieszow.pl\/index.php\/kronika-2020-2021\/podroz-w-swiat-wartosci\/","title":{"rendered":"&#8222;Podr\u00f3\u017c w \u015bwiat warto\u015bci&#8221;"},"content":{"rendered":"\n<div dir=\"auto\"><span style=\"color: #000080;\">6 czerwca 2025r. uczniowie kl. 4c z wychowawc\u0105 Sylwi\u0105 Wojak wzi\u0119li udzia\u0142 w zaj\u0119ciach &#8222;Podr\u00f3\u017c w \u015bwiat warto\u015bci&#8221; zorganizowanych przez Miejsk\u0105 Bibliotek\u0119 Publiczn\u0105 Hrubieszowskiego Centrum Dziedzictwa. Zaj\u0119cia przeprowadzi\u0142a p. Beata Panasiewicz. Celem spotkania by\u0142o u\u015bwiadomienie uczniom znaczenia s\u0142owa &#8221; szacunek &#8222;, kszta\u0142towanie nawyk\u00f3w pozytywnego zachowania si\u0119 w szkole i poza ni\u0105, kulturalnego zwracania si\u0119 do innych i przestrzegania form grzeczno\u015bciowych.<\/span><\/div>\n<div dir=\"auto\"><span style=\"color: #000080;\">Dzi\u0119kujemy za ciekawie poprowadzone zaj\u0119cia.<\/span><\/div>\n<div dir=\"auto\">\nngg_shortcode_0_placeholder\n<\/div>\n","protected":false},"excerpt":{"rendered":"<p>6 czerwca 2025r. uczniowie kl. 4c z wychowawc\u0105 Sylwi\u0105 Wojak wzi\u0119li udzia\u0142 w zaj\u0119ciach &#8222;Podr\u00f3\u017c w \u015bwiat warto\u015bci&#8221; zorganizowanych przez Miejsk\u0105 Bibliotek\u0119 Publiczn\u0105 Hrubieszowskiego Centrum Dziedzictwa. Zaj\u0119cia przeprowadzi\u0142a p. Beata Panasiewicz. Celem spotkania by\u0142o u\u015bwiadomienie uczniom znaczenia s\u0142owa &#8221; szacunek &#8222;, kszta\u0142towanie nawyk\u00f3w pozytywnego zachowania si\u0119 w szkole i poza ni\u0105, kulturalnego zwracania si\u0119 do [&hellip;]<\/p>\n","protected":false},"author":2,"featured_media":0,"parent":5983,"menu_order":0,"comment_status":"closed","ping_status":"closed","template":"","meta":{"ngg_post_thumbnail":0,"footnotes":""},"class_list":["post-28611","page","type-page","status-publish","hentry"],"_links":{"self":[{"href":"https:\/\/sp1hrubieszow.pl\/index.php\/wp-json\/wp\/v2\/pages\/28611","targetHints":{"allow":["GET"]}}],"collection":[{"href":"https:\/\/sp1hrubieszow.pl\/index.php\/wp-json\/wp\/v2\/pages"}],"about":[{"href":"https:\/\/sp1hrubieszow.pl\/index.php\/wp-json\/wp\/v2\/types\/page"}],"author":[{"embeddable":true,"href":"https:\/\/sp1hrubieszow.pl\/index.php\/wp-json\/wp\/v2\/users\/2"}],"replies":[{"embeddable":true,"href":"https:\/\/sp1hrubieszow.pl\/index.php\/wp-json\/wp\/v2\/comments?post=28611"}],"version-history":[{"count":1,"href":"https:\/\/sp1hrubieszow.pl\/index.php\/wp-json\/wp\/v2\/pages\/28611\/revisions"}],"predecessor-version":[{"id":28612,"href":"https:\/\/sp1hrubieszow.pl\/index.php\/wp-json\/wp\/v2\/pages\/28611\/revisions\/28612"}],"up":[{"embeddable":true,"href":"https:\/\/sp1hrubieszow.pl\/index.php\/wp-json\/wp\/v2\/pages\/5983"}],"wp:attachment":[{"href":"https:\/\/sp1hrubieszow.pl\/index.php\/wp-json\/wp\/v2\/media?parent=28611"}],"curies":[{"name":"wp","href":"https:\/\/api.w.org\/{rel}","templated":true}]}}