{"id":28591,"date":"2025-06-03T18:35:23","date_gmt":"2025-06-03T16:35:23","guid":{"rendered":"https:\/\/sp1hrubieszow.pl\/?page_id=28591"},"modified":"2025-06-03T18:35:36","modified_gmt":"2025-06-03T16:35:36","slug":"bal-osmoklasistow-2025-niezapomniany-wieczor-pelen-wzruszen-i-radosci","status":"publish","type":"page","link":"https:\/\/sp1hrubieszow.pl\/index.php\/kronika-2020-2021\/bal-osmoklasistow-2025-niezapomniany-wieczor-pelen-wzruszen-i-radosci\/","title":{"rendered":"Bal \u00d3smoklasist\u00f3w 2025 \u2013 niezapomniany wiecz\u00f3r pe\u0142en wzrusze\u0144 i rado\u015bci"},"content":{"rendered":"\n<div class=\"x11i5rnm xat24cr x1mh8g0r x1vvkbs xtlvy1s x126k92a\">\n<div dir=\"auto\"><span style=\"color: #000080;\">31 maja 2025 r. w murach Szko\u0142y Podstawowej nr 1 odby\u0142 si\u0119 uroczysty Bal \u00d3smoklasist\u00f3w, kt\u00f3ry na d\u0142ugo pozostanie w pami\u0119ci zar\u00f3wno uczni\u00f3w, jak i nauczycieli oraz rodzic\u00f3w.<\/span><\/div>\n<div dir=\"auto\">&nbsp;<\/div>\n<\/div>\n<div class=\"x11i5rnm xat24cr x1mh8g0r x1vvkbs xtlvy1s x126k92a\">\n<div dir=\"auto\"><span style=\"color: #000080;\">Wiecz\u00f3r rozpocz\u0105\u0142 si\u0119 od cz\u0119\u015bci oficjalnej. W serdecznych przem\u00f3wieniach g\u0142os zabrali: Pani Dyrektor Edyta Kucharska, Pani Burmistrz Miasta Marta Majewska, przedstawiciele rodzic\u00f3w, a tak\u017ce m\u0142odzie\u017c, kt\u00f3ra ze wzruszeniem wspomina\u0142a wsp\u00f3lnie sp\u0119dzone lata w naszej szkole. W tym wyj\u0105tkowym momencie nie mog\u0142o zabrakn\u0105\u0107 podzi\u0119kowa\u0144 dla wychowawc\u00f3w i nauczycieli \u2013 za ich trud, cierpliwo\u015b\u0107 i codzienne wsparcie. Uczniowie wr\u0119czyli im kwiaty jako wyraz wdzi\u0119czno\u015bci i szacunku.<\/span><\/div>\n<div dir=\"auto\">&nbsp;<\/div>\n<\/div>\n<div class=\"x11i5rnm xat24cr x1mh8g0r x1vvkbs xtlvy1s x126k92a\">\n<div dir=\"auto\"><span style=\"color: #000080;\">Zgodnie z tradycj\u0105, bal rozpocz\u0105\u0142 si\u0119 dostojnym polonezem, kt\u00f3ry wszyscy zata\u0144czyli z wielkim zaanga\u017cowaniem. Po cz\u0119\u015bci oficjalnej nadszed\u0142 czas na prawdziw\u0105 zabaw\u0119! Do ta\u0144ca porwa\u0142 wszystkich DJ Wodzirej Tomas, kt\u00f3ry zadba\u0142 o doskona\u0142\u0105 atmosfer\u0119 i pe\u0142en energii repertuar. Nie zabrak\u0142o takich przeboj\u00f3w jak &#8222;Belgijka&#8221;, &#8222;Makarena&#8221; czy s\u0142ynne &#8222;Kaczuszki&#8221;, kt\u00f3re wywo\u0142a\u0142y u\u015bmiech na twarzach zar\u00f3wno m\u0142odzie\u017cy, jak i doros\u0142ych.<\/span><\/div>\n<div dir=\"auto\">&nbsp;<\/div>\n<\/div>\n<div class=\"x11i5rnm xat24cr x1mh8g0r x1vvkbs xtlvy1s x126k92a\">\n<div dir=\"auto\"><span style=\"color: #000080;\">W pewnym momencie uczestnicy spontanicznie odtworzyli kolejny wsp\u00f3lny polonez, tym razem ju\u017c w lu\u017aniejszej, radosnej ods\u0142onie. Chwile relaksu i rozm\u00f3w umili\u0142 r\u00f3wnie\u017c tort z babeczek, kt\u00f3ry okaza\u0142 si\u0119 prawdziw\u0105 atrakcj\u0105 wieczoru.<\/span><\/div>\n<div dir=\"auto\">&nbsp;<\/div>\n<\/div>\n<div class=\"x11i5rnm xat24cr x1mh8g0r x1vvkbs xtlvy1s x126k92a\">\n<div dir=\"auto\"><span style=\"color: #000080;\">Bal \u00f3smoklasist\u00f3w 2025 przebieg\u0142 w wspania\u0142ej atmosferze, pe\u0142nej emocji, wspomnie\u0144 i nadziei na przysz\u0142o\u015b\u0107. By\u0142 to pi\u0119kny fina\u0142 o\u015bmioletniej przygody w naszej szkole i symboliczny krok ku nowym wyzwaniom.<\/span><\/div>\n<div dir=\"auto\">&nbsp;<\/div>\n<div dir=\"auto\"><span style=\"color: #000080;\">Dzi\u0119kujemy wszystkim, kt\u00f3rzy przyczynili si\u0119 do organizacji tego wyj\u0105tkowego wydarzenia!<\/span><\/div>\n<div dir=\"auto\">\nngg_shortcode_0_placeholder\n<\/div>\n<\/div>\n","protected":false},"excerpt":{"rendered":"<p>31 maja 2025 r. w murach Szko\u0142y Podstawowej nr 1 odby\u0142 si\u0119 uroczysty Bal \u00d3smoklasist\u00f3w, kt\u00f3ry na d\u0142ugo pozostanie w pami\u0119ci zar\u00f3wno uczni\u00f3w, jak i nauczycieli oraz rodzic\u00f3w. &nbsp; Wiecz\u00f3r rozpocz\u0105\u0142 si\u0119 od cz\u0119\u015bci oficjalnej. W serdecznych przem\u00f3wieniach g\u0142os zabrali: Pani Dyrektor Edyta Kucharska, Pani Burmistrz Miasta Marta Majewska, przedstawiciele rodzic\u00f3w, a tak\u017ce m\u0142odzie\u017c, kt\u00f3ra [&hellip;]<\/p>\n","protected":false},"author":2,"featured_media":0,"parent":5983,"menu_order":0,"comment_status":"closed","ping_status":"closed","template":"","meta":{"ngg_post_thumbnail":0,"footnotes":""},"class_list":["post-28591","page","type-page","status-publish","hentry"],"_links":{"self":[{"href":"https:\/\/sp1hrubieszow.pl\/index.php\/wp-json\/wp\/v2\/pages\/28591","targetHints":{"allow":["GET"]}}],"collection":[{"href":"https:\/\/sp1hrubieszow.pl\/index.php\/wp-json\/wp\/v2\/pages"}],"about":[{"href":"https:\/\/sp1hrubieszow.pl\/index.php\/wp-json\/wp\/v2\/types\/page"}],"author":[{"embeddable":true,"href":"https:\/\/sp1hrubieszow.pl\/index.php\/wp-json\/wp\/v2\/users\/2"}],"replies":[{"embeddable":true,"href":"https:\/\/sp1hrubieszow.pl\/index.php\/wp-json\/wp\/v2\/comments?post=28591"}],"version-history":[{"count":1,"href":"https:\/\/sp1hrubieszow.pl\/index.php\/wp-json\/wp\/v2\/pages\/28591\/revisions"}],"predecessor-version":[{"id":28592,"href":"https:\/\/sp1hrubieszow.pl\/index.php\/wp-json\/wp\/v2\/pages\/28591\/revisions\/28592"}],"up":[{"embeddable":true,"href":"https:\/\/sp1hrubieszow.pl\/index.php\/wp-json\/wp\/v2\/pages\/5983"}],"wp:attachment":[{"href":"https:\/\/sp1hrubieszow.pl\/index.php\/wp-json\/wp\/v2\/media?parent=28591"}],"curies":[{"name":"wp","href":"https:\/\/api.w.org\/{rel}","templated":true}]}}