{"id":2857,"date":"2019-11-12T20:30:15","date_gmt":"2019-11-12T19:30:15","guid":{"rendered":"http:\/\/sp1.hrubieszow.info\/?page_id=2857"},"modified":"2019-11-12T20:30:41","modified_gmt":"2019-11-12T19:30:41","slug":"my-pierwsza-brygada","status":"publish","type":"page","link":"https:\/\/sp1hrubieszow.pl\/index.php\/kronika-2019-2020\/my-pierwsza-brygada\/","title":{"rendered":"\u201eMy, Pierwsza Brygada\u2026\u201d"},"content":{"rendered":"\n<p><span style=\"color: #000066;\"><span style=\"font-family: Arial, sans-serif;\"><span style=\"font-size: medium;\">Redakcja Szkolnego Radiow\u0119z\u0142a w\u0142\u0105czy\u0142a si\u0119 w uroczyste Obchody \u015awi\u0119ta Odzyskania Niepodleg\u0142o\u015bci, kt\u00f3re w SP nr 1 mia\u0142y miejsce 08.11.2019r.<\/span><\/span><\/span><\/p>\n<p><span style=\"color: #000066;\"><span style=\"font-family: Arial, sans-serif;\"><span style=\"font-size: medium;\">Uczennice klasy 5b, przy akompaniamencie muzycznym, rozdawa\u0142y najm\u0142odszym kolegom przygotowany tekst pie\u015bni patriotycznej \u201eMy, Pierwsza Brygada\u2026\u201d. <\/span><\/span><\/span><\/p>\n<p><span style=\"color: #000066;\"><span style=\"font-family: Arial, sans-serif;\"><span style=\"font-size: medium;\">Akcja mia\u0142a na celu popularyzowanie w\u015br\u00f3d spo\u0142eczno\u015bci szkolnej pie\u015bni narodowych, kszta\u0142cenie postaw obywatelskich i patriotycznych oraz rozbudzenie poczucia przynale\u017cno\u015bci do spo\u0142eczno\u015bci, kt\u00f3ra mo\u017ce cieszy\u0107 si\u0119 woln\u0105 i suwerenn\u0105 Ojczyzn\u0105.<\/span><\/span><\/span><\/p>\nngg_shortcode_0_placeholder\n","protected":false},"excerpt":{"rendered":"<p>Redakcja Szkolnego Radiow\u0119z\u0142a w\u0142\u0105czy\u0142a si\u0119 w uroczyste Obchody \u015awi\u0119ta Odzyskania Niepodleg\u0142o\u015bci, kt\u00f3re w SP nr 1 mia\u0142y miejsce 08.11.2019r. Uczennice klasy 5b, przy akompaniamencie muzycznym, rozdawa\u0142y najm\u0142odszym kolegom przygotowany tekst pie\u015bni patriotycznej \u201eMy, Pierwsza Brygada\u2026\u201d. Akcja mia\u0142a na celu popularyzowanie w\u015br\u00f3d spo\u0142eczno\u015bci szkolnej pie\u015bni narodowych, kszta\u0142cenie postaw obywatelskich i patriotycznych oraz rozbudzenie poczucia przynale\u017cno\u015bci do [&hellip;]<\/p>\n","protected":false},"author":2,"featured_media":0,"parent":2167,"menu_order":0,"comment_status":"closed","ping_status":"closed","template":"","meta":{"ngg_post_thumbnail":0,"footnotes":""},"class_list":["post-2857","page","type-page","status-publish","hentry"],"_links":{"self":[{"href":"https:\/\/sp1hrubieszow.pl\/index.php\/wp-json\/wp\/v2\/pages\/2857","targetHints":{"allow":["GET"]}}],"collection":[{"href":"https:\/\/sp1hrubieszow.pl\/index.php\/wp-json\/wp\/v2\/pages"}],"about":[{"href":"https:\/\/sp1hrubieszow.pl\/index.php\/wp-json\/wp\/v2\/types\/page"}],"author":[{"embeddable":true,"href":"https:\/\/sp1hrubieszow.pl\/index.php\/wp-json\/wp\/v2\/users\/2"}],"replies":[{"embeddable":true,"href":"https:\/\/sp1hrubieszow.pl\/index.php\/wp-json\/wp\/v2\/comments?post=2857"}],"version-history":[{"count":1,"href":"https:\/\/sp1hrubieszow.pl\/index.php\/wp-json\/wp\/v2\/pages\/2857\/revisions"}],"predecessor-version":[{"id":2858,"href":"https:\/\/sp1hrubieszow.pl\/index.php\/wp-json\/wp\/v2\/pages\/2857\/revisions\/2858"}],"up":[{"embeddable":true,"href":"https:\/\/sp1hrubieszow.pl\/index.php\/wp-json\/wp\/v2\/pages\/2167"}],"wp:attachment":[{"href":"https:\/\/sp1hrubieszow.pl\/index.php\/wp-json\/wp\/v2\/media?parent=2857"}],"curies":[{"name":"wp","href":"https:\/\/api.w.org\/{rel}","templated":true}]}}