{"id":28563,"date":"2025-06-03T18:02:25","date_gmt":"2025-06-03T16:02:25","guid":{"rendered":"https:\/\/sp1hrubieszow.pl\/?page_id=28563"},"modified":"2025-06-03T18:02:55","modified_gmt":"2025-06-03T16:02:55","slug":"wycieczka-klas-czwartych","status":"publish","type":"page","link":"https:\/\/sp1hrubieszow.pl\/index.php\/kronika-2020-2021\/wycieczka-klas-czwartych\/","title":{"rendered":"Wycieczka klas czwartych"},"content":{"rendered":"\n<p><span style=\"color: #000080;\" data-olk-copy-source=\"MessageBody\">Dnia 29 maja uczniowie klas 4a, 4b i 4c pod opiek\u0105 swoich wychowawczy\u0144 \u2013 Magdaleny S\u0142owik, Joanny Grzeszczuk i Sylwii Wojak \u2013 wybrali si\u0119 na d\u0142ugo wyczekiwan\u0105 wycieczk\u0119 do Janowa Lubelskiego, gdzie odwiedzili Park Rekreacji Zoom Natury. By\u0142 to dzie\u0144 pe\u0142en rado\u015bci, emocji i naukowych odkry\u0107.<\/span><\/p>\n<p><span style=\"color: #000080;\">Po dotarciu na miejsce rozpocz\u0119\u0142a si\u0119 prawdziwa przygoda. Dzieci mia\u0142y okazj\u0119 sprawdzi\u0107 swoje si\u0142y i prze\u0142ama\u0107 l\u0119ki na parku linowym, kt\u00f3ry dostarczy\u0142 im wielu niezapomnianych wra\u017ce\u0144. Z u\u015bmiechami na twarzach pokonywa\u0142y kolejne przeszkody, wykazuj\u0105c si\u0119 odwag\u0105, sprawno\u015bci\u0105 fizyczn\u0105 i wzajemnym wsparciem.<\/span><\/p>\n<p><span style=\"color: #000080;\">Zwiedzali\u015bmy r\u00f3wnie\u017c nowoczesne laboratoria wiedzy znajduj\u0105ce si\u0119 na terenie Zoom Natury. Uczniowie wzi\u0119li udzia\u0142 w interaktywnych zaj\u0119ciach, podczas kt\u00f3rych mogli eksperymentowa\u0107, obserwowa\u0107 i uczy\u0107 si\u0119 przez zabaw\u0119. Ogromne wra\u017cenie zrobi\u0142y na nich eksponaty zwi\u0105zane z przyrod\u0105, technologi\u0105 i naukami \u015bcis\u0142ymi.<\/span><\/p>\n<p><span style=\"color: #000080;\">Pogoda dopisa\u0142a, humory r\u00f3wnie\u017c \u2013 wsp\u00f3lne chwile sp\u0119dzone na \u015bwie\u017cym powietrzu, w otoczeniu natury i w gronie r\u00f3wie\u015bnik\u00f3w, sprzyja\u0142y integracji i budowaniu relacji. Dzie\u0144 ten na d\u0142ugo pozostanie w pami\u0119ci uczni\u00f3w, kt\u00f3rzy ju\u017c teraz nie mog\u0105 si\u0119 doczeka\u0107 kolejnych wsp\u00f3lnych wyjazd\u00f3w.<\/span><\/p>\nngg_shortcode_0_placeholder\n","protected":false},"excerpt":{"rendered":"<p>Dnia 29 maja uczniowie klas 4a, 4b i 4c pod opiek\u0105 swoich wychowawczy\u0144 \u2013 Magdaleny S\u0142owik, Joanny Grzeszczuk i Sylwii Wojak \u2013 wybrali si\u0119 na d\u0142ugo wyczekiwan\u0105 wycieczk\u0119 do Janowa Lubelskiego, gdzie odwiedzili Park Rekreacji Zoom Natury. By\u0142 to dzie\u0144 pe\u0142en rado\u015bci, emocji i naukowych odkry\u0107. Po dotarciu na miejsce rozpocz\u0119\u0142a si\u0119 prawdziwa przygoda. Dzieci [&hellip;]<\/p>\n","protected":false},"author":2,"featured_media":0,"parent":5983,"menu_order":0,"comment_status":"closed","ping_status":"closed","template":"","meta":{"ngg_post_thumbnail":0,"footnotes":""},"class_list":["post-28563","page","type-page","status-publish","hentry"],"_links":{"self":[{"href":"https:\/\/sp1hrubieszow.pl\/index.php\/wp-json\/wp\/v2\/pages\/28563","targetHints":{"allow":["GET"]}}],"collection":[{"href":"https:\/\/sp1hrubieszow.pl\/index.php\/wp-json\/wp\/v2\/pages"}],"about":[{"href":"https:\/\/sp1hrubieszow.pl\/index.php\/wp-json\/wp\/v2\/types\/page"}],"author":[{"embeddable":true,"href":"https:\/\/sp1hrubieszow.pl\/index.php\/wp-json\/wp\/v2\/users\/2"}],"replies":[{"embeddable":true,"href":"https:\/\/sp1hrubieszow.pl\/index.php\/wp-json\/wp\/v2\/comments?post=28563"}],"version-history":[{"count":1,"href":"https:\/\/sp1hrubieszow.pl\/index.php\/wp-json\/wp\/v2\/pages\/28563\/revisions"}],"predecessor-version":[{"id":28564,"href":"https:\/\/sp1hrubieszow.pl\/index.php\/wp-json\/wp\/v2\/pages\/28563\/revisions\/28564"}],"up":[{"embeddable":true,"href":"https:\/\/sp1hrubieszow.pl\/index.php\/wp-json\/wp\/v2\/pages\/5983"}],"wp:attachment":[{"href":"https:\/\/sp1hrubieszow.pl\/index.php\/wp-json\/wp\/v2\/media?parent=28563"}],"curies":[{"name":"wp","href":"https:\/\/api.w.org\/{rel}","templated":true}]}}