{"id":2844,"date":"2019-11-12T20:17:39","date_gmt":"2019-11-12T19:17:39","guid":{"rendered":"http:\/\/sp1.hrubieszow.info\/?page_id=2844"},"modified":"2019-11-12T20:18:09","modified_gmt":"2019-11-12T19:18:09","slug":"droga-do-wolnosci","status":"publish","type":"page","link":"https:\/\/sp1hrubieszow.pl\/index.php\/kronika-2019-2020\/droga-do-wolnosci\/","title":{"rendered":"Droga do wolno\u015bci&#8230;"},"content":{"rendered":"\n<p><span style=\"font-family: Arial, sans-serif; color: #000080;\">pod tym has\u0142em odby\u0142a si\u0119 w dniu 8.11.2019 uroczysta akademia z okazji Narodowego \u015awi\u0119ta Niepodleg\u0142o\u015bci. W inscenizacji udzia\u0142 wzi\u0119li uczniowie z klasy 2c, przedstawiciele klas starszych oraz zuchy i harcerze z ZHR. S\u0142owa skierowane do publiczno\u015bci przepe\u0142nione by\u0142y powag\u0105 i patriotyzmem. Ca\u0142a spo\u0142eczno\u015b\u0107 szkolna od\u015bpiewa\u0142a cztery zwrotki hymnu pa\u0144stwowego. Biel i czerwie\u0144 dope\u0142nia\u0142y podnios\u0142o\u015b\u0107 uroczysto\u015bci. <\/span><\/p>\n<p><span style=\"font-family: Arial, sans-serif; color: #000080;\">Scenografi\u0119 przygotowa\u0142a pani Arleta Kowalska i pani Ewa Filipowicz \u2013 Sidorczuk, opraw\u0119 muzyczn\u0105 zapewni\u0142 pan Arkadiusz Mielniczek, a nad ca\u0142o\u015bci\u0105 czuwa\u0142y panie: Joanna Nazar, Monika Czulak i Agnieszka Kolano.<\/span><\/p>\nngg_shortcode_0_placeholder\n","protected":false},"excerpt":{"rendered":"<p>pod tym has\u0142em odby\u0142a si\u0119 w dniu 8.11.2019 uroczysta akademia z okazji Narodowego \u015awi\u0119ta Niepodleg\u0142o\u015bci. W inscenizacji udzia\u0142 wzi\u0119li uczniowie z klasy 2c, przedstawiciele klas starszych oraz zuchy i harcerze z ZHR. S\u0142owa skierowane do publiczno\u015bci przepe\u0142nione by\u0142y powag\u0105 i patriotyzmem. Ca\u0142a spo\u0142eczno\u015b\u0107 szkolna od\u015bpiewa\u0142a cztery zwrotki hymnu pa\u0144stwowego. Biel i czerwie\u0144 dope\u0142nia\u0142y podnios\u0142o\u015b\u0107 uroczysto\u015bci. [&hellip;]<\/p>\n","protected":false},"author":2,"featured_media":0,"parent":2167,"menu_order":0,"comment_status":"closed","ping_status":"closed","template":"","meta":{"ngg_post_thumbnail":0,"footnotes":""},"class_list":["post-2844","page","type-page","status-publish","hentry"],"_links":{"self":[{"href":"https:\/\/sp1hrubieszow.pl\/index.php\/wp-json\/wp\/v2\/pages\/2844","targetHints":{"allow":["GET"]}}],"collection":[{"href":"https:\/\/sp1hrubieszow.pl\/index.php\/wp-json\/wp\/v2\/pages"}],"about":[{"href":"https:\/\/sp1hrubieszow.pl\/index.php\/wp-json\/wp\/v2\/types\/page"}],"author":[{"embeddable":true,"href":"https:\/\/sp1hrubieszow.pl\/index.php\/wp-json\/wp\/v2\/users\/2"}],"replies":[{"embeddable":true,"href":"https:\/\/sp1hrubieszow.pl\/index.php\/wp-json\/wp\/v2\/comments?post=2844"}],"version-history":[{"count":1,"href":"https:\/\/sp1hrubieszow.pl\/index.php\/wp-json\/wp\/v2\/pages\/2844\/revisions"}],"predecessor-version":[{"id":2846,"href":"https:\/\/sp1hrubieszow.pl\/index.php\/wp-json\/wp\/v2\/pages\/2844\/revisions\/2846"}],"up":[{"embeddable":true,"href":"https:\/\/sp1hrubieszow.pl\/index.php\/wp-json\/wp\/v2\/pages\/2167"}],"wp:attachment":[{"href":"https:\/\/sp1hrubieszow.pl\/index.php\/wp-json\/wp\/v2\/media?parent=2844"}],"curies":[{"name":"wp","href":"https:\/\/api.w.org\/{rel}","templated":true}]}}