{"id":28432,"date":"2025-05-20T16:02:21","date_gmt":"2025-05-20T14:02:21","guid":{"rendered":"https:\/\/sp1hrubieszow.pl\/?page_id=28432"},"modified":"2025-05-20T16:11:51","modified_gmt":"2025-05-20T14:11:51","slug":"dzien-patrona-szkoly-boleslaw-prus-w-sercach-spolecznosci-jedynki","status":"publish","type":"page","link":"https:\/\/sp1hrubieszow.pl\/index.php\/kronika-2020-2021\/dzien-patrona-szkoly-boleslaw-prus-w-sercach-spolecznosci-jedynki\/","title":{"rendered":"Dzie\u0144 Patrona Szko\u0142y \u2013 Boles\u0142aw Prus w sercach spo\u0142eczno\u015bci \u201eJedynki\u201d"},"content":{"rendered":"\n<p data-start=\"170\" data-end=\"442\"><span style=\"color: #000080;\"><strong data-start=\"170\" data-end=\"188\"><span class=\"_fadeIn_m1hgl_8\">19 <\/span><span class=\"_fadeIn_m1hgl_8\">maja <\/span><span class=\"_fadeIn_m1hgl_8\">2025 <\/span><span class=\"_fadeIn_m1hgl_8\">r.<\/span><\/strong> <span class=\"_fadeIn_m1hgl_8\">nasza <\/span><span class=\"_fadeIn_m1hgl_8\">szko\u0142a <\/span><span class=\"_fadeIn_m1hgl_8\">uroczy\u015bcie <\/span><span class=\"_fadeIn_m1hgl_8\">obchodzi\u0142a <\/span><strong data-start=\"224\" data-end=\"259\"><span class=\"_fadeIn_m1hgl_8\">Dzie\u0144 <\/span><span class=\"_fadeIn_m1hgl_8\">Patrona \u2013 <\/span><span class=\"_fadeIn_m1hgl_8\">Boles\u0142awa <\/span><span class=\"_fadeIn_m1hgl_8\">Prusa<\/span><\/strong><span class=\"_fadeIn_m1hgl_8\">. <\/span><span class=\"_fadeIn_m1hgl_8\">To <\/span><span class=\"_fadeIn_m1hgl_8\">wyj\u0105tkowe <\/span><span class=\"_fadeIn_m1hgl_8\">\u015bwi\u0119to <\/span><span class=\"_fadeIn_m1hgl_8\">na <\/span><span class=\"_fadeIn_m1hgl_8\">sta\u0142e <\/span><span class=\"_fadeIn_m1hgl_8\">wpisa\u0142o <\/span><span class=\"_fadeIn_m1hgl_8\">si\u0119 <\/span><span class=\"_fadeIn_m1hgl_8\">w <\/span><span class=\"_fadeIn_m1hgl_8\">kalendarz <\/span><span class=\"_fadeIn_m1hgl_8\">wydarze\u0144 \u201e<\/span><span class=\"_fadeIn_m1hgl_8\">Jedynki\u201d <\/span><span class=\"_fadeIn_m1hgl_8\">i <\/span><span class=\"_fadeIn_m1hgl_8\">jest <\/span><span class=\"_fadeIn_m1hgl_8\">piel\u0119gnowan\u0105 <\/span><span class=\"_fadeIn_m1hgl_8\">przez <\/span><span class=\"_fadeIn_m1hgl_8\">pokolenia <\/span><span class=\"_fadeIn_m1hgl_8\">tradycj\u0105, <\/span><span class=\"_fadeIn_m1hgl_8\">kt\u00f3ra <\/span><span class=\"_fadeIn_m1hgl_8\">przypomina <\/span><span class=\"_fadeIn_m1hgl_8\">o <\/span><span class=\"_fadeIn_m1hgl_8\">warto\u015bciach, <\/span><span class=\"_fadeIn_m1hgl_8\">jakie <\/span><span class=\"_fadeIn_m1hgl_8\">reprezentuje <\/span><span class=\"_fadeIn_m1hgl_8\">nasz <\/span><span class=\"_fadeIn_m1hgl_8\">Patron.<\/span><\/span><\/p>\n<p data-start=\"444\" data-end=\"998\"><span style=\"color: #000080;\"><span class=\"_fadeIn_m1hgl_8\">Tegoroczne <\/span><span class=\"_fadeIn_m1hgl_8\">obchody <\/span><span class=\"_fadeIn_m1hgl_8\">rozpocz\u0119\u0142y <\/span><span class=\"_fadeIn_m1hgl_8\">si\u0119 <\/span><span class=\"_fadeIn_m1hgl_8\">o <\/span><span class=\"_fadeIn_m1hgl_8\">godzinie <\/span><span class=\"_fadeIn_m1hgl_8\">8.00 <\/span><span class=\"_fadeIn_m1hgl_8\">audycj\u0105 <\/span><span class=\"_fadeIn_m1hgl_8\">po\u015bwi\u0119con\u0105 <\/span><span class=\"_fadeIn_m1hgl_8\">tw\u00f3rczo\u015bci <\/span><span class=\"_fadeIn_m1hgl_8\">Boles\u0142awa <\/span><span class=\"_fadeIn_m1hgl_8\">Prusa, <\/span><span class=\"_fadeIn_m1hgl_8\">przybli\u017caj\u0105c\u0105 <\/span><span class=\"_fadeIn_m1hgl_8\">sylwetk\u0119 <\/span><span class=\"_fadeIn_m1hgl_8\">pisarza <\/span><span class=\"_fadeIn_m1hgl_8\">oraz <\/span><span class=\"_fadeIn_m1hgl_8\">jego <\/span><span class=\"_fadeIn_m1hgl_8\">wk\u0142ad <\/span><span class=\"_fadeIn_m1hgl_8\">w <\/span><span class=\"_fadeIn_m1hgl_8\">literatur\u0119 <\/span><span class=\"_fadeIn_m1hgl_8\">i <\/span><span class=\"_fadeIn_m1hgl_8\">kultur\u0119 <\/span><span class=\"_fadeIn_m1hgl_8\">polsk\u0105. <\/span><span class=\"_fadeIn_m1hgl_8\">Nast\u0119pnie <\/span><span class=\"_fadeIn_m1hgl_8\">ca\u0142a <\/span><span class=\"_fadeIn_m1hgl_8\">spo\u0142eczno\u015b\u0107 <\/span><span class=\"_fadeIn_m1hgl_8\">szkolna <\/span><span class=\"_fadeIn_m1hgl_8\">spotka\u0142a <\/span><span class=\"_fadeIn_m1hgl_8\">si\u0119 <\/span><span class=\"_fadeIn_m1hgl_8\">na <\/span><span class=\"_fadeIn_m1hgl_8\">placu <\/span><span class=\"_fadeIn_m1hgl_8\">rekreacyjnym, <\/span><span class=\"_fadeIn_m1hgl_8\">gdzie <\/span><span class=\"_fadeIn_m1hgl_8\">po <\/span><span class=\"_fadeIn_m1hgl_8\">uczczeniu <\/span><span class=\"_fadeIn_m1hgl_8\">pami\u0119ci <\/span><span class=\"_fadeIn_m1hgl_8\">Patrona <\/span><span class=\"_fadeIn_m1hgl_8\">minut\u0105 <\/span><span class=\"_fadeIn_m1hgl_8\">ciszy, <\/span><span class=\"_fadeIn_m1hgl_8\">uformowano <\/span><span class=\"_fadeIn_m1hgl_8\">tradycyjny <\/span><strong data-start=\"797\" data-end=\"833\"><span class=\"_fadeIn_m1hgl_8\">korow\u00f3d <\/span><span class=\"_fadeIn_m1hgl_8\">w <\/span><span class=\"_fadeIn_m1hgl_8\">prusowskich <\/span><span class=\"_fadeIn_m1hgl_8\">melonikach<\/span><\/strong><span class=\"_fadeIn_m1hgl_8\">. <\/span><span class=\"_fadeIn_m1hgl_8\">Ten <\/span><span class=\"_fadeIn_m1hgl_8\">charakterystyczny <\/span><span class=\"_fadeIn_m1hgl_8\">element <\/span><span class=\"_fadeIn_m1hgl_8\">obchod\u00f3w <\/span><span class=\"_fadeIn_m1hgl_8\">to <\/span><span class=\"_fadeIn_m1hgl_8\">nie <\/span><span class=\"_fadeIn_m1hgl_8\">tylko <\/span><span class=\"_fadeIn_m1hgl_8\">nawi\u0105zanie <\/span><span class=\"_fadeIn_m1hgl_8\">do <\/span><span class=\"_fadeIn_m1hgl_8\">epoki <\/span><span class=\"_fadeIn_m1hgl_8\">pozytywizmu, <\/span><span class=\"_fadeIn_m1hgl_8\">w <\/span><span class=\"_fadeIn_m1hgl_8\">kt\u00f3rej <\/span><span class=\"_fadeIn_m1hgl_8\">\u017cy\u0142 <\/span><span class=\"_fadeIn_m1hgl_8\">Boles\u0142aw <\/span><span class=\"_fadeIn_m1hgl_8\">Prus, <\/span><span class=\"_fadeIn_m1hgl_8\">ale <\/span><span class=\"_fadeIn_m1hgl_8\">r\u00f3wnie\u017c <\/span><span class=\"_fadeIn_m1hgl_8\">symbol <\/span><span class=\"_fadeIn_m1hgl_8\">\u0142\u0105cz\u0105cy <\/span><span class=\"_fadeIn_m1hgl_8\">ca\u0142\u0105 <\/span><span class=\"_fadeIn_m1hgl_8\">szkoln\u0105 <\/span><span class=\"_fadeIn_m1hgl_8\">wsp\u00f3lnot\u0119.<\/span><\/span><\/p>\n<p data-start=\"1000\" data-end=\"1404\"><span style=\"color: #000080;\"><span class=\"_fadeIn_m1hgl_8\">Korow\u00f3d <\/span><span class=\"_fadeIn_m1hgl_8\">przeszed\u0142 <\/span><span class=\"_fadeIn_m1hgl_8\">ulicami <\/span><span class=\"_fadeIn_m1hgl_8\">miasta, <\/span><span class=\"_fadeIn_m1hgl_8\">kieruj\u0105c <\/span><span class=\"_fadeIn_m1hgl_8\">si\u0119 <\/span><span class=\"_fadeIn_m1hgl_8\">do <\/span><span class=\"_fadeIn_m1hgl_8\">Parku <\/span><span class=\"_fadeIn_m1hgl_8\">Miejskiego. <\/span><span class=\"_fadeIn_m1hgl_8\">Po <\/span><span class=\"_fadeIn_m1hgl_8\">drodze <\/span><span class=\"_fadeIn_m1hgl_8\">z\u0142o\u017cono <\/span><span class=\"_fadeIn_m1hgl_8\">kwiaty <\/span><span class=\"_fadeIn_m1hgl_8\">w <\/span><span class=\"_fadeIn_m1hgl_8\">miejscu <\/span><span class=\"_fadeIn_m1hgl_8\">urodzenia <\/span><span class=\"_fadeIn_m1hgl_8\">Boles\u0142awa <\/span><span class=\"_fadeIn_m1hgl_8\">Prusa, <\/span><span class=\"_fadeIn_m1hgl_8\">a <\/span><span class=\"_fadeIn_m1hgl_8\">nast\u0119pnie <\/span><span class=\"_fadeIn_m1hgl_8\">przy <\/span><span class=\"_fadeIn_m1hgl_8\">jego <\/span><span class=\"_fadeIn_m1hgl_8\">pomniku. <\/span><span class=\"_fadeIn_m1hgl_8\">Tam <\/span><span class=\"_fadeIn_m1hgl_8\">te\u017c <\/span><span class=\"_fadeIn_m1hgl_8\">mia\u0142o <\/span><span class=\"_fadeIn_m1hgl_8\">miejsce <\/span><strong data-start=\"1183\" data-end=\"1236\"><span class=\"_fadeIn_m1hgl_8\">podsumowanie <\/span><span class=\"_fadeIn_m1hgl_8\">konkurs\u00f3w <\/span><span class=\"_fadeIn_m1hgl_8\">literackich <\/span><span class=\"_fadeIn_m1hgl_8\">i <\/span><span class=\"_fadeIn_m1hgl_8\">plastycznych<\/span><\/strong> <span class=\"_fadeIn_m1hgl_8\">zwi\u0105zanych <\/span><span class=\"_fadeIn_m1hgl_8\">z <\/span><span class=\"_fadeIn_m1hgl_8\">\u017cyciem <\/span><span class=\"_fadeIn_m1hgl_8\">i <\/span><span class=\"_fadeIn_m1hgl_8\">tw\u00f3rczo\u015bci\u0105 <\/span><span class=\"_fadeIn_m1hgl_8\">Patrona. <\/span><span class=\"_fadeIn_m1hgl_8\">Wydarzenie <\/span><span class=\"_fadeIn_m1hgl_8\">to <\/span><span class=\"_fadeIn_m1hgl_8\">mia\u0142o <\/span><span class=\"_fadeIn_m1hgl_8\">na <\/span><span class=\"_fadeIn_m1hgl_8\">celu <\/span><span class=\"_fadeIn_m1hgl_8\">popularyzacj\u0119 <\/span><span class=\"_fadeIn_m1hgl_8\">dzie\u0142 <\/span><span class=\"_fadeIn_m1hgl_8\">Boles\u0142awa <\/span><span class=\"_fadeIn_m1hgl_8\">Prusa <\/span><span class=\"_fadeIn_m1hgl_8\">oraz <\/span><span class=\"_fadeIn_m1hgl_8\">rozwijanie <\/span><span class=\"_fadeIn_m1hgl_8\">zainteresowa\u0144 <\/span><span class=\"_fadeIn_m1hgl_8\">humanistycznych i plastycznych <\/span><span class=\"_fadeIn_m1hgl_8\">w\u015br\u00f3d <\/span><span class=\"_fadeIn_m1hgl_8\">uczni\u00f3w.<\/span><\/span><\/p>\n<p data-start=\"1406\" data-end=\"1669\"><span style=\"color: #000080;\"><span class=\"_fadeIn_m1hgl_8\">Tegoroczny <\/span><span class=\"_fadeIn_m1hgl_8\">Dzie\u0144 <\/span><span class=\"_fadeIn_m1hgl_8\">Patrona <\/span><span class=\"_fadeIn_m1hgl_8\">mia\u0142 <\/span><span class=\"_fadeIn_m1hgl_8\">r\u00f3wnie\u017c <\/span><span class=\"_fadeIn_m1hgl_8\">wyj\u0105tkowy <\/span><span class=\"_fadeIn_m1hgl_8\">wymiar, <\/span><span class=\"_fadeIn_m1hgl_8\">poniewa\u017c <\/span><span class=\"_fadeIn_m1hgl_8\">nawi\u0105zywa\u0142 <\/span><span class=\"_fadeIn_m1hgl_8\">do <\/span><strong data-start=\"1485\" data-end=\"1529\"><span class=\"_fadeIn_m1hgl_8\">nadchodz\u0105cego <\/span><span class=\"_fadeIn_m1hgl_8\">Jubileuszu <\/span><span class=\"_fadeIn_m1hgl_8\">60-<\/span><span class=\"_fadeIn_m1hgl_8\">lecia <\/span><span class=\"_fadeIn_m1hgl_8\">szko\u0142y<\/span><\/strong><span class=\"_fadeIn_m1hgl_8\">, <\/span><span class=\"_fadeIn_m1hgl_8\">kt\u00f3ry <\/span><span class=\"_fadeIn_m1hgl_8\">odb\u0119dzie <\/span><span class=\"_fadeIn_m1hgl_8\">si\u0119 <\/span><span class=\"_fadeIn_m1hgl_8\">ju\u017c <\/span><span class=\"_fadeIn_m1hgl_8\">19 <\/span><span class=\"_fadeIn_m1hgl_8\">wrze\u015bnia. <\/span><span class=\"_fadeIn_m1hgl_8\">To <\/span><span class=\"_fadeIn_m1hgl_8\">wydarzenie <\/span><span class=\"_fadeIn_m1hgl_8\">b\u0119dzie <\/span><span class=\"_fadeIn_m1hgl_8\">kolejn\u0105 <\/span><span class=\"_fadeIn_m1hgl_8\">okazj\u0105 <\/span><span class=\"_fadeIn_m1hgl_8\">do <\/span><span class=\"_fadeIn_m1hgl_8\">wsp\u00f3lnego <\/span><span class=\"_fadeIn_m1hgl_8\">\u015bwi\u0119towania <\/span><span class=\"_fadeIn_m1hgl_8\">i <\/span><span class=\"_fadeIn_m1hgl_8\">refleksji <\/span><span class=\"_fadeIn_m1hgl_8\">nad <\/span><span class=\"_fadeIn_m1hgl_8\">histori\u0105 <\/span><span class=\"_fadeIn_m1hgl_8\">naszej <\/span><span class=\"_fadeIn_m1hgl_8\">plac\u00f3wki.<\/span><\/span><\/p>\n<p data-start=\"1840\" data-end=\"2080\"><span style=\"color: #000080;\"><span class=\"_fadeIn_m1hgl_8\">Dzi\u0119kujemy <\/span><span class=\"_fadeIn_m1hgl_8\">wszystkim <\/span><span class=\"_fadeIn_m1hgl_8\">uczniom, <\/span><span class=\"_fadeIn_m1hgl_8\">nauczycielom <\/span><span class=\"_fadeIn_m1hgl_8\">i <\/span><span class=\"_fadeIn_m1hgl_8\">rodzicom <\/span><span class=\"_fadeIn_m1hgl_8\">za <\/span><span class=\"_fadeIn_m1hgl_8\">zaanga\u017cowanie <\/span><span class=\"_fadeIn_m1hgl_8\">w <\/span><span class=\"_fadeIn_m1hgl_8\">organizacj\u0119 <\/span><span class=\"_fadeIn_m1hgl_8\">tego <\/span><span class=\"_fadeIn_m1hgl_8\">pi\u0119knego <\/span><span class=\"_fadeIn_m1hgl_8\">dnia. <\/span><span class=\"_fadeIn_m1hgl_8\">Jeste\u015bmy <\/span><span class=\"_fadeIn_m1hgl_8\">dumni, <\/span><span class=\"_fadeIn_m1hgl_8\">\u017ce <\/span><span class=\"_fadeIn_m1hgl_8\">mo\u017cemy <\/span><span class=\"_fadeIn_m1hgl_8\">wsp\u00f3lnie <\/span><span class=\"_fadeIn_m1hgl_8\">kultywowa\u0107 <\/span><span class=\"_fadeIn_m1hgl_8\">pami\u0119\u0107 <\/span><span class=\"_fadeIn_m1hgl_8\">o <\/span><span class=\"_fadeIn_m1hgl_8\">Boles\u0142awie <\/span><span class=\"_fadeIn_m1hgl_8\">Prusie <\/span><span class=\"_fadeIn_m1hgl_8\">i <\/span><span class=\"_fadeIn_m1hgl_8\">piel\u0119gnowa\u0107 <\/span><span class=\"_fadeIn_m1hgl_8\">warto\u015bci, <\/span><span class=\"_fadeIn_m1hgl_8\">kt\u00f3re <\/span><span class=\"_fadeIn_m1hgl_8\">przekazywa\u0142 <\/span><span class=\"_fadeIn_m1hgl_8\">w <\/span><span class=\"_fadeIn_m1hgl_8\">swojej <\/span><span class=\"_fadeIn_m1hgl_8\">tw\u00f3rczo\u015bci.<\/span><\/span><\/p>\n<p><span style=\"color: #000080;\"><strong>Nagrodzeni w Szkolnym Konkursie Poetyckim \u201eWierszyk do gazetki\u201d <\/strong><strong>pt. \u201eMoja szko\u0142a Jubilatka\u201d:&nbsp;<\/strong><\/span><\/p>\n<p><span style=\"color: #000080;\"><strong>Klasy 1-3<\/strong><\/span><\/p>\n<p><span style=\"color: #000080;\">I miejsce: Kornelia Kozdro\u0144 z kl.1b<\/span><\/p>\n<p><span style=\"color: #000080;\">II miejsce Marcelina Nowicka z kl. 1a<\/span><\/p>\n<p><span style=\"color: #000080;\">III miejsca: Eliza Daciuk z kl. 2a oraz Nikola G\u0142owacz z kl. 2b<\/span><\/p>\n<p><span style=\"color: #000080;\"><strong>Wyr\u00f3\u017cnienia:<\/strong><\/span><\/p>\n<p><span style=\"color: #000080;\">Kuba Bia\u0142osiewicz, 1a<\/span><\/p>\n<p><span style=\"color: #000080;\">Diana Go\u0142\u0119biowska 1a<\/span><\/p>\n<p><span style=\"color: #000080;\">Emilia Wysocka 1a<\/span><\/p>\n<p><span style=\"color: #000080;\">Zofia Czupry\u0144ska 1a<\/span><\/p>\n<p><span style=\"color: #000080;\">Jowita Chmielewska 1a<\/span><\/p>\n<p><span style=\"color: #000080;\">Anna Skowronek 1a<\/span><\/p>\n<p><span style=\"color: #000080;\">Franciszek Ciesielczuk 2c<\/span><\/p>\n<p><span style=\"color: #000080;\">Hanna Jasi\u0144ska, kl. 1b<\/span><\/p>\n<p><span style=\"color: #000080;\"><strong>Klasy 4-8<\/strong><\/span><\/p>\n<p><span style=\"color: #000080;\">I miejsce&nbsp; Kornel Tor, z kl. 7a<\/span><\/p>\n<p><span style=\"color: #000080;\">II miejsce \u0141ucja Dorman, z&nbsp; kl. 6b<\/span><\/p>\n<p><span style=\"color: #000080;\">III miejsca: Zuzanna Korneluk z kl. 4a oraz Paula Wilczy\u0144ska z kl. 7a<\/span><\/p>\n<p><span style=\"color: #000080;\"><strong>Wyr\u00f3\u017cnienia: <\/strong><\/span><\/p>\n<p><span style=\"color: #000080;\">Hanna Zuza\u0144ska, kl. 5a<\/span><\/p>\n<p><span style=\"color: #000080;\">Milena Tor, kl. 4a<\/span><\/p>\n<p><span style=\"color: #000080;\">Hubert Wawryk, kl. 7a<\/span><\/p>\n<p><span style=\"color: #000080;\">Aleksandra Pa\u0142ys, kl. 7a<\/span><\/p>\n<p><span style=\"color: #000080;\"><strong>Nagrodzeni w&nbsp; szkolnym konkursie plastycznym<\/strong> <strong>\u201eHrubiesz\u00f3w na Przestrzeni Czasu: 625 Lat Historii i&nbsp;Rozwoju<\/strong>\u201d:&nbsp;<\/span><\/p>\n<p><span style=\"color: #000080;\"><strong>klasy 1-3:<\/strong><\/span><br><span style=\"color: #000080;\">1 miejsce &#8211; &nbsp;Karol Senderek &nbsp;kl. 2b<\/span><br><span style=\"color: #000080;\">2 miejsce &#8211; Laura Kusiak &nbsp;kl. 3b<\/span><br><span style=\"color: #000080;\">3 miejsce &#8211; Hanna Teterycz kl. 1a<\/span><br><br><span style=\"color: #000080;\">wyr\u00f3\u017cnienia:<\/span><br><span style=\"color: #000080;\">Micha\u0142 Zaj\u0105c kl. 2c<\/span><br><span style=\"color: #000080;\">Eliza Daciuk kl. 2a<\/span><br><span style=\"color: #000080;\">Lidia Koz\u0142owska kl.1b<\/span><br><span style=\"color: #000080;\">Szymon Krawiec kl.3a<\/span><\/p>\n<p><span style=\"color: #000080;\"><strong>klasy 4-8:<\/strong><\/span><\/p>\n<p><span style=\"color: #000080;\">1 miejsce &#8211; Wiktoria Ha\u0142asa kl. 6a<\/span><br><span style=\"color: #000080;\">2 miejsce &#8211; Franciszek Socha kl. 4a<\/span><br><span style=\"color: #000080;\">3 miejsce &#8211; Krystian Szymczuk kl. 7c<\/span><\/p>\n<p><span style=\"color: #000080;\">wyr\u00f3\u017cnienia:<\/span><br><span style=\"color: #000080;\">Sebastian W\u00f3r kl. 4a<\/span><\/p>\n<p><span style=\"color: #000080;\">Julia Michalczewska kl. 4b<\/span><br><span style=\"color: #000080;\">Mark Ivanovkl. &nbsp;7b<\/span><\/p>\n<p><span style=\"color: #000080;\">\u0141ucja Dorman kl. 6b<\/span><\/p>\n<p><span style=\"color: #000080;\">Larysa Zimon kl. 6 c<\/span><\/p>\n<p><span style=\"color: #000080;\">Karolina Grzegorczyk kl. 7a<\/span><\/p>\n<p><span style=\"color: #000080;\"><strong>Nagrodzeni w szkolnym konkursie literackim \u201eI Ty mo\u017cesz zosta\u0107 Prusem\u201d:<\/strong><\/span><\/p>\n<p><span style=\"color: #000080;\"><strong>klasy 1-3:<\/strong><\/span><\/p>\n<p><span style=\"color: #000080;\">1 miejsce &#8211; Franciszek Ciesielczuk kl. &nbsp;2c<\/span><\/p>\n<p><span style=\"color: #000080;\">2 miejsce \u2013 Diana Go\u0142\u0119biowska kl. 1a<\/span><\/p>\n<p><span style=\"color: #000080;\">3 miejsce &#8211; Lidia Koz\u0142owska kl. 1b<\/span><\/p>\n<p><span style=\"color: #000080;\">wyr\u00f3\u017cnienie: Blanka Nowak kl. 1a<\/span><\/p>\n<p><span style=\"color: #000080;\"><strong>klasy 4-5:<\/strong><\/span><\/p>\n<ol>\n<li><span style=\"color: #000080;\">Franciszek Socha kl. 4a<\/span><\/li>\n<li><span style=\"color: #000080;\">Iga Rutkowska kl. 5a<\/span><\/li>\n<li><span style=\"color: #000080;\">Zuzanna Korneluk kl. 4a<\/span><\/li>\n<\/ol>\n<p><span style=\"color: #000080;\">wyr\u00f3\u017cnienia:<\/span><\/p>\n<p><span style=\"color: #000080;\">Bart\u0142omiej Szyma\u0144ski kl. 5a<\/span><\/p>\n<p><span style=\"color: #000080;\">Jagoda Szczepanik kl. 5a<\/span><\/p>\n<p><span style=\"color: #000080;\">Gabriela Wojtiuk&nbsp; kl. 4a<\/span><\/p>\n<p><span style=\"color: #000080;\">Joel Mi\u0142osz kl. 4a<\/span><\/p>\n<p><span style=\"color: #000080;\">Natalia Balcer kl. 4a<\/span><\/p>\n<p><span style=\"color: #000080;\">Oliwia Sagadyn kl. 4a<\/span><\/p>\n<p><span style=\"color: #000080;\">Kacper Sidorczuk kl. 4b<\/span><\/p>\n<p><span style=\"color: #000080;\"><strong>Klasy 6-8:<\/strong><\/span><\/p>\n<ol>\n<li><span style=\"color: #000080;\">Kamila Kasprzak 7a<\/span><\/li>\n<li><span style=\"color: #000080;\">Hanna Sidorczuk 6a<\/span><\/li>\n<li><span style=\"color: #000080;\">Maja Klimkowska 7a<\/span><\/li>\n<\/ol>\n<p><span style=\"color: #000080;\">wyr\u00f3\u017cnienia:<\/span><\/p>\n<p><span style=\"color: #000080;\">Maja Bakalarczuk 6a<\/span><\/p>\n<p><span style=\"color: #000080;\">Marcel Soko\u0142owski 7b<\/span><\/p>\n<p><span style=\"color: #000080;\">Oskar Urbaniak 8a<\/span><\/p>\n<p><span style=\"color: #000080;\"><strong>Gratulujemy wszystkim nagrodzonym i wyr\u00f3\u017cnionym uczniom!!!<\/strong><\/span><\/p>\nngg_shortcode_0_placeholder\n\n\n","protected":false},"excerpt":{"rendered":"<p>19 maja 2025 r. nasza szko\u0142a uroczy\u015bcie obchodzi\u0142a Dzie\u0144 Patrona \u2013 Boles\u0142awa Prusa. To wyj\u0105tkowe \u015bwi\u0119to na sta\u0142e wpisa\u0142o si\u0119 w kalendarz wydarze\u0144 \u201eJedynki\u201d i jest piel\u0119gnowan\u0105 przez pokolenia tradycj\u0105, kt\u00f3ra przypomina o warto\u015bciach, jakie reprezentuje nasz Patron. Tegoroczne obchody rozpocz\u0119\u0142y si\u0119 o godzinie 8.00 audycj\u0105 po\u015bwi\u0119con\u0105 tw\u00f3rczo\u015bci Boles\u0142awa Prusa, przybli\u017caj\u0105c\u0105 sylwetk\u0119 pisarza oraz jego [&hellip;]<\/p>\n","protected":false},"author":2,"featured_media":0,"parent":5983,"menu_order":0,"comment_status":"closed","ping_status":"closed","template":"","meta":{"ngg_post_thumbnail":0,"footnotes":""},"class_list":["post-28432","page","type-page","status-publish","hentry"],"_links":{"self":[{"href":"https:\/\/sp1hrubieszow.pl\/index.php\/wp-json\/wp\/v2\/pages\/28432","targetHints":{"allow":["GET"]}}],"collection":[{"href":"https:\/\/sp1hrubieszow.pl\/index.php\/wp-json\/wp\/v2\/pages"}],"about":[{"href":"https:\/\/sp1hrubieszow.pl\/index.php\/wp-json\/wp\/v2\/types\/page"}],"author":[{"embeddable":true,"href":"https:\/\/sp1hrubieszow.pl\/index.php\/wp-json\/wp\/v2\/users\/2"}],"replies":[{"embeddable":true,"href":"https:\/\/sp1hrubieszow.pl\/index.php\/wp-json\/wp\/v2\/comments?post=28432"}],"version-history":[{"count":3,"href":"https:\/\/sp1hrubieszow.pl\/index.php\/wp-json\/wp\/v2\/pages\/28432\/revisions"}],"predecessor-version":[{"id":28435,"href":"https:\/\/sp1hrubieszow.pl\/index.php\/wp-json\/wp\/v2\/pages\/28432\/revisions\/28435"}],"up":[{"embeddable":true,"href":"https:\/\/sp1hrubieszow.pl\/index.php\/wp-json\/wp\/v2\/pages\/5983"}],"wp:attachment":[{"href":"https:\/\/sp1hrubieszow.pl\/index.php\/wp-json\/wp\/v2\/media?parent=28432"}],"curies":[{"name":"wp","href":"https:\/\/api.w.org\/{rel}","templated":true}]}}