{"id":28406,"date":"2025-05-16T19:10:45","date_gmt":"2025-05-16T17:10:45","guid":{"rendered":"https:\/\/sp1hrubieszow.pl\/?page_id=28406"},"modified":"2025-05-16T19:11:39","modified_gmt":"2025-05-16T17:11:39","slug":"w-1-dzien-dookola-europy","status":"publish","type":"page","link":"https:\/\/sp1hrubieszow.pl\/index.php\/kronika-2020-2021\/w-1-dzien-dookola-europy\/","title":{"rendered":"W 1 dzie\u0144 dooko\u0142a Europy"},"content":{"rendered":"\n<p><span style=\"color: #000080;\">W tak\u0105 w\u0142a\u015bnie podr\u00f3\u017c wybrali si\u0119 uczniowie hrubieszowskiej <strong>1 <\/strong>im. Boles\u0142awa Prusa podczas obchod\u00f3w Dnia Unii Europejskiej. I nie trzeba by\u0142o daleko wyje\u017cd\u017ca\u0107, by w ci\u0105gu kilku godzin lekcyjnych przenie\u015b\u0107 si\u0119 do wybranego kraju Unii Europejskiej albo do wszystkich jednocze\u015bnie, bo taki plan zwiedzania przygotowali dla nas organizatorzy europejskich prezentacji czyli my sami \u2013 Uczniowie Jedynki.<\/span><\/p>\n<p><span style=\"color: #000080;\">Wystarczy\u0142o wsi\u0105\u015b\u0107 na rower w Holandii (stoisko klasy 8c), by z pe\u0142nym koszem kwiat\u00f3w znale\u017a\u0107 si\u0119 tu\u017c pod wie\u017c\u0105 Eiffela w stolicy Francji (stoisko klasy 7a) i popr\u00f3bowa\u0107 wyszukanych smako\u0142yk\u00f3w z wykwintnej paryskiej kuchni. Potem, wpadaj\u0105c przelotem na lazurowe brzegi Hiszpanii (stoisko klasy 7b), chocia\u017c przez chwil\u0119 mogli\u015bmy si\u0119 sk\u0105pa\u0107 w s\u0142o\u0144cu cudownej Italii (stoisko klasy 8b), mkn\u0105c w stron\u0119 Grecji i jej aromatycznych kafejek oraz przeuroczych widok\u00f3w (stoisko klasy 8a).<\/span><\/p>\n<p><span style=\"color: #000080;\">Wsz\u0119dzie lokalne zapachy, regionalne przek\u0105ski, mieszka\u0144cy witaj\u0105cy nas z rado\u015bci\u0105 bo przecie\u017c idea Unii Europejskiej to przyja\u017a\u0144, wsp\u00f3lnota, ale r\u00f3wnie\u017c zachowanie warto\u015bci najwa\u017cniejszych dla poszczeg\u00f3lnych Narod\u00f3w.<\/span><\/p>\n<p><span style=\"color: #000080;\">Dlatego koniec naszej podr\u00f3\u017cy zaplanowany by\u0142 na odwiedzenie miejsca najpi\u0119kniejszego; pachn\u0105cego kie\u0142bas\u0105 i pierogami, gdzie przepi\u0119kne g\u00f3ralki zachwyci\u0142y nas uprzejmo\u015bci\u0105 i go\u015bcinno\u015bci\u0105, miejsca, kt\u00f3re dla ka\u017cdego z nas jest najdro\u017csze czyli Polski (stoisko klasy 7c).<\/span><\/p>\n<p><span style=\"color: #000080;\">To na widok naszych polskich \u201eskarb\u00f3w\u201d serce bije najmocniej, a wszystko, co znamy sprawia, \u017ce wyje\u017cd\u017ca\u0107 st\u0105d nikt ju\u017c nie chce.<\/span><\/p>\n<p><span style=\"color: #000080;\">Taka \u201ewycieczka\u201d to r\u00f3wnie\u017c promocja zdrowego stylu \u017cycia i zach\u0119ta do aktywno\u015bci fizycznej, kt\u00f3r\u0105 promowali cz\u0142onkowie Szkolnego Ko\u0142a Wolontariatu zach\u0119caj\u0105c do spo\u017cywania zdrowej \u017cywno\u015bci&nbsp; i \u015bwiadomego korzystania z dost\u0119pnych nam d\u00f3br natury.<\/span><\/p>\nngg_shortcode_0_placeholder\n","protected":false},"excerpt":{"rendered":"<p>W tak\u0105 w\u0142a\u015bnie podr\u00f3\u017c wybrali si\u0119 uczniowie hrubieszowskiej 1 im. Boles\u0142awa Prusa podczas obchod\u00f3w Dnia Unii Europejskiej. I nie trzeba by\u0142o daleko wyje\u017cd\u017ca\u0107, by w ci\u0105gu kilku godzin lekcyjnych przenie\u015b\u0107 si\u0119 do wybranego kraju Unii Europejskiej albo do wszystkich jednocze\u015bnie, bo taki plan zwiedzania przygotowali dla nas organizatorzy europejskich prezentacji czyli my sami \u2013 Uczniowie [&hellip;]<\/p>\n","protected":false},"author":2,"featured_media":0,"parent":5983,"menu_order":0,"comment_status":"closed","ping_status":"closed","template":"","meta":{"ngg_post_thumbnail":0,"footnotes":""},"class_list":["post-28406","page","type-page","status-publish","hentry"],"_links":{"self":[{"href":"https:\/\/sp1hrubieszow.pl\/index.php\/wp-json\/wp\/v2\/pages\/28406","targetHints":{"allow":["GET"]}}],"collection":[{"href":"https:\/\/sp1hrubieszow.pl\/index.php\/wp-json\/wp\/v2\/pages"}],"about":[{"href":"https:\/\/sp1hrubieszow.pl\/index.php\/wp-json\/wp\/v2\/types\/page"}],"author":[{"embeddable":true,"href":"https:\/\/sp1hrubieszow.pl\/index.php\/wp-json\/wp\/v2\/users\/2"}],"replies":[{"embeddable":true,"href":"https:\/\/sp1hrubieszow.pl\/index.php\/wp-json\/wp\/v2\/comments?post=28406"}],"version-history":[{"count":1,"href":"https:\/\/sp1hrubieszow.pl\/index.php\/wp-json\/wp\/v2\/pages\/28406\/revisions"}],"predecessor-version":[{"id":28407,"href":"https:\/\/sp1hrubieszow.pl\/index.php\/wp-json\/wp\/v2\/pages\/28406\/revisions\/28407"}],"up":[{"embeddable":true,"href":"https:\/\/sp1hrubieszow.pl\/index.php\/wp-json\/wp\/v2\/pages\/5983"}],"wp:attachment":[{"href":"https:\/\/sp1hrubieszow.pl\/index.php\/wp-json\/wp\/v2\/media?parent=28406"}],"curies":[{"name":"wp","href":"https:\/\/api.w.org\/{rel}","templated":true}]}}