{"id":28367,"date":"2025-05-10T17:35:07","date_gmt":"2025-05-10T15:35:07","guid":{"rendered":"https:\/\/sp1hrubieszow.pl\/?page_id=28367"},"modified":"2025-05-10T17:35:46","modified_gmt":"2025-05-10T15:35:46","slug":"mistrzostwa-powiatu-w-szkolnej-druzynowej-lidze-la","status":"publish","type":"page","link":"https:\/\/sp1hrubieszow.pl\/index.php\/kronika-2020-2021\/mistrzostwa-powiatu-w-szkolnej-druzynowej-lidze-la\/","title":{"rendered":"Mistrzostwa Powiatu w Szkolnej Dru\u017cynowej Lidze LA"},"content":{"rendered":"\n\n\n<div class=\"x11i5rnm xat24cr x1mh8g0r x1vvkbs xtlvy1s x126k92a\">\n<div dir=\"auto\"><span style=\"color: #000080;\">1 miejsce: Duma Katarzyna 100m<\/span><\/div>\n<div dir=\"auto\"><span style=\"color: #000080;\">1 miejsce: Jakub G\u0142uszak rzut oszczepem<\/span><\/div>\n<div dir=\"auto\"><span style=\"color: #000080;\">1 miejsce: Iga Nowosad, Maja Magdziak,<\/span><\/div>\n<div dir=\"auto\"><span style=\"color: #000080;\">Kornelia Mrozowska, Katarzyna Duma sztafeta 4x100m<\/span><\/div>\n<div dir=\"auto\"><span style=\"color: #000080;\">2 miejsce: Magdziak Maja 300m<\/span><\/div>\n<div dir=\"auto\"><span style=\"color: #000080;\">2 miejsce: Krajewski Karol 300m<\/span><\/div>\n<div dir=\"auto\"><span style=\"color: #000080;\">2 miejsce: Dubienko Dominik 1000m<\/span><\/div>\n<div dir=\"auto\"><span style=\"color: #000080;\">2 miejsce: Wojciech Malinowski,Miko\u0142aj Gardzio\u0142a, Aleksander Macheta, Karol Krajewski sztafeta 4x100m<\/span><\/div>\n<div dir=\"auto\"><span style=\"color: #000080;\">3 miejsce: Malinowski Wojciech 300m<\/span><\/div>\n<div dir=\"auto\"><span style=\"color: #000080;\">3 miejsce: Mrozowska Kornelia 100m<\/span><\/div>\n<div dir=\"auto\"><span style=\"color: #000080;\">3 miejsce: Gardzio\u0142a Miko\u0142aj 100m<\/span><\/div>\n<div dir=\"auto\"><span style=\"color: #000080;\">3 miejsce: Peczak Zuzanna 600m<\/span><\/div>\n<div dir=\"auto\"><span style=\"color: #000080;\">3 miejsce: Z\u0105bek Aleksander skok w dal<\/span><\/div>\n<\/div>\n<div class=\"x11i5rnm xat24cr x1mh8g0r x1vvkbs xtlvy1s x126k92a\">\n<div dir=\"auto\"><span style=\"color: #000080;\">Wszyscy awansowali do P\u00f3\u0142fina\u0142u Wojew\u00f3dzkiego<span class=\"html-span xexx8yu x4uap5 x18d9i69 xkhd6sd x1hl2dhg x16tdsg8 x1vvkbs x3nfvp2 x1j61x8r x1fcty0u xdj266r xat24cr xgzva0m xhhsvwb xxymvpz xlup9mm x1kky2od\"><img loading=\"lazy\" decoding=\"async\" class=\"xz74otr x168nmei x13lgxp2 x5pf9jr xo71vjh\" src=\"https:\/\/static.xx.fbcdn.net\/images\/emoji.php\/v9\/t6c\/1\/16\/1f4aa.png\" alt=\"\ud83d\udcaa\" width=\"16\" height=\"16\"><\/span><\/span><\/div>\n<div dir=\"auto\"><span style=\"color: #000080;\">Dru\u017cynowo dziewcz\u0119ta uplasowa\u0142y si\u0119 na drugim miejscu, a ch\u0142opcy na trzecim.<\/span><\/div>\n<div dir=\"auto\"><span style=\"color: #000080;\">Opiekunem podczas zawod\u00f3w by\u0142 Tomasz Magdziak<\/span><\/div>\n<\/div>\n<div class=\"x11i5rnm xat24cr x1mh8g0r x1vvkbs xtlvy1s x126k92a\">\n<div dir=\"auto\"><span style=\"color: #000080;\">Foto: Micha\u0142 \u015aliwi\u0144ski<\/span><\/div>\n<div dir=\"auto\">\nngg_shortcode_0_placeholder\n<\/div>\n<\/div>\n","protected":false},"excerpt":{"rendered":"<p>1 miejsce: Duma Katarzyna 100m 1 miejsce: Jakub G\u0142uszak rzut oszczepem 1 miejsce: Iga Nowosad, Maja Magdziak, Kornelia Mrozowska, Katarzyna Duma sztafeta 4x100m 2 miejsce: Magdziak Maja 300m 2 miejsce: Krajewski Karol 300m 2 miejsce: Dubienko Dominik 1000m 2 miejsce: Wojciech Malinowski,Miko\u0142aj Gardzio\u0142a, Aleksander Macheta, Karol Krajewski sztafeta 4x100m 3 miejsce: Malinowski Wojciech 300m 3 [&hellip;]<\/p>\n","protected":false},"author":2,"featured_media":0,"parent":5983,"menu_order":0,"comment_status":"closed","ping_status":"closed","template":"","meta":{"ngg_post_thumbnail":0,"footnotes":""},"class_list":["post-28367","page","type-page","status-publish","hentry"],"_links":{"self":[{"href":"https:\/\/sp1hrubieszow.pl\/index.php\/wp-json\/wp\/v2\/pages\/28367","targetHints":{"allow":["GET"]}}],"collection":[{"href":"https:\/\/sp1hrubieszow.pl\/index.php\/wp-json\/wp\/v2\/pages"}],"about":[{"href":"https:\/\/sp1hrubieszow.pl\/index.php\/wp-json\/wp\/v2\/types\/page"}],"author":[{"embeddable":true,"href":"https:\/\/sp1hrubieszow.pl\/index.php\/wp-json\/wp\/v2\/users\/2"}],"replies":[{"embeddable":true,"href":"https:\/\/sp1hrubieszow.pl\/index.php\/wp-json\/wp\/v2\/comments?post=28367"}],"version-history":[{"count":1,"href":"https:\/\/sp1hrubieszow.pl\/index.php\/wp-json\/wp\/v2\/pages\/28367\/revisions"}],"predecessor-version":[{"id":28368,"href":"https:\/\/sp1hrubieszow.pl\/index.php\/wp-json\/wp\/v2\/pages\/28367\/revisions\/28368"}],"up":[{"embeddable":true,"href":"https:\/\/sp1hrubieszow.pl\/index.php\/wp-json\/wp\/v2\/pages\/5983"}],"wp:attachment":[{"href":"https:\/\/sp1hrubieszow.pl\/index.php\/wp-json\/wp\/v2\/media?parent=28367"}],"curies":[{"name":"wp","href":"https:\/\/api.w.org\/{rel}","templated":true}]}}