{"id":28345,"date":"2025-05-10T17:25:26","date_gmt":"2025-05-10T15:25:26","guid":{"rendered":"https:\/\/sp1hrubieszow.pl\/?page_id=28345"},"modified":"2025-05-10T17:25:55","modified_gmt":"2025-05-10T15:25:55","slug":"program-apteczka-pierwszej-pomocy-emocjonalnej","status":"publish","type":"page","link":"https:\/\/sp1hrubieszow.pl\/index.php\/kronika-2020-2021\/program-apteczka-pierwszej-pomocy-emocjonalnej\/","title":{"rendered":"Program \u201eApteczka pierwszej pomocy emocjonalnej\u201d"},"content":{"rendered":"\n<div class=\"xdj266r x11i5rnm xat24cr x1mh8g0r x1vvkbs x126k92a\">\n<div dir=\"auto\"><span style=\"color: #000080;\">W roku szkolnym 2024\/2025 w Szkole Podstawowej Nr 1 im. Boles\u0142awa Prusa w Hrubieszowie realizowano rekomendowany program profilaktyczny pt. \u201eApteczka pierwszej pomocy emocjonalnej\u201d.<\/span><\/div>\n<div dir=\"auto\"><span style=\"color: #000080;\">W zaj\u0119ciach w ramach tego programu, od pa\u017adziernika 2024r., bra\u0142a udzia\u0142 klasa 6a (wych. p. Monika Czulak). Program realizowany by\u0142 przez pedagoga szkolnego Mart\u0119 Kuczy\u0144sk\u0105.<\/span><\/div>\n<div dir=\"auto\"><span style=\"color: #000080;\">Za\u0142o\u017cenia programu:<\/span><\/div>\n<div dir=\"auto\"><span style=\"color: #000080;\">Apteczka Pierwszej Pomocy Emocjonalnej jest potrzebna, by pom\u00f3c nie tylko leczy\u0107 rany duszy, ale by r\u00f3wnie\u017c odzyska\u0107 dobry humor, nadziej\u0119 i nabywa\u0107 odporno\u015b\u0107 psychiczn\u0105.<\/span><\/div>\n<div dir=\"auto\"><span style=\"color: #000080;\">Celem programu APTECZKA PIERWSZEJ POMOCY EMOCJONALNEJ jest rozwijanie w dzieciach podstawowych umiej\u0119tno\u015bci spo\u0142ecznych i emocjonalnych oraz przygotowanie do radzenia sobie z trudno\u015bciami. Korzystaj\u0105c z za\u0142o\u017ce\u0144 psychologii pozytywnej, sformu\u0142owanych przez ameryka\u0144skiego psychologa Martina E.P. Seligmana, przyj\u0119to, \u017ce optymizmu mo\u017cna si\u0119 nauczy\u0107, a postawa optymizmu mo\u017ce prowadzi\u0107 do szcz\u0119\u015bliwego i satysfakcjonuj\u0105cego \u017cycia. Program sk\u0142ada\u0142 si\u0119 z 10 cz\u0119\u015bci tematycznych, kt\u00f3re koncentrowa\u0142y si\u0119 na kszta\u0142towaniu pozytywnych postaw i zachowa\u0144, poprzez rozwijanie odporno\u015bci psychicznej oraz optymistycznego podej\u015bcia do \u017cycia.<\/span><\/div>\n<div dir=\"auto\"><span style=\"color: #000080;\">Cz\u0119\u015b\u0107 1. APTECZKA SKARB\u00d3W \u2013 jak leczy\u0107 rany duszy?<\/span><\/div>\n<div dir=\"auto\"><span style=\"color: #000080;\">Cz\u0119\u015b\u0107 2. OPTYMIZM &#8211; my\u015bl pozytywnie, wtedy jest \u0142atwiej!<\/span><\/div>\n<div dir=\"auto\"><span style=\"color: #000080;\">Cz\u0119\u015b\u0107 3. PRZYJA\u0179\u0143 \u2013 okazuj mi\u0142o\u015b\u0107 i przyja\u017a\u0144!<\/span><\/div>\n<div dir=\"auto\"><span style=\"color: #000080;\">Cz\u0119\u015b\u0107 4. KREATYWNO\u015a\u0106 &#8211; ucz si\u0119 ca\u0142e \u017cycie, odkrywaj i wzmacniaj swoje talenty!<\/span><\/div>\n<div dir=\"auto\"><span style=\"color: #000080;\">Cz\u0119\u015b\u0107 5. WYTRWA\u0141O\u015a\u0106 &#8211; nie poddawaj si\u0119, sukces w \u017cyciu to bieg na d\u0142ugi dystans!<\/span><\/div>\n<div dir=\"auto\"><span style=\"color: #000080;\">Cz\u0119\u015b\u0107 6. ZDROWIE FIZYCZNE &#8211; dbaj o zdrowie i \u0107wicz codziennie \u2013 to poprawia samopoczucie!<\/span><\/div>\n<div dir=\"auto\"><span style=\"color: #000080;\">Cz\u0119\u015b\u0107 7. SZCZERO\u015a\u0106 &#8211; nie komplikuj niepotrzebnie swojego \u017cycia!<\/span><\/div>\n<div dir=\"auto\"><span style=\"color: #000080;\">Cz\u0119\u015b\u0107 8. \u017bYCZLIWO\u015a\u0106 &#8211; pr\u00f3buj zrozumie\u0107 i wspiera\u0107 innych!<\/span><\/div>\n<div dir=\"auto\"><span style=\"color: #000080;\">Cz\u0119\u015b\u0107 9. WDZI\u0118CZNO\u015a\u0106 &#8211; okazuj wdzi\u0119czno\u015b\u0107 za wszystko, co ci\u0119 spotyka!<\/span><\/div>\n<div dir=\"auto\"><span style=\"color: #000080;\">Cz\u0119\u015b\u0107 10. MARZENIA &#8211; ustanawiaj cele dla siebie i pod\u0105\u017caj za marzeniami!<\/span><\/div>\n<div dir=\"auto\"><span style=\"color: #000080;\">W ramach programu uczniowie pracowali metodami aktywnymi<\/span><\/div>\n<div dir=\"auto\"><span style=\"color: #000080;\">w grupach i indywidualnie. Szczeg\u00f3lna uwag\u0119 przywi\u0105zywano do budowania prawid\u0142owych relacji w klasie, sprzyjaj\u0105cej atmosfery na zaj\u0119ciach, kszta\u0142towaniu umiej\u0119tno\u015bci uwa\u017cno\u015bci i wdzi\u0119czno\u015bci. Uczniowie stworzyli swoje autorskie pude\u0142ka-apteczki, w kt\u00f3rych gromadzili \u201eskarby\u201d z poszczeg\u00f3lnych zaj\u0119\u0107.<\/span><\/div>\n<\/div>\n<div class=\"x11i5rnm xat24cr x1mh8g0r x1vvkbs xtlvy1s x126k92a\">\n<div dir=\"auto\"><span style=\"color: #000080;\">\u201e\u015awiadomo\u015b\u0107 mocnych stron jest jak Apteczka, w kt\u00f3rej trzymamy rzeczy, potrzebne w trudnych sytuacjach, Je\u015bli Apteczka b\u0119dzie pusta, w niczym Ci nie pomo\u017ce..\u201d<\/span><\/div>\n<\/div>\n<div class=\"x11i5rnm xat24cr x1mh8g0r x1vvkbs xtlvy1s x126k92a\">\n<div dir=\"auto\"><span style=\"color: #000080;\">Dzi\u0119kuj\u0119 uczniom i rodzicom uczni\u00f3w z klasy 6a oraz pani Monice Czulak za wspania\u0142\u0105 przygod\u0119 z \u201eApteczk\u0105\u2026\u201d \u017bycz\u0119 uczestnikom, aby udzia\u0142 w programie okaza\u0142 si\u0119 przydatny w \u017cyciu codziennym,<\/span><\/div>\n<div dir=\"auto\"><span style=\"color: #000080;\">a stworzone przez nich \u201eApteczki\u201d skrywa\u0142y ich skarby i zasoby.<\/span><\/div>\n<\/div>\n<div class=\"x11i5rnm xat24cr x1mh8g0r x1vvkbs xtlvy1s x126k92a\">\n<div dir=\"auto\"><span style=\"color: #000080;\">Realizator programu Marta Kuczy\u0144ska<\/span><\/div>\n<div dir=\"auto\">\nngg_shortcode_0_placeholder\n<\/div>\n<\/div>\n","protected":false},"excerpt":{"rendered":"<p>W roku szkolnym 2024\/2025 w Szkole Podstawowej Nr 1 im. Boles\u0142awa Prusa w Hrubieszowie realizowano rekomendowany program profilaktyczny pt. \u201eApteczka pierwszej pomocy emocjonalnej\u201d. W zaj\u0119ciach w ramach tego programu, od pa\u017adziernika 2024r., bra\u0142a udzia\u0142 klasa 6a (wych. p. Monika Czulak). Program realizowany by\u0142 przez pedagoga szkolnego Mart\u0119 Kuczy\u0144sk\u0105. Za\u0142o\u017cenia programu: Apteczka Pierwszej Pomocy Emocjonalnej jest [&hellip;]<\/p>\n","protected":false},"author":2,"featured_media":0,"parent":5983,"menu_order":0,"comment_status":"closed","ping_status":"closed","template":"","meta":{"ngg_post_thumbnail":0,"footnotes":""},"class_list":["post-28345","page","type-page","status-publish","hentry"],"_links":{"self":[{"href":"https:\/\/sp1hrubieszow.pl\/index.php\/wp-json\/wp\/v2\/pages\/28345","targetHints":{"allow":["GET"]}}],"collection":[{"href":"https:\/\/sp1hrubieszow.pl\/index.php\/wp-json\/wp\/v2\/pages"}],"about":[{"href":"https:\/\/sp1hrubieszow.pl\/index.php\/wp-json\/wp\/v2\/types\/page"}],"author":[{"embeddable":true,"href":"https:\/\/sp1hrubieszow.pl\/index.php\/wp-json\/wp\/v2\/users\/2"}],"replies":[{"embeddable":true,"href":"https:\/\/sp1hrubieszow.pl\/index.php\/wp-json\/wp\/v2\/comments?post=28345"}],"version-history":[{"count":1,"href":"https:\/\/sp1hrubieszow.pl\/index.php\/wp-json\/wp\/v2\/pages\/28345\/revisions"}],"predecessor-version":[{"id":28346,"href":"https:\/\/sp1hrubieszow.pl\/index.php\/wp-json\/wp\/v2\/pages\/28345\/revisions\/28346"}],"up":[{"embeddable":true,"href":"https:\/\/sp1hrubieszow.pl\/index.php\/wp-json\/wp\/v2\/pages\/5983"}],"wp:attachment":[{"href":"https:\/\/sp1hrubieszow.pl\/index.php\/wp-json\/wp\/v2\/media?parent=28345"}],"curies":[{"name":"wp","href":"https:\/\/api.w.org\/{rel}","templated":true}]}}