{"id":28332,"date":"2025-05-10T17:17:51","date_gmt":"2025-05-10T15:17:51","guid":{"rendered":"https:\/\/sp1hrubieszow.pl\/?page_id=28332"},"modified":"2025-05-10T17:18:35","modified_gmt":"2025-05-10T15:18:35","slug":"podsumowanie-programu-akademia-bezpiecznego-puchatka","status":"publish","type":"page","link":"https:\/\/sp1hrubieszow.pl\/index.php\/kronika-2020-2021\/podsumowanie-programu-akademia-bezpiecznego-puchatka\/","title":{"rendered":"Podsumowanie programu &#8222;Akademia Bezpiecznego Puchatka&#8221;"},"content":{"rendered":"\n<div dir=\"auto\"><span style=\"color: #000080;\">W roku szkolnym 2024\/2025 najm\u0142odsi uczniowie ze Szko\u0142y Podstawowej Nr 1 im Boles\u0142awa Prusa w Hrubieszowie po raz kolejny wzi\u0119li udzia\u0142 w og\u00f3lnopolskim programie &#8222;Akademia Bezpiecznego Puchatka&#8221;. Jest to program edukacyjny, skierowany do uczni\u00f3w klas pierwszych szk\u00f3\u0142 podstawowych, obejmuj\u0105cy tematyk\u0119 zwi\u0105zan\u0105 z bezpiecze\u0144stwem dzieci w sze\u015bciu obszarach: w szkole, na drodze, w domu, w Internecie, w relacjach z r\u00f3wie\u015bnikami oraz podczas wypoczynku.<\/span><\/div>\n<div dir=\"auto\"><span style=\"color: #000080;\">Po przeprowadzeniu zaj\u0119\u0107 z wykorzystaniem otrzymanych materia\u0142\u00f3w, pogadanek z przedstawicielami KPP w Hrubieszowie i Stra\u017cy Miejskiej w Hrubieszowie, dzieci sprawdzi\u0142y zdobyt\u0105 wiedz\u0119 poprzez udzia\u0142 w Og\u00f3lnopolskim Te\u015bcie Bezpiecze\u0144stwa. Nasza szko\u0142a otrzyma\u0142a pami\u0105tkowy Certyfikat \u201eAkademii Bezpiecznego Puchatka\u201d a uczniowie klas: 1a,1b i 1c-dyplomy.<\/span><\/div>\n<div dir=\"auto\"><span style=\"color: #000080;\">Udzia\u0142 w programie edukacyjnym zwi\u0119kszy\u0142 \u015bwiadomo\u015b\u0107 pierwszoklasist\u00f3w, dotycz\u0105c\u0105 bezpiecze\u0144stwa na co dzie\u0144 oraz dostarczy\u0142 uczestnikom wielu cennych informacji. Dzi\u0119kuj\u0119 wychowawcom klas pierwszych: pani Ma\u0142gorzacie Serafin, pani Monice Korneluk, pani Joannie Sawickiej a tak\u017ce Rodzicom pierwszoklasist\u00f3w za pomoc w realizacji programu.<\/span><\/div>\n<div dir=\"auto\"><span style=\"color: #000080;\">Koordynator i realizator programu &#8222;Akademia Bezpiecznego Puchatka&#8221;- Marta Kuczy\u0144ska, pedagog szkolny<\/span><\/div>\n<div dir=\"auto\">\nngg_shortcode_0_placeholder\n<\/div>\n","protected":false},"excerpt":{"rendered":"<p>W roku szkolnym 2024\/2025 najm\u0142odsi uczniowie ze Szko\u0142y Podstawowej Nr 1 im Boles\u0142awa Prusa w Hrubieszowie po raz kolejny wzi\u0119li udzia\u0142 w og\u00f3lnopolskim programie &#8222;Akademia Bezpiecznego Puchatka&#8221;. Jest to program edukacyjny, skierowany do uczni\u00f3w klas pierwszych szk\u00f3\u0142 podstawowych, obejmuj\u0105cy tematyk\u0119 zwi\u0105zan\u0105 z bezpiecze\u0144stwem dzieci w sze\u015bciu obszarach: w szkole, na drodze, w domu, w Internecie, [&hellip;]<\/p>\n","protected":false},"author":2,"featured_media":0,"parent":5983,"menu_order":0,"comment_status":"closed","ping_status":"closed","template":"","meta":{"ngg_post_thumbnail":0,"footnotes":""},"class_list":["post-28332","page","type-page","status-publish","hentry"],"_links":{"self":[{"href":"https:\/\/sp1hrubieszow.pl\/index.php\/wp-json\/wp\/v2\/pages\/28332","targetHints":{"allow":["GET"]}}],"collection":[{"href":"https:\/\/sp1hrubieszow.pl\/index.php\/wp-json\/wp\/v2\/pages"}],"about":[{"href":"https:\/\/sp1hrubieszow.pl\/index.php\/wp-json\/wp\/v2\/types\/page"}],"author":[{"embeddable":true,"href":"https:\/\/sp1hrubieszow.pl\/index.php\/wp-json\/wp\/v2\/users\/2"}],"replies":[{"embeddable":true,"href":"https:\/\/sp1hrubieszow.pl\/index.php\/wp-json\/wp\/v2\/comments?post=28332"}],"version-history":[{"count":1,"href":"https:\/\/sp1hrubieszow.pl\/index.php\/wp-json\/wp\/v2\/pages\/28332\/revisions"}],"predecessor-version":[{"id":28333,"href":"https:\/\/sp1hrubieszow.pl\/index.php\/wp-json\/wp\/v2\/pages\/28332\/revisions\/28333"}],"up":[{"embeddable":true,"href":"https:\/\/sp1hrubieszow.pl\/index.php\/wp-json\/wp\/v2\/pages\/5983"}],"wp:attachment":[{"href":"https:\/\/sp1hrubieszow.pl\/index.php\/wp-json\/wp\/v2\/media?parent=28332"}],"curies":[{"name":"wp","href":"https:\/\/api.w.org\/{rel}","templated":true}]}}