{"id":28303,"date":"2025-04-09T20:33:34","date_gmt":"2025-04-09T18:33:34","guid":{"rendered":"https:\/\/sp1hrubieszow.pl\/?page_id=28303"},"modified":"2025-04-09T20:33:58","modified_gmt":"2025-04-09T18:33:58","slug":"koszykarskie-sukcesy-naszych-uczniow","status":"publish","type":"page","link":"https:\/\/sp1hrubieszow.pl\/index.php\/kronika-2020-2021\/koszykarskie-sukcesy-naszych-uczniow\/","title":{"rendered":"Koszykarskie sukcesy naszych uczni\u00f3w"},"content":{"rendered":"\n\n\n<div class=\"x11i5rnm xat24cr x1mh8g0r x1vvkbs xtlvy1s x126k92a\">\n<div dir=\"auto\"><span style=\"color: #000080;\">W tym tygodniu odby\u0142y si\u0119 Mistrzostwa Powiatu w koszyk\u00f3wce 3&#215;3 dziewcz\u0105t oraz ch\u0142opc\u00f3w w dw\u00f3ch kategoriach: Igrzyska Dzieci oraz Igrzyska M\u0142odzie\u017cy. Nasi uczniowie pokazali si\u0119 z bardzo dobrej strony uzyskuj\u0105c awans do dalszego szczebla rozgrywek.<\/span><\/div>\n<\/div>\n<div class=\"x11i5rnm xat24cr x1mh8g0r x1vvkbs xtlvy1s x126k92a\">\n<div dir=\"auto\"><span style=\"color: #000080;\">1 miejsce zaj\u0119\u0142a dru\u017cyna dziewcz\u0105t w kategorii Igrzysk M\u0142odzie\u017cy w sk\u0142adzie: Karolina Grzegorczyk, Kornelia Mrozowska, Nikola Pietryna oraz Maja Magdziak<\/span><\/div>\n<div dir=\"auto\"><span style=\"color: #000080;\">3 miejsce r\u00f3wnie\u017c w tej kategorii wywalczyli ch\u0142opcy w sk\u0142adzie: Szymon Koko\u0107, Aleksander Z\u0105bek, Jakub Maciaszek, Mi\u0142osz Brudnowski.<\/span><\/div>\n<\/div>\n<div class=\"x11i5rnm xat24cr x1mh8g0r x1vvkbs xtlvy1s x126k92a\">\n<div dir=\"auto\"><span style=\"color: #000080;\">W kategorii Igrzysk Dzieci, ch\u0142opcy wywalczyli 1 miejsce: Rafa\u0142 Jankowski, Brajan Bajek, Miko\u0142aj Zaj\u0105c, Mateusz Ka\u0144ski.<\/span><\/div>\n<div dir=\"auto\"><span style=\"color: #000080;\">Natomiast dziewcz\u0119ta uplasowa\u0142y si\u0119 na drugim miejscu: Hanna Sidorczuk, Anastazja Szczur, Anna Kie\u0142basa, Eva Jankowska<\/span><\/div>\n<div dir=\"auto\"><span style=\"color: #000080;\">Opiekunem by\u0142 Tomasz Magdziak<\/span><\/div>\n<\/div>\n<div class=\"x11i5rnm xat24cr x1mh8g0r x1vvkbs xtlvy1s x126k92a\">\n<div dir=\"auto\"><span style=\"color: #000080;\">Gratulujemy i trzymamy kciuki na dalszym etapie rozgrywek<\/span><\/div>\n<div dir=\"auto\">\nngg_shortcode_0_placeholder\n<\/div>\n<\/div>\n","protected":false},"excerpt":{"rendered":"<p>W tym tygodniu odby\u0142y si\u0119 Mistrzostwa Powiatu w koszyk\u00f3wce 3&#215;3 dziewcz\u0105t oraz ch\u0142opc\u00f3w w dw\u00f3ch kategoriach: Igrzyska Dzieci oraz Igrzyska M\u0142odzie\u017cy. Nasi uczniowie pokazali si\u0119 z bardzo dobrej strony uzyskuj\u0105c awans do dalszego szczebla rozgrywek. 1 miejsce zaj\u0119\u0142a dru\u017cyna dziewcz\u0105t w kategorii Igrzysk M\u0142odzie\u017cy w sk\u0142adzie: Karolina Grzegorczyk, Kornelia Mrozowska, Nikola Pietryna oraz Maja Magdziak [&hellip;]<\/p>\n","protected":false},"author":2,"featured_media":0,"parent":5983,"menu_order":0,"comment_status":"closed","ping_status":"closed","template":"","meta":{"ngg_post_thumbnail":0,"footnotes":""},"class_list":["post-28303","page","type-page","status-publish","hentry"],"_links":{"self":[{"href":"https:\/\/sp1hrubieszow.pl\/index.php\/wp-json\/wp\/v2\/pages\/28303","targetHints":{"allow":["GET"]}}],"collection":[{"href":"https:\/\/sp1hrubieszow.pl\/index.php\/wp-json\/wp\/v2\/pages"}],"about":[{"href":"https:\/\/sp1hrubieszow.pl\/index.php\/wp-json\/wp\/v2\/types\/page"}],"author":[{"embeddable":true,"href":"https:\/\/sp1hrubieszow.pl\/index.php\/wp-json\/wp\/v2\/users\/2"}],"replies":[{"embeddable":true,"href":"https:\/\/sp1hrubieszow.pl\/index.php\/wp-json\/wp\/v2\/comments?post=28303"}],"version-history":[{"count":1,"href":"https:\/\/sp1hrubieszow.pl\/index.php\/wp-json\/wp\/v2\/pages\/28303\/revisions"}],"predecessor-version":[{"id":28304,"href":"https:\/\/sp1hrubieszow.pl\/index.php\/wp-json\/wp\/v2\/pages\/28303\/revisions\/28304"}],"up":[{"embeddable":true,"href":"https:\/\/sp1hrubieszow.pl\/index.php\/wp-json\/wp\/v2\/pages\/5983"}],"wp:attachment":[{"href":"https:\/\/sp1hrubieszow.pl\/index.php\/wp-json\/wp\/v2\/media?parent=28303"}],"curies":[{"name":"wp","href":"https:\/\/api.w.org\/{rel}","templated":true}]}}