{"id":28282,"date":"2025-04-07T20:15:12","date_gmt":"2025-04-07T18:15:12","guid":{"rendered":"https:\/\/sp1hrubieszow.pl\/?page_id=28282"},"modified":"2025-04-07T20:16:36","modified_gmt":"2025-04-07T18:16:36","slug":"oficjalne-wyniki-vi-edycji-konkursu-instalogik-2024-2025","status":"publish","type":"page","link":"https:\/\/sp1hrubieszow.pl\/index.php\/kronika-2020-2021\/oficjalne-wyniki-vi-edycji-konkursu-instalogik-2024-2025\/","title":{"rendered":"Oficjalne wyniki VI edycji konkursu InstaLogik 2024\/2025"},"content":{"rendered":"\n\n\n<div dir=\"auto\"><span style=\"color: #000080;\">Z wielk\u0105 rado\u015bci\u0105 i dum\u0105 pragniemy pogratulowa\u0107 Wam zdobycia tytu\u0142u laureata i finalisty konkursu!<\/span><\/div>\n<div dir=\"auto\"><span style=\"color: #000080;\">Wasza ci\u0119\u017cka praca, zaanga\u017cowanie i pasja zaowocowa\u0142y wspania\u0142ym sukcesem, kt\u00f3ry jest powodem do dumy nie tylko dla Was, ale tak\u017ce dla ca\u0142ej spo\u0142eczno\u015bci szkolnej.<\/span><\/div>\n<div dir=\"auto\">\nngg_shortcode_0_placeholder\n<\/div>\n","protected":false},"excerpt":{"rendered":"<p>Z wielk\u0105 rado\u015bci\u0105 i dum\u0105 pragniemy pogratulowa\u0107 Wam zdobycia tytu\u0142u laureata i finalisty konkursu! Wasza ci\u0119\u017cka praca, zaanga\u017cowanie i pasja zaowocowa\u0142y wspania\u0142ym sukcesem, kt\u00f3ry jest powodem do dumy nie tylko dla Was, ale tak\u017ce dla ca\u0142ej spo\u0142eczno\u015bci szkolnej.<\/p>\n","protected":false},"author":2,"featured_media":0,"parent":5983,"menu_order":0,"comment_status":"closed","ping_status":"closed","template":"","meta":{"ngg_post_thumbnail":0,"footnotes":""},"class_list":["post-28282","page","type-page","status-publish","hentry"],"_links":{"self":[{"href":"https:\/\/sp1hrubieszow.pl\/index.php\/wp-json\/wp\/v2\/pages\/28282","targetHints":{"allow":["GET"]}}],"collection":[{"href":"https:\/\/sp1hrubieszow.pl\/index.php\/wp-json\/wp\/v2\/pages"}],"about":[{"href":"https:\/\/sp1hrubieszow.pl\/index.php\/wp-json\/wp\/v2\/types\/page"}],"author":[{"embeddable":true,"href":"https:\/\/sp1hrubieszow.pl\/index.php\/wp-json\/wp\/v2\/users\/2"}],"replies":[{"embeddable":true,"href":"https:\/\/sp1hrubieszow.pl\/index.php\/wp-json\/wp\/v2\/comments?post=28282"}],"version-history":[{"count":1,"href":"https:\/\/sp1hrubieszow.pl\/index.php\/wp-json\/wp\/v2\/pages\/28282\/revisions"}],"predecessor-version":[{"id":28283,"href":"https:\/\/sp1hrubieszow.pl\/index.php\/wp-json\/wp\/v2\/pages\/28282\/revisions\/28283"}],"up":[{"embeddable":true,"href":"https:\/\/sp1hrubieszow.pl\/index.php\/wp-json\/wp\/v2\/pages\/5983"}],"wp:attachment":[{"href":"https:\/\/sp1hrubieszow.pl\/index.php\/wp-json\/wp\/v2\/media?parent=28282"}],"curies":[{"name":"wp","href":"https:\/\/api.w.org\/{rel}","templated":true}]}}