{"id":28270,"date":"2025-04-04T17:42:48","date_gmt":"2025-04-04T15:42:48","guid":{"rendered":"https:\/\/sp1hrubieszow.pl\/?page_id=28270"},"modified":"2025-04-04T17:43:05","modified_gmt":"2025-04-04T15:43:05","slug":"i-ty-mozesz-zostac-mlodszym-ratownikiem","status":"publish","type":"page","link":"https:\/\/sp1hrubieszow.pl\/index.php\/kronika-2020-2021\/i-ty-mozesz-zostac-mlodszym-ratownikiem\/","title":{"rendered":"I TY mo\u017cesz zosta\u0107 M\u0141ODSZYM RATOWNIKIEM!"},"content":{"rendered":"\n<p><img loading=\"lazy\" decoding=\"async\" class=\"alignnone size-medium wp-image-28269 aligncenter\" src=\"https:\/\/sp1hrubieszow.pl\/wp-content\/uploads\/2025\/04\/487975821_962042916092966_8391372606273660834_n-300x212.jpg\" alt=\"\" width=\"300\" height=\"212\" srcset=\"https:\/\/sp1hrubieszow.pl\/wp-content\/uploads\/2025\/04\/487975821_962042916092966_8391372606273660834_n-300x212.jpg 300w, https:\/\/sp1hrubieszow.pl\/wp-content\/uploads\/2025\/04\/487975821_962042916092966_8391372606273660834_n-1024x723.jpg 1024w, https:\/\/sp1hrubieszow.pl\/wp-content\/uploads\/2025\/04\/487975821_962042916092966_8391372606273660834_n-768x542.jpg 768w, https:\/\/sp1hrubieszow.pl\/wp-content\/uploads\/2025\/04\/487975821_962042916092966_8391372606273660834_n-1536x1085.jpg 1536w, https:\/\/sp1hrubieszow.pl\/wp-content\/uploads\/2025\/04\/487975821_962042916092966_8391372606273660834_n-624x441.jpg 624w, https:\/\/sp1hrubieszow.pl\/wp-content\/uploads\/2025\/04\/487975821_962042916092966_8391372606273660834_n.jpg 2048w\" sizes=\"auto, (max-width: 300px) 100vw, 300px\" \/><\/p>\n<p>&nbsp;<\/p>\n\n\n\n<p><span style=\"color: #000080;\">Kurs Ratownika Wodnego w Hrubieszowie. WOPR Zamo\u015b\u0107 rozpoczyna zapisy na kurs Ratownika Wodnego. Pierwsze zaj\u0119cia planowane w drugiej po\u0142owie KWIETNIA 2025. To \u015bwietna okazja na zdobycie uprawnie\u0144 Ratownika Wodnego jeszcze przed sezonem wakacyjnym. G\u0142\u00f3wnym celem kursu jest szeroko poj\u0119te ratownictwo wodne. WOPR Zamo\u015b\u0107 posiada do\u015bwiadczon\u0105 kadr\u0119 instruktorsk\u0105 oraz kilkadziesi\u0105t lat do\u015bwiadczenia w sportach wodnych.<\/span><\/p>\n<p><span style=\"color: #000080;\">WOPR Zamo\u015b\u0107 zaprasza wszystkich zainteresowanych do kontaktu oraz udzia\u0142u w szkoleniu!&nbsp;<\/span><\/p>\n","protected":false},"excerpt":{"rendered":"<p>&nbsp; Kurs Ratownika Wodnego w Hrubieszowie. WOPR Zamo\u015b\u0107 rozpoczyna zapisy na kurs Ratownika Wodnego. Pierwsze zaj\u0119cia planowane w drugiej po\u0142owie KWIETNIA 2025. To \u015bwietna okazja na zdobycie uprawnie\u0144 Ratownika Wodnego jeszcze przed sezonem wakacyjnym. G\u0142\u00f3wnym celem kursu jest szeroko poj\u0119te ratownictwo wodne. WOPR Zamo\u015b\u0107 posiada do\u015bwiadczon\u0105 kadr\u0119 instruktorsk\u0105 oraz kilkadziesi\u0105t lat do\u015bwiadczenia w sportach wodnych. [&hellip;]<\/p>\n","protected":false},"author":2,"featured_media":0,"parent":5983,"menu_order":0,"comment_status":"closed","ping_status":"closed","template":"","meta":{"ngg_post_thumbnail":0,"footnotes":""},"class_list":["post-28270","page","type-page","status-publish","hentry"],"_links":{"self":[{"href":"https:\/\/sp1hrubieszow.pl\/index.php\/wp-json\/wp\/v2\/pages\/28270","targetHints":{"allow":["GET"]}}],"collection":[{"href":"https:\/\/sp1hrubieszow.pl\/index.php\/wp-json\/wp\/v2\/pages"}],"about":[{"href":"https:\/\/sp1hrubieszow.pl\/index.php\/wp-json\/wp\/v2\/types\/page"}],"author":[{"embeddable":true,"href":"https:\/\/sp1hrubieszow.pl\/index.php\/wp-json\/wp\/v2\/users\/2"}],"replies":[{"embeddable":true,"href":"https:\/\/sp1hrubieszow.pl\/index.php\/wp-json\/wp\/v2\/comments?post=28270"}],"version-history":[{"count":1,"href":"https:\/\/sp1hrubieszow.pl\/index.php\/wp-json\/wp\/v2\/pages\/28270\/revisions"}],"predecessor-version":[{"id":28271,"href":"https:\/\/sp1hrubieszow.pl\/index.php\/wp-json\/wp\/v2\/pages\/28270\/revisions\/28271"}],"up":[{"embeddable":true,"href":"https:\/\/sp1hrubieszow.pl\/index.php\/wp-json\/wp\/v2\/pages\/5983"}],"wp:attachment":[{"href":"https:\/\/sp1hrubieszow.pl\/index.php\/wp-json\/wp\/v2\/media?parent=28270"}],"curies":[{"name":"wp","href":"https:\/\/api.w.org\/{rel}","templated":true}]}}