{"id":28256,"date":"2025-04-02T14:01:42","date_gmt":"2025-04-02T12:01:42","guid":{"rendered":"https:\/\/sp1hrubieszow.pl\/?page_id=28256"},"modified":"2025-09-04T16:21:06","modified_gmt":"2025-09-04T14:21:06","slug":"przypomnienie","status":"publish","type":"page","link":"https:\/\/sp1hrubieszow.pl\/index.php\/kronika-2020-2021\/przypomnienie\/","title":{"rendered":"Przypomnienie!"},"content":{"rendered":"\n\n\n<p><img loading=\"lazy\" decoding=\"async\" class=\"size-medium wp-image-28255 aligncenter\" src=\"https:\/\/sp1hrubieszow.pl\/wp-content\/uploads\/2025\/04\/rekrutacja-300x169.jpg\" alt=\"\" width=\"300\" height=\"169\" srcset=\"https:\/\/sp1hrubieszow.pl\/wp-content\/uploads\/2025\/04\/rekrutacja-300x169.jpg 300w, https:\/\/sp1hrubieszow.pl\/wp-content\/uploads\/2025\/04\/rekrutacja-1024x576.jpg 1024w, https:\/\/sp1hrubieszow.pl\/wp-content\/uploads\/2025\/04\/rekrutacja-768x432.jpg 768w, https:\/\/sp1hrubieszow.pl\/wp-content\/uploads\/2025\/04\/rekrutacja-624x351.jpg 624w, https:\/\/sp1hrubieszow.pl\/wp-content\/uploads\/2025\/04\/rekrutacja.jpg 1280w\" sizes=\"auto, (max-width: 300px) 100vw, 300px\" \/><\/p>\n<p><span style=\"color: #000080;\">Informujemy, \u017ce zako\u0144czyli\u015bmy pierwszy etap rekrutacji do klasy pierwszej. W roku szkolnym 2025\/2026 w naszej szkole b\u0119d\u0105 klasy:<\/span><br><span style=\"color: #000080;\">\u2022 klasa pierwsza o profilu sportowym z realizacj\u0105 programu p\u0142ywanie, szachy; <\/span><br><span style=\"color: #000080;\">\u2022 klasy pierwsze bez specjalno\u015bci\/profilu; <\/span><br><span style=\"color: #000080;\">W dalszym ci\u0105gu mo\u017cna zapisa\u0107 dziecko do SP NR 1. Zapisy mo\u017cna dokona\u0107 w sekretariacie szko\u0142y w godzinach 7.30- 15.30. Dokumenty zwi\u0105zane z zapisem dziecka do szko\u0142y mo\u017cna pobra\u0107 w sekretariacie szko\u0142y lub ze strony szkolnej sp1hrubieszow.pl \/zak\u0142adka rekrutacja 2025<\/span><\/p>\n","protected":false},"excerpt":{"rendered":"<p>Informujemy, \u017ce zako\u0144czyli\u015bmy pierwszy etap rekrutacji do klasy pierwszej. W roku szkolnym 2025\/2026 w naszej szkole b\u0119d\u0105 klasy:\u2022 klasa pierwsza o profilu sportowym z realizacj\u0105 programu p\u0142ywanie, szachy; \u2022 klasy pierwsze bez specjalno\u015bci\/profilu; W dalszym ci\u0105gu mo\u017cna zapisa\u0107 dziecko do SP NR 1. Zapisy mo\u017cna dokona\u0107 w sekretariacie szko\u0142y w godzinach 7.30- 15.30. Dokumenty zwi\u0105zane [&hellip;]<\/p>\n","protected":false},"author":2,"featured_media":0,"parent":5983,"menu_order":0,"comment_status":"closed","ping_status":"closed","template":"","meta":{"ngg_post_thumbnail":0,"footnotes":""},"class_list":["post-28256","page","type-page","status-publish","hentry"],"_links":{"self":[{"href":"https:\/\/sp1hrubieszow.pl\/index.php\/wp-json\/wp\/v2\/pages\/28256","targetHints":{"allow":["GET"]}}],"collection":[{"href":"https:\/\/sp1hrubieszow.pl\/index.php\/wp-json\/wp\/v2\/pages"}],"about":[{"href":"https:\/\/sp1hrubieszow.pl\/index.php\/wp-json\/wp\/v2\/types\/page"}],"author":[{"embeddable":true,"href":"https:\/\/sp1hrubieszow.pl\/index.php\/wp-json\/wp\/v2\/users\/2"}],"replies":[{"embeddable":true,"href":"https:\/\/sp1hrubieszow.pl\/index.php\/wp-json\/wp\/v2\/comments?post=28256"}],"version-history":[{"count":1,"href":"https:\/\/sp1hrubieszow.pl\/index.php\/wp-json\/wp\/v2\/pages\/28256\/revisions"}],"predecessor-version":[{"id":28257,"href":"https:\/\/sp1hrubieszow.pl\/index.php\/wp-json\/wp\/v2\/pages\/28256\/revisions\/28257"}],"up":[{"embeddable":true,"href":"https:\/\/sp1hrubieszow.pl\/index.php\/wp-json\/wp\/v2\/pages\/5983"}],"wp:attachment":[{"href":"https:\/\/sp1hrubieszow.pl\/index.php\/wp-json\/wp\/v2\/media?parent=28256"}],"curies":[{"name":"wp","href":"https:\/\/api.w.org\/{rel}","templated":true}]}}