{"id":28194,"date":"2025-03-25T20:02:00","date_gmt":"2025-03-25T19:02:00","guid":{"rendered":"https:\/\/sp1hrubieszow.pl\/?page_id=28194"},"modified":"2025-03-25T20:04:25","modified_gmt":"2025-03-25T19:04:25","slug":"swiatowy-dzien-wody-w-trosce-o-przyszlosc-naszej-planety","status":"publish","type":"page","link":"https:\/\/sp1hrubieszow.pl\/index.php\/kronika-2020-2021\/swiatowy-dzien-wody-w-trosce-o-przyszlosc-naszej-planety\/","title":{"rendered":"\u015awiatowy Dzie\u0144 Wody \u2013 W trosce o przysz\u0142o\u015b\u0107 naszej planety"},"content":{"rendered":"\n\n\n<div class=\"x11i5rnm xat24cr x1mh8g0r x1vvkbs xtlvy1s x126k92a\">\n<div dir=\"auto\"><span style=\"color: #000080;\">Obchody \u015awiatowego Dnia Wody w naszej szkole by\u0142y okazj\u0105 do pog\u0142\u0119bienia wiedzy o znaczeniu wody oraz jej roli w codziennym \u017cyciu. Uczniowie aktywnie uczestniczyli w r\u00f3\u017cnorodnych dzia\u0142aniach:<\/span><\/div>\n<\/div>\n<div class=\"x11i5rnm xat24cr x1mh8g0r x1vvkbs xtlvy1s x126k92a\">\n<div dir=\"auto\"><span style=\"color: #000080;\">M\u0142odsze klasy (1a, 1b, 2c, 3b) \u2013 rozwi\u0105zywa\u0142y rebusy, kolorowa\u0142y niebiesk\u0105 kropelk\u0119 i pokonywa\u0142y wodne labirynty.<\/span><\/div>\n<\/div>\n<div class=\"x11i5rnm xat24cr x1mh8g0r x1vvkbs xtlvy1s x126k92a\">\n<div dir=\"auto\"><span style=\"color: #000080;\">Klasy 4 \u2013 z zainteresowaniem ogl\u0105da\u0142y prezentacj\u0119 pt. \u201eWody s\u0142odkie i s\u0142one\u201d, dowiaduj\u0105c si\u0119 o r\u00f3\u017cnicach mi\u0119dzy nimi.<\/span><\/div>\n<\/div>\n<div class=\"x11i5rnm xat24cr x1mh8g0r x1vvkbs xtlvy1s x126k92a\">\n<div dir=\"auto\"><span style=\"color: #000080;\">Klasa 8c \u2013 obejrza\u0142a film edukacyjny o lodowcach, by lepiej zrozumie\u0107 problem topnienia lodowc\u00f3w i zmian klimatycznych.<\/span><\/div>\n<\/div>\n<div class=\"x11i5rnm xat24cr x1mh8g0r x1vvkbs xtlvy1s x126k92a\">\n<div dir=\"auto\"><span style=\"color: #000080;\">Konkurs plastyczny \u2013 uczennice klasy 5a wykaza\u0142y si\u0119 kreatywno\u015bci\u0105, tworz\u0105c prace pt. \u201eMoja wymarzona z\u0142ota rybka\u201d.<\/span><\/div>\n<\/div>\n<div class=\"x11i5rnm xat24cr x1mh8g0r x1vvkbs xtlvy1s x126k92a\">\n<div dir=\"auto\"><span style=\"color: #000080;\">Szkolna audycja radiowa \u2013 uczniowie z klas 7a i 7b przygotowali i odczytali ciekawostki o wodzie.<\/span><\/div>\n<\/div>\n<div class=\"x11i5rnm xat24cr x1mh8g0r x1vvkbs xtlvy1s x126k92a\">\n<div dir=\"auto\"><span style=\"color: #000080;\">Dzi\u0119ki tym aktywno\u015bciom uczniowie mogli nie tylko zdoby\u0107 cenn\u0105 wiedz\u0119, ale tak\u017ce zastanowi\u0107 si\u0119 nad wp\u0142ywem cz\u0142owieka na wod\u0119 i konieczno\u015bci\u0105 jej ochrony.<\/span><\/div>\n<div dir=\"auto\"><span style=\"color: #000080;\">To by\u0142 dzie\u0144 pe\u0142en nauki, kreatywno\u015bci i ekologicznej refleksji.<\/span><\/div>\n<div dir=\"auto\">\nngg_shortcode_0_placeholder\n<\/div>\n<div dir=\"auto\">&nbsp;<\/div>\n<\/div>\n","protected":false},"excerpt":{"rendered":"<p>Obchody \u015awiatowego Dnia Wody w naszej szkole by\u0142y okazj\u0105 do pog\u0142\u0119bienia wiedzy o znaczeniu wody oraz jej roli w codziennym \u017cyciu. Uczniowie aktywnie uczestniczyli w r\u00f3\u017cnorodnych dzia\u0142aniach: M\u0142odsze klasy (1a, 1b, 2c, 3b) \u2013 rozwi\u0105zywa\u0142y rebusy, kolorowa\u0142y niebiesk\u0105 kropelk\u0119 i pokonywa\u0142y wodne labirynty. Klasy 4 \u2013 z zainteresowaniem ogl\u0105da\u0142y prezentacj\u0119 pt. \u201eWody s\u0142odkie i s\u0142one\u201d, [&hellip;]<\/p>\n","protected":false},"author":2,"featured_media":0,"parent":5983,"menu_order":0,"comment_status":"closed","ping_status":"closed","template":"","meta":{"ngg_post_thumbnail":0,"footnotes":""},"class_list":["post-28194","page","type-page","status-publish","hentry"],"_links":{"self":[{"href":"https:\/\/sp1hrubieszow.pl\/index.php\/wp-json\/wp\/v2\/pages\/28194","targetHints":{"allow":["GET"]}}],"collection":[{"href":"https:\/\/sp1hrubieszow.pl\/index.php\/wp-json\/wp\/v2\/pages"}],"about":[{"href":"https:\/\/sp1hrubieszow.pl\/index.php\/wp-json\/wp\/v2\/types\/page"}],"author":[{"embeddable":true,"href":"https:\/\/sp1hrubieszow.pl\/index.php\/wp-json\/wp\/v2\/users\/2"}],"replies":[{"embeddable":true,"href":"https:\/\/sp1hrubieszow.pl\/index.php\/wp-json\/wp\/v2\/comments?post=28194"}],"version-history":[{"count":2,"href":"https:\/\/sp1hrubieszow.pl\/index.php\/wp-json\/wp\/v2\/pages\/28194\/revisions"}],"predecessor-version":[{"id":28198,"href":"https:\/\/sp1hrubieszow.pl\/index.php\/wp-json\/wp\/v2\/pages\/28194\/revisions\/28198"}],"up":[{"embeddable":true,"href":"https:\/\/sp1hrubieszow.pl\/index.php\/wp-json\/wp\/v2\/pages\/5983"}],"wp:attachment":[{"href":"https:\/\/sp1hrubieszow.pl\/index.php\/wp-json\/wp\/v2\/media?parent=28194"}],"curies":[{"name":"wp","href":"https:\/\/api.w.org\/{rel}","templated":true}]}}