{"id":28179,"date":"2025-03-22T18:50:52","date_gmt":"2025-03-22T17:50:52","guid":{"rendered":"https:\/\/sp1hrubieszow.pl\/?page_id=28179"},"modified":"2025-03-22T18:50:52","modified_gmt":"2025-03-22T17:50:52","slug":"z-wiosenna-wizyta-u-seniorow","status":"publish","type":"page","link":"https:\/\/sp1hrubieszow.pl\/index.php\/kronika-2019-2020\/z-wiosenna-wizyta-u-seniorow\/","title":{"rendered":"Z wiosenn\u0105 wizyt\u0105 u senior\u00f3w"},"content":{"rendered":"\n<p><span style=\"color: #000080;\">W pierwszy dzie\u0144 wiosny, 21.03.2025r. grupa uczni\u00f3w z klasy 5a wraz z opiekunami odwiedzi\u0142a senior\u00f3w w Dziennym Domu Pobytu dla Senior\u00f3w w Hrubieszowie. Spotkanie odby\u0142o si\u0119 w ramach innowacji pedagogicznej \u201eJa i senior \u2013 \u0142\u0105czymy pokolenia\u201d.&nbsp; W trakcie wizyty uczniowie zapoznali si\u0119 z funkcjonowaniem tego miejsca, <\/span><br><span style=\"color: #000080;\">a tak\u017ce samodzielnie wypr\u00f3bowali sprz\u0119t rehabilitacyjno \u2013 sportowy i pod\u0142og\u0119 interaktywn\u0105. Nie zabrak\u0142o r\u00f3wnie\u017c wsp\u00f3lnych dzia\u0142a\u0144 \u2013 dzieci wraz z paniami seniorkami i personelem odczyta\u0142y cytaty, przys\u0142owia, fragmenty wierszy i piosenek <\/span><br><span style=\"color: #000080;\">o wio\u015bnie oraz wsp\u00f3lnie od\u015bpiewa\u0142y piosenk\u0119 \u201eWiosna\u201d zespo\u0142u Skaldowie. <\/span><br><span style=\"color: #000080;\">Na zako\u0144czenie, po s\u0142odkim pocz\u0119stunku, uczniowie otrzymali wiosenne kwiatki wykonane przez pensjonariuszy. Spotkanie wywar\u0142o na wszystkich bardzo mi\u0142e wra\u017cenie i nape\u0142ni\u0142o wiosn\u0105 te m\u0142odsze, i te starsze serca.<\/span><\/p>\nngg_shortcode_0_placeholder\n\n\n","protected":false},"excerpt":{"rendered":"<p>W pierwszy dzie\u0144 wiosny, 21.03.2025r. grupa uczni\u00f3w z klasy 5a wraz z opiekunami odwiedzi\u0142a senior\u00f3w w Dziennym Domu Pobytu dla Senior\u00f3w w Hrubieszowie. Spotkanie odby\u0142o si\u0119 w ramach innowacji pedagogicznej \u201eJa i senior \u2013 \u0142\u0105czymy pokolenia\u201d.&nbsp; W trakcie wizyty uczniowie zapoznali si\u0119 z funkcjonowaniem tego miejsca, a tak\u017ce samodzielnie wypr\u00f3bowali sprz\u0119t rehabilitacyjno \u2013 sportowy i [&hellip;]<\/p>\n","protected":false},"author":4,"featured_media":0,"parent":2167,"menu_order":0,"comment_status":"closed","ping_status":"closed","template":"","meta":{"ngg_post_thumbnail":0,"footnotes":""},"class_list":["post-28179","page","type-page","status-publish","hentry"],"_links":{"self":[{"href":"https:\/\/sp1hrubieszow.pl\/index.php\/wp-json\/wp\/v2\/pages\/28179","targetHints":{"allow":["GET"]}}],"collection":[{"href":"https:\/\/sp1hrubieszow.pl\/index.php\/wp-json\/wp\/v2\/pages"}],"about":[{"href":"https:\/\/sp1hrubieszow.pl\/index.php\/wp-json\/wp\/v2\/types\/page"}],"author":[{"embeddable":true,"href":"https:\/\/sp1hrubieszow.pl\/index.php\/wp-json\/wp\/v2\/users\/4"}],"replies":[{"embeddable":true,"href":"https:\/\/sp1hrubieszow.pl\/index.php\/wp-json\/wp\/v2\/comments?post=28179"}],"version-history":[{"count":1,"href":"https:\/\/sp1hrubieszow.pl\/index.php\/wp-json\/wp\/v2\/pages\/28179\/revisions"}],"predecessor-version":[{"id":28180,"href":"https:\/\/sp1hrubieszow.pl\/index.php\/wp-json\/wp\/v2\/pages\/28179\/revisions\/28180"}],"up":[{"embeddable":true,"href":"https:\/\/sp1hrubieszow.pl\/index.php\/wp-json\/wp\/v2\/pages\/2167"}],"wp:attachment":[{"href":"https:\/\/sp1hrubieszow.pl\/index.php\/wp-json\/wp\/v2\/media?parent=28179"}],"curies":[{"name":"wp","href":"https:\/\/api.w.org\/{rel}","templated":true}]}}