{"id":28166,"date":"2025-03-21T19:55:36","date_gmt":"2025-03-21T18:55:36","guid":{"rendered":"https:\/\/sp1hrubieszow.pl\/?page_id=28166"},"modified":"2025-03-21T19:55:36","modified_gmt":"2025-03-21T18:55:36","slug":"ii-etap-wojewodzkiego-konkursu-czytelniczego-czy-znasz","status":"publish","type":"page","link":"https:\/\/sp1hrubieszow.pl\/index.php\/kronika-2019-2020\/ii-etap-wojewodzkiego-konkursu-czytelniczego-czy-znasz\/","title":{"rendered":"II etap Wojew\u00f3dzkiego Konkursu Czytelniczego \u201eCzy znasz\u2026?\u201d"},"content":{"rendered":"\n<p class=\"paragraph\" style=\"margin: 0cm; margin-bottom: .0001pt; text-align: justify; background: white; vertical-align: baseline;\"><span style=\"color: #000080;\"><span class=\"normaltextrun\">W dniu 19.03.2025 r. w Bibliotece Pedagogicznej w Hrubieszowie odby\u0142 si\u0119 II etap Wojew\u00f3dzkiego Konkursu Czytelniczego \u201eCzy znasz\u2026?\u201d dla uczni\u00f3w klas IV-VI szk\u00f3\u0142 podstawowych z wojew\u00f3dztwa lubelskiego. Zadaniem uczestnik\u00f3w by\u0142o samodzielne rozwi\u0105zanie testu wiedzy sk\u0142adaj\u0105cego si\u0119 z 75 pyta\u0144. Zosta\u0142y one przygotowane <br>w oparciu o pi\u0119\u0107 utwor\u00f3w literackich. Nasz\u0105 szko\u0142\u0119 reprezentowa<\/span><span style=\"-webkit-user-drag: none; -webkit-tap-highlight-color: transparent; user-select: text;\">li<\/span><span style=\"-webkit-user-drag: none; -webkit-tap-highlight-color: transparent; user-select: text;\">: Adriana Kowalczuk \u2013 kl. 5a, Pola <\/span><span style=\"-webkit-user-drag: none; -webkit-tap-highlight-color: transparent; user-select: text; background-image: var(--urlSpellingErrorV2,); border-bottom: transparent; background-position-x: 0px; background-position-y: 100%;\">Pachniewska<\/span><span style=\"-webkit-user-drag: none; -webkit-tap-highlight-color: transparent; user-select: text;\"> \u2013 kl. 4a i Franciszek Socha \u2013 kl. 4a.&nbsp; Do III <\/span><span style=\"-webkit-user-drag: none; -webkit-tap-highlight-color: transparent; user-select: text; background-image: var(--urlContextualSpellingAndGrammarErrorV2,); border-bottom: transparent; background-position-x: 0px; background-position-y: 100%;\">etapu<\/span><span style=\"-webkit-user-drag: none; -webkit-tap-highlight-color: transparent; user-select: text; background-image: var(--urlContextualSpellingAndGrammarErrorV2,); border-bottom: transparent; background-position-x: 0px; background-position-y: 100%;\">,<\/span><span style=\"-webkit-user-drag: none; -webkit-tap-highlight-color: transparent; user-select: text;\"> jako jedyna <br>z powiatu <\/span><span style=\"-webkit-user-drag: none; -webkit-tap-highlight-color: transparent; user-select: text; background-image: var(--urlContextualSpellingAndGrammarErrorV2,); border-bottom: transparent; background-position-x: 0px; background-position-y: 100%;\">hrubieszowskiego,&nbsp;<\/span><span style=\"-webkit-user-drag: none; -webkit-tap-highlight-color: transparent; user-select: text; background-image: var(--urlContextualSpellingAndGrammarErrorV2,); border-bottom: transparent; background-position-x: 0px; background-position-y: 100%;\"> zakwalifikowa<\/span><span style=\"-webkit-user-drag: none; -webkit-tap-highlight-color: transparent; user-select: text; background-image: var(--urlContextualSpellingAndGrammarErrorV2,); border-bottom: transparent; background-position-x: 0px; background-position-y: 100%;\">\u0142a<\/span><span style=\"-webkit-user-drag: none; -webkit-tap-highlight-color: transparent; user-select: text;\"> si\u0119 Pola.<\/span><span style=\"-webkit-user-drag: none; -webkit-tap-highlight-color: transparent; user-select: text;\" data-ccp-props=\"{&quot;201341983&quot;:2,&quot;335551550&quot;:6,&quot;335551620&quot;:6,&quot;335557856&quot;:16777215,&quot;335559739&quot;:240,&quot;335559740&quot;:343}\">&nbsp;<\/span><\/span><\/p>\n<p>&nbsp;<\/p>\n<p class=\"paragraph\" style=\"background: white; vertical-align: baseline; -webkit-user-drag: none; -webkit-tap-highlight-color: transparent; user-select: text; overflow-wrap: break-word; white-space: pre-wrap; font-kerning: none;\"><span style=\"color: #000080;\"><span style=\"-webkit-user-drag: none; -webkit-tap-highlight-color: transparent; user-select: text; font-variant-ligatures: none !important;\" xml:lang=\"PL-PL\" data-contrast=\"auto\"><span style=\"-webkit-user-drag: none; -webkit-tap-highlight-color: transparent; user-select: text;\"><span class=\"normaltextrun\">Gratulujemy i \u017cyczymy dalszych sukces\u00f3w!<\/span><\/span><\/span><span style=\"-webkit-user-drag: none; -webkit-tap-highlight-color: transparent; user-select: text;\" data-ccp-props=\"{&quot;134233117&quot;:true,&quot;134233118&quot;:true,&quot;201341983&quot;:2,&quot;335557856&quot;:16777215,&quot;335559740&quot;:343}\"><span class=\"eop\">&nbsp;<\/span><\/span><\/span><\/p>\nngg_shortcode_0_placeholder\n\n\n","protected":false},"excerpt":{"rendered":"<p>W dniu 19.03.2025 r. w Bibliotece Pedagogicznej w Hrubieszowie odby\u0142 si\u0119 II etap Wojew\u00f3dzkiego Konkursu Czytelniczego \u201eCzy znasz\u2026?\u201d dla uczni\u00f3w klas IV-VI szk\u00f3\u0142 podstawowych z wojew\u00f3dztwa lubelskiego. Zadaniem uczestnik\u00f3w by\u0142o samodzielne rozwi\u0105zanie testu wiedzy sk\u0142adaj\u0105cego si\u0119 z 75 pyta\u0144. Zosta\u0142y one przygotowane w oparciu o pi\u0119\u0107 utwor\u00f3w literackich. Nasz\u0105 szko\u0142\u0119 reprezentowali: Adriana Kowalczuk \u2013 kl. [&hellip;]<\/p>\n","protected":false},"author":4,"featured_media":0,"parent":2167,"menu_order":0,"comment_status":"closed","ping_status":"closed","template":"","meta":{"ngg_post_thumbnail":0,"footnotes":""},"class_list":["post-28166","page","type-page","status-publish","hentry"],"_links":{"self":[{"href":"https:\/\/sp1hrubieszow.pl\/index.php\/wp-json\/wp\/v2\/pages\/28166","targetHints":{"allow":["GET"]}}],"collection":[{"href":"https:\/\/sp1hrubieszow.pl\/index.php\/wp-json\/wp\/v2\/pages"}],"about":[{"href":"https:\/\/sp1hrubieszow.pl\/index.php\/wp-json\/wp\/v2\/types\/page"}],"author":[{"embeddable":true,"href":"https:\/\/sp1hrubieszow.pl\/index.php\/wp-json\/wp\/v2\/users\/4"}],"replies":[{"embeddable":true,"href":"https:\/\/sp1hrubieszow.pl\/index.php\/wp-json\/wp\/v2\/comments?post=28166"}],"version-history":[{"count":1,"href":"https:\/\/sp1hrubieszow.pl\/index.php\/wp-json\/wp\/v2\/pages\/28166\/revisions"}],"predecessor-version":[{"id":28167,"href":"https:\/\/sp1hrubieszow.pl\/index.php\/wp-json\/wp\/v2\/pages\/28166\/revisions\/28167"}],"up":[{"embeddable":true,"href":"https:\/\/sp1hrubieszow.pl\/index.php\/wp-json\/wp\/v2\/pages\/2167"}],"wp:attachment":[{"href":"https:\/\/sp1hrubieszow.pl\/index.php\/wp-json\/wp\/v2\/media?parent=28166"}],"curies":[{"name":"wp","href":"https:\/\/api.w.org\/{rel}","templated":true}]}}