{"id":28141,"date":"2025-03-16T19:31:56","date_gmt":"2025-03-16T18:31:56","guid":{"rendered":"https:\/\/sp1hrubieszow.pl\/?page_id=28141"},"modified":"2025-03-21T19:40:46","modified_gmt":"2025-03-21T18:40:46","slug":"najpiekniejsze-zyczenia-nagrodzone","status":"publish","type":"page","link":"https:\/\/sp1hrubieszow.pl\/index.php\/kronika-2020-2021\/najpiekniejsze-zyczenia-nagrodzone\/","title":{"rendered":"Najpi\u0119kniejsze \u017cyczenia nagrodzone!\u00a0"},"content":{"rendered":"\n<p><span style=\"color: #000080;\">W dniu 10 marca 2025 roku komisja konkursowa w sk\u0142adzie: Marta Kuczy\u0144ska, Renata Danilczuk, Monika Bednara i Agnieszka Wojtiuk wy\u0142oni\u0142a zwyci\u0119zc\u00f3w Szkolnego Konkursu \u201eKartka Urodzinowa dla Mojej Szko\u0142y\u201d&nbsp;<\/span><\/p>\n<p><span style=\"color: #000080;\">Oto laureaci:&nbsp;<\/span><\/p>\n<ul>\n<li data-leveltext=\"\uf0b7\" data-font=\"Symbol\" data-listid=\"1\" data-list-defn-props=\"{&quot;335552541&quot;:1,&quot;335559685&quot;:720,&quot;335559991&quot;:360,&quot;469769226&quot;:&quot;Symbol&quot;,&quot;469769242&quot;:[8226],&quot;469777803&quot;:&quot;left&quot;,&quot;469777804&quot;:&quot;\uf0b7&quot;,&quot;469777815&quot;:&quot;hybridMultilevel&quot;}\" aria-setsize=\"-1\" data-aria-posinset=\"1\" data-aria-level=\"1\"><span style=\"color: #000080;\">grupa I &#8211; klasy I-III:&nbsp;<\/span><\/li>\n<\/ul>\n<ol>\n<li data-leveltext=\"%1.\" data-font=\"Times New Roman\" data-listid=\"2\" data-list-defn-props=\"{&quot;335552541&quot;:0,&quot;335559685&quot;:1440,&quot;335559991&quot;:360,&quot;469769242&quot;:[65533,0],&quot;469777803&quot;:&quot;left&quot;,&quot;469777804&quot;:&quot;%1.&quot;,&quot;469777815&quot;:&quot;hybridMultilevel&quot;}\" aria-setsize=\"-1\" data-aria-posinset=\"1\" data-aria-level=\"1\"><span style=\"color: #000080;\">miejsce \u2013 Amelia Soko\u0142owska \u2013 kl. 3b 2.<\/span><\/li>\n<li data-leveltext=\"%1.\" data-font=\"Times New Roman\" data-listid=\"2\" data-list-defn-props=\"{&quot;335552541&quot;:0,&quot;335559685&quot;:1440,&quot;335559991&quot;:360,&quot;469769242&quot;:[65533,0],&quot;469777803&quot;:&quot;left&quot;,&quot;469777804&quot;:&quot;%1.&quot;,&quot;469777815&quot;:&quot;hybridMultilevel&quot;}\" aria-setsize=\"-1\" data-aria-posinset=\"1\" data-aria-level=\"1\"><span style=\"color: #000080;\">miejsce &#8211; Blanka Nowak \u2013 kl. 1a 3.<\/span><\/li>\n<li data-leveltext=\"%1.\" data-font=\"Times New Roman\" data-listid=\"2\" data-list-defn-props=\"{&quot;335552541&quot;:0,&quot;335559685&quot;:1440,&quot;335559991&quot;:360,&quot;469769242&quot;:[65533,0],&quot;469777803&quot;:&quot;left&quot;,&quot;469777804&quot;:&quot;%1.&quot;,&quot;469777815&quot;:&quot;hybridMultilevel&quot;}\" aria-setsize=\"-1\" data-aria-posinset=\"1\" data-aria-level=\"1\"><span style=\"color: #000080;\">miejsce &#8211; Diana Go\u0142\u0119biowska \u2013 kl. 1a&nbsp;<\/span><\/li>\n<\/ol>\n<p><span style=\"color: #000080;\">wyr\u00f3\u017cnienia \u2013 Jowita Kania \u2013 kl. 1a, Zuzanna Nej \u2013 kl. 1b, Maciej Opa\u0142a \u2013 kl. 1b, Hanna Jasi\u0144ska &#8211; kl. 1b, Fabian Kimak \u2013 kl. 1c, Filip Fr\u0105c \u2013 kl.1c, Maja S\u0142oniec \u2013 1c, Ksawery Gruszka &#8211; kl. 1c, Oliwia Kawka &#8211;&nbsp; kl. 1c, Magdalena Socha \u2013 kl. 2a, Nikola G\u0142owacz \u2013 kl. 2b, Emilia Ja\u015bniuk \u2013 kl. 2c, Franciszek Ciesielczuk \u2013 kl. 2c, Hubert Prokop \u2013 kl. 3a, Emilia Kania \u2013 kl. 3a, Magdalena Chabros \u2013 kl. 3b, Maja Nocek \u2013 3b,&nbsp;<\/span><\/p>\n<ul>\n<li data-leveltext=\"\uf0b7\" data-font=\"Symbol\" data-listid=\"1\" data-list-defn-props=\"{&quot;335552541&quot;:1,&quot;335559685&quot;:720,&quot;335559991&quot;:360,&quot;469769226&quot;:&quot;Symbol&quot;,&quot;469769242&quot;:[8226],&quot;469777803&quot;:&quot;left&quot;,&quot;469777804&quot;:&quot;\uf0b7&quot;,&quot;469777815&quot;:&quot;hybridMultilevel&quot;}\" aria-setsize=\"-1\" data-aria-posinset=\"2\" data-aria-level=\"1\"><span style=\"color: #000080;\">grupa II &#8211; klasy IV-VI:&nbsp;<\/span><\/li>\n<\/ul>\n<ol>\n<li data-leveltext=\"%1.\" data-font=\"Times New Roman\" data-listid=\"3\" data-list-defn-props=\"{&quot;335552541&quot;:0,&quot;335559685&quot;:1440,&quot;335559991&quot;:360,&quot;469769242&quot;:[65533,0],&quot;469777803&quot;:&quot;left&quot;,&quot;469777804&quot;:&quot;%1.&quot;,&quot;469777815&quot;:&quot;hybridMultilevel&quot;}\" aria-setsize=\"-1\" data-aria-posinset=\"1\" data-aria-level=\"1\"><span style=\"color: #000080;\">miejsce &#8211; Wiktoria Ha\u0142asa \u2013 kl. 6a 2.<\/span><\/li>\n<li data-leveltext=\"%1.\" data-font=\"Times New Roman\" data-listid=\"3\" data-list-defn-props=\"{&quot;335552541&quot;:0,&quot;335559685&quot;:1440,&quot;335559991&quot;:360,&quot;469769242&quot;:[65533,0],&quot;469777803&quot;:&quot;left&quot;,&quot;469777804&quot;:&quot;%1.&quot;,&quot;469777815&quot;:&quot;hybridMultilevel&quot;}\" aria-setsize=\"-1\" data-aria-posinset=\"1\" data-aria-level=\"1\"><span style=\"color: #000080;\">miejsce &#8211; Zuzanna Kudelska \u2013 kl. 6a 3.<\/span><\/li>\n<li data-leveltext=\"%1.\" data-font=\"Times New Roman\" data-listid=\"3\" data-list-defn-props=\"{&quot;335552541&quot;:0,&quot;335559685&quot;:1440,&quot;335559991&quot;:360,&quot;469769242&quot;:[65533,0],&quot;469777803&quot;:&quot;left&quot;,&quot;469777804&quot;:&quot;%1.&quot;,&quot;469777815&quot;:&quot;hybridMultilevel&quot;}\" aria-setsize=\"-1\" data-aria-posinset=\"1\" data-aria-level=\"1\"><span style=\"color: #000080;\">miejsce \u2013 Oliwia Sagadyn \u2013 kl. 4a, Hanna Sidorczuk \u2013 kl. 6a&nbsp;<\/span><\/li>\n<\/ol>\n<p><span style=\"color: #000080;\">wyr\u00f3\u017cnienia &#8211;&nbsp; Julia Momot \u2013 kl. 4a, Franciszek Socha \u2013 kl. 4a,&nbsp; Lena Cierech \u2013 kl. 4a, Milena Tor \u2013 kl. 4a, Joel Mi\u0142osz \u2013 kl. 4a, Alan Tor \u2013 kl. 4a, Nina Lewandowska \u2013 kl. 4b, Zuzanna Gruszka \u2013 kl. 4c, Jakub Kalbarczyk \u2013 5a&nbsp;<\/span><\/p>\n<p><span style=\"color: #000080;\">Gratulujemy!&nbsp;<\/span><\/p>\nngg_shortcode_0_placeholder\n<p><span data-ccp-props=\"{&quot;201341983&quot;:0,&quot;335551550&quot;:6,&quot;335551620&quot;:6,&quot;335559685&quot;:1440,&quot;335559740&quot;:360}\">&nbsp;<\/span><\/p>\n<p><span data-ccp-props=\"{&quot;201341983&quot;:0,&quot;335551550&quot;:6,&quot;335551620&quot;:6,&quot;335559685&quot;:0,&quot;335559740&quot;:360}\">&nbsp;<\/span><\/p>\n","protected":false},"excerpt":{"rendered":"<p>W dniu 10 marca 2025 roku komisja konkursowa w sk\u0142adzie: Marta Kuczy\u0144ska, Renata Danilczuk, Monika Bednara i Agnieszka Wojtiuk wy\u0142oni\u0142a zwyci\u0119zc\u00f3w Szkolnego Konkursu \u201eKartka Urodzinowa dla Mojej Szko\u0142y\u201d&nbsp; Oto laureaci:&nbsp; grupa I &#8211; klasy I-III:&nbsp; miejsce \u2013 Amelia Soko\u0142owska \u2013 kl. 3b 2. miejsce &#8211; Blanka Nowak \u2013 kl. 1a 3. miejsce &#8211; Diana Go\u0142\u0119biowska [&hellip;]<\/p>\n","protected":false},"author":2,"featured_media":0,"parent":5983,"menu_order":0,"comment_status":"closed","ping_status":"closed","template":"","meta":{"ngg_post_thumbnail":0,"footnotes":""},"class_list":["post-28141","page","type-page","status-publish","hentry"],"_links":{"self":[{"href":"https:\/\/sp1hrubieszow.pl\/index.php\/wp-json\/wp\/v2\/pages\/28141","targetHints":{"allow":["GET"]}}],"collection":[{"href":"https:\/\/sp1hrubieszow.pl\/index.php\/wp-json\/wp\/v2\/pages"}],"about":[{"href":"https:\/\/sp1hrubieszow.pl\/index.php\/wp-json\/wp\/v2\/types\/page"}],"author":[{"embeddable":true,"href":"https:\/\/sp1hrubieszow.pl\/index.php\/wp-json\/wp\/v2\/users\/2"}],"replies":[{"embeddable":true,"href":"https:\/\/sp1hrubieszow.pl\/index.php\/wp-json\/wp\/v2\/comments?post=28141"}],"version-history":[{"count":3,"href":"https:\/\/sp1hrubieszow.pl\/index.php\/wp-json\/wp\/v2\/pages\/28141\/revisions"}],"predecessor-version":[{"id":28148,"href":"https:\/\/sp1hrubieszow.pl\/index.php\/wp-json\/wp\/v2\/pages\/28141\/revisions\/28148"}],"up":[{"embeddable":true,"href":"https:\/\/sp1hrubieszow.pl\/index.php\/wp-json\/wp\/v2\/pages\/5983"}],"wp:attachment":[{"href":"https:\/\/sp1hrubieszow.pl\/index.php\/wp-json\/wp\/v2\/media?parent=28141"}],"curies":[{"name":"wp","href":"https:\/\/api.w.org\/{rel}","templated":true}]}}