{"id":28112,"date":"2025-03-03T18:42:37","date_gmt":"2025-03-03T17:42:37","guid":{"rendered":"https:\/\/sp1hrubieszow.pl\/?page_id=28112"},"modified":"2025-03-03T18:42:37","modified_gmt":"2025-03-03T17:42:37","slug":"wyniki-konkursu-kaligraficznego","status":"publish","type":"page","link":"https:\/\/sp1hrubieszow.pl\/index.php\/kronika-2019-2020\/wyniki-konkursu-kaligraficznego\/","title":{"rendered":"WYNIKI KONKURSU KALIGRAFICZNEGO"},"content":{"rendered":"\n<p><span style=\"color: #000080;\">24.01.2015r. odby\u0142 si\u0119 w naszej szkole etap szkolny VIII Og\u00f3lnopolskiego Konkursu Kaligraficznego im. Janusza Korzeniowskiego \u201ePi\u00f3rem i Pazurem\u201d. <br>Do konkursu przyst\u0105pi\u0142y 24 uczennice naszej szko\u0142y z klas IV \u2013 VIII.<\/span><\/p>\n<p><span style=\"color: #000080;\">Zadanie konkursowe polega\u0142o na pi\u0119knym przepisaniu zdania: \u201e\u017bycie bez ksi\u0105\u017cek jest <br>jak st\u00f3\u0142 bez n\u00f3g.\u201d (Konstanty Ildefons Ga\u0142czy\u0144ski) z mo\u017cliwo\u015bci\u0105 ozdobienia tekstu iluminacjami, inicja\u0142em lub bordiur\u0105.<\/span><\/p>\n<p><span style=\"color: #000080;\">Do etapu wojew\u00f3dzkiego zakwalifikowa\u0142y si\u0119 nast\u0119puj\u0105ce dziewczynki:<\/span><\/p>\n<ol>\n<li><span style=\"color: #000080;\">Zuzanna Korneluk kl. 4a<\/span><\/li>\n<li><span style=\"color: #000080;\">Hanna Zuza\u0144ska kl. 5a<\/span><\/li>\n<li><span style=\"color: #000080;\">Hanna Kisielewska kl. 5b<\/span><\/li>\n<li><span style=\"color: #000080;\">Urszula Nowak kl. 5b<\/span><\/li>\n<li><span style=\"color: #000080;\">\u0141ucja Wi\u015bniewska kl. 6b<\/span><\/li>\n<li><span style=\"color: #000080;\">Anna Metyk kl. 7c<\/span><\/li>\n<li><span style=\"color: #000080;\">Nikola Pietryna kl. 8b<\/span><\/li>\n<\/ol>\n<p><span style=\"color: #000080;\">Zwyci\u0119\u017cczyniom &nbsp;etapu szkolnego gratulujemy i \u017cyczymy kolejnych sukces\u00f3w.<\/span><\/p>\nngg_shortcode_0_placeholder\n\n\n","protected":false},"excerpt":{"rendered":"<p>24.01.2015r. odby\u0142 si\u0119 w naszej szkole etap szkolny VIII Og\u00f3lnopolskiego Konkursu Kaligraficznego im. Janusza Korzeniowskiego \u201ePi\u00f3rem i Pazurem\u201d. Do konkursu przyst\u0105pi\u0142y 24 uczennice naszej szko\u0142y z klas IV \u2013 VIII. Zadanie konkursowe polega\u0142o na pi\u0119knym przepisaniu zdania: \u201e\u017bycie bez ksi\u0105\u017cek jest jak st\u00f3\u0142 bez n\u00f3g.\u201d (Konstanty Ildefons Ga\u0142czy\u0144ski) z mo\u017cliwo\u015bci\u0105 ozdobienia tekstu iluminacjami, inicja\u0142em lub [&hellip;]<\/p>\n","protected":false},"author":4,"featured_media":0,"parent":2167,"menu_order":0,"comment_status":"closed","ping_status":"closed","template":"","meta":{"ngg_post_thumbnail":0,"footnotes":""},"class_list":["post-28112","page","type-page","status-publish","hentry"],"_links":{"self":[{"href":"https:\/\/sp1hrubieszow.pl\/index.php\/wp-json\/wp\/v2\/pages\/28112","targetHints":{"allow":["GET"]}}],"collection":[{"href":"https:\/\/sp1hrubieszow.pl\/index.php\/wp-json\/wp\/v2\/pages"}],"about":[{"href":"https:\/\/sp1hrubieszow.pl\/index.php\/wp-json\/wp\/v2\/types\/page"}],"author":[{"embeddable":true,"href":"https:\/\/sp1hrubieszow.pl\/index.php\/wp-json\/wp\/v2\/users\/4"}],"replies":[{"embeddable":true,"href":"https:\/\/sp1hrubieszow.pl\/index.php\/wp-json\/wp\/v2\/comments?post=28112"}],"version-history":[{"count":1,"href":"https:\/\/sp1hrubieszow.pl\/index.php\/wp-json\/wp\/v2\/pages\/28112\/revisions"}],"predecessor-version":[{"id":28113,"href":"https:\/\/sp1hrubieszow.pl\/index.php\/wp-json\/wp\/v2\/pages\/28112\/revisions\/28113"}],"up":[{"embeddable":true,"href":"https:\/\/sp1hrubieszow.pl\/index.php\/wp-json\/wp\/v2\/pages\/2167"}],"wp:attachment":[{"href":"https:\/\/sp1hrubieszow.pl\/index.php\/wp-json\/wp\/v2\/media?parent=28112"}],"curies":[{"name":"wp","href":"https:\/\/api.w.org\/{rel}","templated":true}]}}