{"id":2807,"date":"2019-11-08T18:26:34","date_gmt":"2019-11-08T17:26:34","guid":{"rendered":"http:\/\/sp1.hrubieszow.info\/?page_id=2807"},"modified":"2019-11-08T18:28:45","modified_gmt":"2019-11-08T17:28:45","slug":"konferencja-pt-nowoczesna-profilaktyka-zdrowia-psychicznego","status":"publish","type":"page","link":"https:\/\/sp1hrubieszow.pl\/index.php\/kronika-2019-2020\/konferencja-pt-nowoczesna-profilaktyka-zdrowia-psychicznego\/","title":{"rendered":"Konferencja pt. &#8222;Nowoczesna profilaktyka zdrowia psychicznego&#8221;"},"content":{"rendered":"\n<p><span style=\"color: #000080;\">Dnia 4 listopada 2019r. w Powiatowym Zespole Plac\u00f3wek Szkolno-Wychowawczych w Hrubieszowie odby\u0142a si\u0119 konferencja pt. &#8222;Nowoczesna profilaktyka zdrowia psychicznego&#8221;, zwi\u0105zana z uczestnictwem SP Nr 1 w programie &#8222;My\u015bl\u0119 Pozytywnie-Szko\u0142a Pozytywnego My\u015blenia&#8221;.<\/span><br><span style=\"color: #000080;\">W konferencji wzi\u0119li udzia\u0142 przedstawiciele nauczycieli, rodzic\u00f3w oraz instytucji wsp\u00f3\u0142pracuj\u0105cych z nasz\u0105 szko\u0142\u0105 a tak\u017ce przedstawiciele innych szk\u00f3l i palc\u00f3wek bior\u0105cych udzia\u0142 w programie.G\u0142\u00f3wnym celem konferencji by\u0142o tworzenie partnerstw na rzecz profilaktyki zdrowia psychicznego dzieci i m\u0142odzie\u017cy a tak\u017ce pozyskiwanie funduszy na ten cel. Przed wej\u015bciem do szatni zawis\u0142 baner, potwierdzaj\u0105cy udzia\u0142 naszej szko\u0142y w programie ceryfikacyjnym &#8222;My\u015bl\u0119 pozytywnie&#8221;. Zapraszamy do wsp\u00f3\u0142pracy przy realizacji zada\u0144 programowych oraz dzi\u0119kujemy uczniom, nauczycielom i rodzicom za dotychczasowe zaanga\u017cowanie w realizacj\u0119 programu.<\/span><br><span style=\"color: #000080;\">Koordynator&#8221;My\u015bl\u0119 Pozytywnie-Szko\u0142a Pozytywnego My\u015blenia&#8221;-Marta Kuczy\u0144ska, pedagog szkolny<\/span><\/p>\nngg_shortcode_0_placeholder\n","protected":false},"excerpt":{"rendered":"<p>Dnia 4 listopada 2019r. w Powiatowym Zespole Plac\u00f3wek Szkolno-Wychowawczych w Hrubieszowie odby\u0142a si\u0119 konferencja pt. &#8222;Nowoczesna profilaktyka zdrowia psychicznego&#8221;, zwi\u0105zana z uczestnictwem SP Nr 1 w programie &#8222;My\u015bl\u0119 Pozytywnie-Szko\u0142a Pozytywnego My\u015blenia&#8221;.W konferencji wzi\u0119li udzia\u0142 przedstawiciele nauczycieli, rodzic\u00f3w oraz instytucji wsp\u00f3\u0142pracuj\u0105cych z nasz\u0105 szko\u0142\u0105 a tak\u017ce przedstawiciele innych szk\u00f3l i palc\u00f3wek bior\u0105cych udzia\u0142 w programie.G\u0142\u00f3wnym celem [&hellip;]<\/p>\n","protected":false},"author":2,"featured_media":0,"parent":2167,"menu_order":0,"comment_status":"closed","ping_status":"closed","template":"","meta":{"ngg_post_thumbnail":0,"footnotes":""},"class_list":["post-2807","page","type-page","status-publish","hentry"],"_links":{"self":[{"href":"https:\/\/sp1hrubieszow.pl\/index.php\/wp-json\/wp\/v2\/pages\/2807","targetHints":{"allow":["GET"]}}],"collection":[{"href":"https:\/\/sp1hrubieszow.pl\/index.php\/wp-json\/wp\/v2\/pages"}],"about":[{"href":"https:\/\/sp1hrubieszow.pl\/index.php\/wp-json\/wp\/v2\/types\/page"}],"author":[{"embeddable":true,"href":"https:\/\/sp1hrubieszow.pl\/index.php\/wp-json\/wp\/v2\/users\/2"}],"replies":[{"embeddable":true,"href":"https:\/\/sp1hrubieszow.pl\/index.php\/wp-json\/wp\/v2\/comments?post=2807"}],"version-history":[{"count":1,"href":"https:\/\/sp1hrubieszow.pl\/index.php\/wp-json\/wp\/v2\/pages\/2807\/revisions"}],"predecessor-version":[{"id":2808,"href":"https:\/\/sp1hrubieszow.pl\/index.php\/wp-json\/wp\/v2\/pages\/2807\/revisions\/2808"}],"up":[{"embeddable":true,"href":"https:\/\/sp1hrubieszow.pl\/index.php\/wp-json\/wp\/v2\/pages\/2167"}],"wp:attachment":[{"href":"https:\/\/sp1hrubieszow.pl\/index.php\/wp-json\/wp\/v2\/media?parent=2807"}],"curies":[{"name":"wp","href":"https:\/\/api.w.org\/{rel}","templated":true}]}}