{"id":28038,"date":"2025-02-11T20:03:12","date_gmt":"2025-02-11T19:03:12","guid":{"rendered":"https:\/\/sp1hrubieszow.pl\/?page_id=28038"},"modified":"2025-02-11T20:03:30","modified_gmt":"2025-02-11T19:03:30","slug":"awans-do-finalu-wojewodzkiego-naszych-koszykarek","status":"publish","type":"page","link":"https:\/\/sp1hrubieszow.pl\/index.php\/kronika-2020-2021\/awans-do-finalu-wojewodzkiego-naszych-koszykarek\/","title":{"rendered":"Awans do Fina\u0142u Wojew\u00f3dzkiego naszych koszykarek"},"content":{"rendered":"\n<div class=\"xdj266r x11i5rnm xat24cr x1mh8g0r x1vvkbs x126k92a\">\n<div dir=\"auto\"><span style=\"font-size: 1rem; color: #000080;\">10 lutego w naszej szkole odby\u0142 si\u0119 P\u00f3\u0142fina\u0142 Wojew\u00f3dzki w koszyk\u00f3wce dziewcz\u0105t w ramach rozgrywek Szkolnego Zwi\u0105zku Sportowego.<\/span><\/div>\n<\/div>\n<div class=\"x11i5rnm xat24cr x1mh8g0r x1vvkbs xtlvy1s x126k92a\">\n<div dir=\"auto\"><span style=\"color: #000080;\">Do zawod\u00f3w przyst\u0105pi\u0142o 4 dru\u017cyny kt\u00f3re rozegra\u0142y zawody systemem,,ka\u017cdy z ka\u017cdym&#8221;<\/span><\/div>\n<div dir=\"auto\"><span style=\"color: #000080;\">Nasze dziewcz\u0119ta wygra\u0142y wszystkie swoje mecze, tym samym znale\u017ali\u015bmy si\u0119 w gronie sze\u015bciu najlepszego dru\u017cyn w wojew\u00f3dztwie.<\/span><\/div>\n<div dir=\"auto\">&nbsp;<\/div>\n<\/div>\n<div class=\"x11i5rnm xat24cr x1mh8g0r x1vvkbs xtlvy1s x126k92a\">\n<div dir=\"auto\"><span style=\"color: #000080;\">Wyniki:<\/span><\/div>\n<div dir=\"auto\"><span style=\"color: #000080;\">SP1 Hrubiesz\u00f3w &#8211; SP 1 Krasnystaw 14:9<\/span><\/div>\n<div dir=\"auto\"><span style=\"color: #000080;\">SP 1 Hrubiesz\u00f3w &#8211; SP 2 Tomasz\u00f3w Lubelski 13:5<\/span><\/div>\n<div dir=\"auto\"><span style=\"color: #000080;\">SP 1 Hrubiesz\u00f3w &#8211; SP 6 Zamo\u015b\u0107 15:11<\/span><\/div>\n<div dir=\"auto\">&nbsp;<\/div>\n<\/div>\n<div class=\"x11i5rnm xat24cr x1mh8g0r x1vvkbs xtlvy1s x126k92a\">\n<div dir=\"auto\"><span style=\"color: #000080;\">Dziewcz\u0119ta zagra\u0142y w sk\u0142adzie:<\/span><\/div>\n<div dir=\"auto\"><span style=\"color: #000080;\">Kornelia Mrozowska<\/span><\/div>\n<div dir=\"auto\"><span style=\"color: #000080;\">Lena Ho\u0142\u00f3wek<\/span><\/div>\n<div dir=\"auto\"><span style=\"color: #000080;\">Nikola Pietryna<\/span><\/div>\n<div dir=\"auto\"><span style=\"color: #000080;\">Iga Nowosad<\/span><\/div>\n<div dir=\"auto\"><span style=\"color: #000080;\">Julia Kiszel<\/span><\/div>\n<div dir=\"auto\"><span style=\"color: #000080;\">Zuzanna Peczak<\/span><\/div>\n<div dir=\"auto\"><span style=\"color: #000080;\">Maja Magdziak<\/span><\/div>\n<div dir=\"auto\"><span style=\"color: #000080;\">Martyna Balcer<\/span><\/div>\n<div dir=\"auto\"><span style=\"color: #000080;\">Karolina Grzegorczyk<\/span><\/div>\n<\/div>\n<div class=\"x11i5rnm xat24cr x1mh8g0r x1vvkbs xtlvy1s x126k92a\">\n<div dir=\"auto\"><span style=\"color: #000080;\">Opiekunem by\u0142 Tomasz Magdziak<\/span><\/div>\n<div dir=\"auto\">&nbsp;<\/div>\n<\/div>\n<div class=\"x11i5rnm xat24cr x1mh8g0r x1vvkbs xtlvy1s x126k92a\">\n<div dir=\"auto\"><span style=\"color: #000080;\">Gratulujemy i \u017cyczymy powodzenia w finale wojew\u00f3dzkim<\/span><\/div>\n<div dir=\"auto\">\nngg_shortcode_0_placeholder\n<\/div>\n<\/div>\n","protected":false},"excerpt":{"rendered":"<p>10 lutego w naszej szkole odby\u0142 si\u0119 P\u00f3\u0142fina\u0142 Wojew\u00f3dzki w koszyk\u00f3wce dziewcz\u0105t w ramach rozgrywek Szkolnego Zwi\u0105zku Sportowego. Do zawod\u00f3w przyst\u0105pi\u0142o 4 dru\u017cyny kt\u00f3re rozegra\u0142y zawody systemem,,ka\u017cdy z ka\u017cdym&#8221; Nasze dziewcz\u0119ta wygra\u0142y wszystkie swoje mecze, tym samym znale\u017ali\u015bmy si\u0119 w gronie sze\u015bciu najlepszego dru\u017cyn w wojew\u00f3dztwie. &nbsp; Wyniki: SP1 Hrubiesz\u00f3w &#8211; SP 1 Krasnystaw 14:9 [&hellip;]<\/p>\n","protected":false},"author":2,"featured_media":0,"parent":5983,"menu_order":0,"comment_status":"closed","ping_status":"closed","template":"","meta":{"ngg_post_thumbnail":0,"footnotes":""},"class_list":["post-28038","page","type-page","status-publish","hentry"],"_links":{"self":[{"href":"https:\/\/sp1hrubieszow.pl\/index.php\/wp-json\/wp\/v2\/pages\/28038","targetHints":{"allow":["GET"]}}],"collection":[{"href":"https:\/\/sp1hrubieszow.pl\/index.php\/wp-json\/wp\/v2\/pages"}],"about":[{"href":"https:\/\/sp1hrubieszow.pl\/index.php\/wp-json\/wp\/v2\/types\/page"}],"author":[{"embeddable":true,"href":"https:\/\/sp1hrubieszow.pl\/index.php\/wp-json\/wp\/v2\/users\/2"}],"replies":[{"embeddable":true,"href":"https:\/\/sp1hrubieszow.pl\/index.php\/wp-json\/wp\/v2\/comments?post=28038"}],"version-history":[{"count":1,"href":"https:\/\/sp1hrubieszow.pl\/index.php\/wp-json\/wp\/v2\/pages\/28038\/revisions"}],"predecessor-version":[{"id":28039,"href":"https:\/\/sp1hrubieszow.pl\/index.php\/wp-json\/wp\/v2\/pages\/28038\/revisions\/28039"}],"up":[{"embeddable":true,"href":"https:\/\/sp1hrubieszow.pl\/index.php\/wp-json\/wp\/v2\/pages\/5983"}],"wp:attachment":[{"href":"https:\/\/sp1hrubieszow.pl\/index.php\/wp-json\/wp\/v2\/media?parent=28038"}],"curies":[{"name":"wp","href":"https:\/\/api.w.org\/{rel}","templated":true}]}}