{"id":28006,"date":"2025-02-11T17:49:41","date_gmt":"2025-02-11T16:49:41","guid":{"rendered":"https:\/\/sp1hrubieszow.pl\/?page_id=28006"},"modified":"2025-02-11T17:49:41","modified_gmt":"2025-02-11T16:49:41","slug":"niecodzienna-lekcja-jezyka-polskiego","status":"publish","type":"page","link":"https:\/\/sp1hrubieszow.pl\/index.php\/kronika-2019-2020\/niecodzienna-lekcja-jezyka-polskiego\/","title":{"rendered":"Niecodzienna lekcja j\u0119zyka polskiego"},"content":{"rendered":"\n\n\n<p><span style=\"color: #000080;\">Uczniowie klasy 4a na lekcji j\u0119zyka polskiego w niecodzienny spos\u00f3b zapoznali si\u0119 <\/span><br><span style=\"color: #000080;\">z ballad\u0105 Adama Mickiewicza pt. \u201ePani Twardowska\u201d. Oryginalno\u015b\u0107 tej lekcji polega\u0142a <\/span><br><span style=\"color: #000080;\">na tym, \u017ce tekst ballady zosta\u0142 zaprezentowany w formie nagrania stworzonego przez uczni\u00f3w z klasy 5a, ucz\u0119szczaj\u0105cych na k\u00f3\u0142ko czytelnicze. Starsi uczniowie chcieli w ten nietypowy spos\u00f3b zach\u0119ci\u0107 m\u0142odszych koleg\u00f3w do polubienia polskiej literatury <\/span><br><span style=\"color: #000080;\">oraz zaprezentowa\u0107 swoje umiej\u0119tno\u015bci interpretacji tekst\u00f3w literackich.<\/span><\/p>\nngg_shortcode_0_placeholder\n\n\n","protected":false},"excerpt":{"rendered":"<p>Uczniowie klasy 4a na lekcji j\u0119zyka polskiego w niecodzienny spos\u00f3b zapoznali si\u0119 z ballad\u0105 Adama Mickiewicza pt. \u201ePani Twardowska\u201d. Oryginalno\u015b\u0107 tej lekcji polega\u0142a na tym, \u017ce tekst ballady zosta\u0142 zaprezentowany w formie nagrania stworzonego przez uczni\u00f3w z klasy 5a, ucz\u0119szczaj\u0105cych na k\u00f3\u0142ko czytelnicze. Starsi uczniowie chcieli w ten nietypowy spos\u00f3b zach\u0119ci\u0107 m\u0142odszych koleg\u00f3w do polubienia [&hellip;]<\/p>\n","protected":false},"author":4,"featured_media":0,"parent":2167,"menu_order":0,"comment_status":"closed","ping_status":"closed","template":"","meta":{"ngg_post_thumbnail":0,"footnotes":""},"class_list":["post-28006","page","type-page","status-publish","hentry"],"_links":{"self":[{"href":"https:\/\/sp1hrubieszow.pl\/index.php\/wp-json\/wp\/v2\/pages\/28006","targetHints":{"allow":["GET"]}}],"collection":[{"href":"https:\/\/sp1hrubieszow.pl\/index.php\/wp-json\/wp\/v2\/pages"}],"about":[{"href":"https:\/\/sp1hrubieszow.pl\/index.php\/wp-json\/wp\/v2\/types\/page"}],"author":[{"embeddable":true,"href":"https:\/\/sp1hrubieszow.pl\/index.php\/wp-json\/wp\/v2\/users\/4"}],"replies":[{"embeddable":true,"href":"https:\/\/sp1hrubieszow.pl\/index.php\/wp-json\/wp\/v2\/comments?post=28006"}],"version-history":[{"count":1,"href":"https:\/\/sp1hrubieszow.pl\/index.php\/wp-json\/wp\/v2\/pages\/28006\/revisions"}],"predecessor-version":[{"id":28007,"href":"https:\/\/sp1hrubieszow.pl\/index.php\/wp-json\/wp\/v2\/pages\/28006\/revisions\/28007"}],"up":[{"embeddable":true,"href":"https:\/\/sp1hrubieszow.pl\/index.php\/wp-json\/wp\/v2\/pages\/2167"}],"wp:attachment":[{"href":"https:\/\/sp1hrubieszow.pl\/index.php\/wp-json\/wp\/v2\/media?parent=28006"}],"curies":[{"name":"wp","href":"https:\/\/api.w.org\/{rel}","templated":true}]}}