{"id":2800,"date":"2019-11-08T17:48:05","date_gmt":"2019-11-08T16:48:05","guid":{"rendered":"http:\/\/sp1.hrubieszow.info\/?page_id=2800"},"modified":"2019-11-08T17:48:26","modified_gmt":"2019-11-08T16:48:26","slug":"informacja-o-realizacji-projektu-w-ramach-programu-groby-i-cmentarze-wojenne-w-kraju","status":"publish","type":"page","link":"https:\/\/sp1hrubieszow.pl\/index.php\/kronika-2019-2020\/informacja-o-realizacji-projektu-w-ramach-programu-groby-i-cmentarze-wojenne-w-kraju\/","title":{"rendered":"Informacja o realizacji projektu  w ramach programu \u201eGroby i cmentarze wojenne w kraju\u201d"},"content":{"rendered":"\n<p align=\"JUSTIFY\"><span style=\"font-size: medium;\">Burmistrz Miasta Hrubieszowa informuje, \u017ce Gmina Miejska Hrubiesz\u00f3w rozpocz\u0119\u0142a realizacj\u0119 zadania pn: \u201e<\/span><span style=\"font-size: medium;\"><i><b>Remont mogi\u0142 \u017co\u0142nierzy \u2013 legionist\u00f3w poleg\u0142ych w 1918 &#8211; 1920 roku, pochowanych na cmentarzu grzebalnym w Hrubieszowie<\/b><\/i><\/span><span style=\"font-size: medium;\">\u201d, kt\u00f3re uzyska\u0142o dofinansowanie ze \u015brodk\u00f3w Ministra Kultury i Dziedzictwa Narodowego w ramach programu \u201e<\/span><span style=\"font-size: medium;\"><b>Groby i cmentarze wojenne w kraju<\/b><\/span><span style=\"font-size: medium;\">\u201d.&nbsp;Wsp\u00f3\u0142organizatorami projektu s\u0105: Parafia Rzymskokatolicka pw. Ducha \u015awi\u0119tego w Hrubieszowie oraz Spo\u0142eczny Komitet Odbudowy Mogi\u0142 Poleg\u0142ych \u017bo\u0142nierzy &#8211; Legionist\u00f3w w 1918 -1920 r.<\/span><\/p>\n<p align=\"JUSTIFY\"><span style=\"font-size: medium;\">Kwatera \u017co\u0142nierzy \u2013 legionist\u00f3w wpisana jest do Gminnej oraz Wojew\u00f3dzkiej Ewidencji Miejsc Pami\u0119ci Narodowej. Ponadto \u2013 ze wzgl\u0119du na lokalizacj\u0119 na cmentarzu grzebalnym w Hrubieszowie \u2013 obj\u0119ta jest nadzorem Lubelskiego Wojew\u00f3dzkiego Konserwatora Zabytk\u00f3w.<\/span><\/p>\n<p align=\"JUSTIFY\"><span style=\"font-size: medium;\">G\u0142\u00f3wnym celem projektu jest zatrzymanie dalszej degradacji, przywr\u00f3cenie nale\u017cytej rangi oraz zapewnienie jak najlepszego stanu obiektu. W wyniku realizacji zadania powstan\u0105 nowe mogi\u0142y z p\u0142yt granitowych, na kt\u00f3rych ustawione b\u0119d\u0105 granitowe krzy\u017ce z imiennymi tabliczkami, a teren wok\u00f3\u0142 mogi\u0142 &nbsp;zostanie wy\u0142o\u017cony kostk\u0105 brukow\u0105. W zakresie tzw. \u201edzia\u0142a\u0144 mi\u0119kkich\u201d promowane b\u0119d\u0105 walory historyczne i to\u017csamo\u015b\u0107 patriotyczna w oparciu o wyremontowany obiekt, poprzez: wykonanie przez uczni\u00f3w szk\u00f3\u0142 podstawowych i lice\u00f3w multimedialnych prezentacji zwi\u0105zanych tematycznie z realizowanym projektem, organizacj\u0119 plenerowych zaj\u0119\u0107 edukacyjnych z historii, a tak\u017ce organizacj\u0119 uroczysto\u015bci patriotyczno \u2013 religijnych i promocj\u0119 dzia\u0142a\u0144 projektowych.<\/span><\/p>\n<p align=\"JUSTIFY\"><span style=\"font-size: medium;\">Nadz\u00f3r nad przebiegiem realizacji poszczeg\u00f3lnych zada\u0144 b\u0119dzie sprawowa\u0142 Zesp\u00f3\u0142 Steruj\u0105cy, w kt\u00f3rego sk\u0142ad wchodz\u0105:<\/span><\/p>\n<ol>\n<li>\n<p><span style=\"font-size: medium;\">Marta Majewska \u2013 Burmistrz Miasta Hrubieszowa<\/span><\/p>\n<\/li>\n<li>\n<p><span style=\"font-size: medium;\">Maryla Symczuk \u2013 Starosta Hrubieszowski<\/span><\/p>\n<\/li>\n<li>\n<p><span style=\"font-size: medium;\">p\u0142k Jakub Garbowski \u2013 Dow\u00f3dca 2. Hrubieszowskiego Pu\u0142ku Rozpoznawczego<\/span><\/p>\n<\/li>\n<li>\n<p><span style=\"font-size: medium;\">ks. Marek Giergiel \u2013 Proboszcz Parafii pw. Ducha \u015awi\u0119tego w Hrubieszowie<\/span><\/p>\n<\/li>\n<li>\n<p><span style=\"font-size: medium;\">Mieczys\u0142aw Zapa\u0142a \u2013 Przewodnicz\u0105cy Spo\u0142ecznego Komitetu Odbudowy Mogi\u0142 Poleg\u0142ych \u017bo\u0142nierzy \u2013 Legionist\u00f3w w 1918 \u2013 1920 r.<\/span><\/p>\n<\/li>\n<li>\n<p><span style=\"font-size: medium;\">Jerzy Krzy\u017cewski \u2013 Prezes Towarzystwa Regionalnego Hrubieszowskiego<\/span><\/p>\n<\/li>\n<li>\n<p><span style=\"font-size: medium;\">Bart\u0142omiej Bartecki \u2013 Dyrektor Muzeum im. ks. Stanis\u0142awa Staszica w Hrubieszowie<\/span><\/p>\n<\/li>\n<li>\n<p><span style=\"font-size: medium;\">Edyta Kucharska \u2013 Dyrektor Szko\u0142y Podstawowej nr 1 w Hrubieszowie<\/span><\/p>\n<\/li>\n<li>\n<p><span style=\"font-size: medium;\">Andrzej Jurczy\u0144ski \u2013 Dyrektor Szko\u0142y Podstawowej nr 2 w Hrubieszowie<\/span><\/p>\n<\/li>\n<li>\n<p><span style=\"font-size: medium;\">Marzanna Bednarczuk \u2013 Dyrektor Szko\u0142y Podstawowej nr 3 w Hrubieszowie<\/span><\/p>\n<\/li>\n<li>\n<p><span style=\"font-size: medium;\">Alicja Borkowska \u2013 Dyrektor I Liceum Og\u00f3lnokszta\u0142c\u0105cego w Hrubieszowie<\/span><\/p>\n<\/li>\n<li>\n<p><span style=\"font-size: medium;\">Dariusz Szadowski \u2013 Dyrektor Zespo\u0142u Szk\u00f3\u0142 nr 3 w Hrubieszowie<\/span><\/p>\n<\/li>\n<\/ol>\n<p align=\"JUSTIFY\"><span style=\"font-size: medium;\">Po zako\u0144czeniu prac remontowych obiekt b\u0119dzie pe\u0142ni\u0142 nie tylko funkcj\u0119 poch\u00f3wku ale stanie si\u0119 tak\u017ce miejscem kultywowania postaw patriotycznych. Realizacja \u201edzia\u0142a\u0144 mi\u0119kkich\u201d b\u0119dzie du\u017cym krokiem w kszta\u0142towaniu i utrwalaniu \u015bwiadomo\u015bci historycznej m\u0142odego pokolenia, budowaniu lokalnego patriotyzmu, a tak\u017ce podniesie poczucie odpowiedzialno\u015bci za pomniki i znaki historii zwi\u0105zane z regionem.<\/span><\/p>\n<p align=\"JUSTIFY\"><span style=\"font-size: medium;\">Ca\u0142kowity koszt realizacji zadania szacowany jest na kwot\u0119 <\/span><span style=\"font-size: medium;\"><b>84&nbsp;473,60 z\u0142<\/b><\/span><span style=\"font-size: medium;\"> (w tym: 52&nbsp;000 z\u0142 \u2013 dotacja z bud\u017cetu pa\u0144stwa oraz 32&nbsp;473,60 z\u0142 \u2013 wk\u0142ad w\u0142asny wnioskodawcy).<\/span><\/p>\n<p align=\"RIGHT\"><span style=\"font-size: small;\">Opracowanie: <\/span><span style=\"font-size: small;\"><b>Wydzia\u0142 O\u015bwiaty, Kultury, Sportu i Promocji <br>Urz\u0119du Miasta Hrubiesz\u00f3w<\/b><\/span><\/p>\n","protected":false},"excerpt":{"rendered":"<p>Burmistrz Miasta Hrubieszowa informuje, \u017ce Gmina Miejska Hrubiesz\u00f3w rozpocz\u0119\u0142a realizacj\u0119 zadania pn: \u201eRemont mogi\u0142 \u017co\u0142nierzy \u2013 legionist\u00f3w poleg\u0142ych w 1918 &#8211; 1920 roku, pochowanych na cmentarzu grzebalnym w Hrubieszowie\u201d, kt\u00f3re uzyska\u0142o dofinansowanie ze \u015brodk\u00f3w Ministra Kultury i Dziedzictwa Narodowego w ramach programu \u201eGroby i cmentarze wojenne w kraju\u201d.&nbsp;Wsp\u00f3\u0142organizatorami projektu s\u0105: Parafia Rzymskokatolicka pw. Ducha \u015awi\u0119tego [&hellip;]<\/p>\n","protected":false},"author":2,"featured_media":0,"parent":2167,"menu_order":0,"comment_status":"closed","ping_status":"closed","template":"","meta":{"ngg_post_thumbnail":0,"footnotes":""},"class_list":["post-2800","page","type-page","status-publish","hentry"],"_links":{"self":[{"href":"https:\/\/sp1hrubieszow.pl\/index.php\/wp-json\/wp\/v2\/pages\/2800","targetHints":{"allow":["GET"]}}],"collection":[{"href":"https:\/\/sp1hrubieszow.pl\/index.php\/wp-json\/wp\/v2\/pages"}],"about":[{"href":"https:\/\/sp1hrubieszow.pl\/index.php\/wp-json\/wp\/v2\/types\/page"}],"author":[{"embeddable":true,"href":"https:\/\/sp1hrubieszow.pl\/index.php\/wp-json\/wp\/v2\/users\/2"}],"replies":[{"embeddable":true,"href":"https:\/\/sp1hrubieszow.pl\/index.php\/wp-json\/wp\/v2\/comments?post=2800"}],"version-history":[{"count":1,"href":"https:\/\/sp1hrubieszow.pl\/index.php\/wp-json\/wp\/v2\/pages\/2800\/revisions"}],"predecessor-version":[{"id":2801,"href":"https:\/\/sp1hrubieszow.pl\/index.php\/wp-json\/wp\/v2\/pages\/2800\/revisions\/2801"}],"up":[{"embeddable":true,"href":"https:\/\/sp1hrubieszow.pl\/index.php\/wp-json\/wp\/v2\/pages\/2167"}],"wp:attachment":[{"href":"https:\/\/sp1hrubieszow.pl\/index.php\/wp-json\/wp\/v2\/media?parent=2800"}],"curies":[{"name":"wp","href":"https:\/\/api.w.org\/{rel}","templated":true}]}}