{"id":27986,"date":"2025-02-10T20:04:50","date_gmt":"2025-02-10T19:04:50","guid":{"rendered":"https:\/\/sp1hrubieszow.pl\/?page_id=27986"},"modified":"2025-02-10T20:07:01","modified_gmt":"2025-02-10T19:07:01","slug":"klasa-2a-na-zajeciach-bajkoterapia-z-biblioteka-w-mbp","status":"publish","type":"page","link":"https:\/\/sp1hrubieszow.pl\/index.php\/kronika-2019-2020\/klasa-2a-na-zajeciach-bajkoterapia-z-biblioteka-w-mbp\/","title":{"rendered":"Klasa 2a na zaj\u0119ciach Bajkoterapia z bibliotek\u0105 w MBP"},"content":{"rendered":"\n<p><span style=\"color: #000080;\">07.02.2025r. klasa 2a wzi\u0119\u0142a udzia\u0142 w zaj\u0119ciach Bajkoterapia w bibliotece zorganizowanych przez Miejsk\u0105 Bibliotek\u0119 Publiczn\u0105 Hrubieszowskie Centrum Dziedzictwa. Celem warsztat\u00f3w by\u0142a edukacja w zakresie rozpoznawania i nazywania emocji. Na podstawie opowiadania pt. Magiczny dom &nbsp;oraz rozmowy dzieci oswaja\u0142y si\u0119 z procesem zmian, kt\u00f3re mog\u0105 zachodzi\u0107 w nich pod wp\u0142ywem stresu. Pani Beata Panasiewicz jak zwykle w bardzo ciekawy i profesjonalny spos\u00f3b poprowadzi\u0142a zaj\u0119cia, <br>a uczniowie z ogromnym zaanga\u017cowaniem w nich uczestniczyli.<\/span><\/p>\nngg_shortcode_0_placeholder\n","protected":false},"excerpt":{"rendered":"<p>07.02.2025r. klasa 2a wzi\u0119\u0142a udzia\u0142 w zaj\u0119ciach Bajkoterapia w bibliotece zorganizowanych przez Miejsk\u0105 Bibliotek\u0119 Publiczn\u0105 Hrubieszowskie Centrum Dziedzictwa. Celem warsztat\u00f3w by\u0142a edukacja w zakresie rozpoznawania i nazywania emocji. Na podstawie opowiadania pt. Magiczny dom &nbsp;oraz rozmowy dzieci oswaja\u0142y si\u0119 z procesem zmian, kt\u00f3re mog\u0105 zachodzi\u0107 w nich pod wp\u0142ywem stresu. Pani Beata Panasiewicz jak zwykle [&hellip;]<\/p>\n","protected":false},"author":4,"featured_media":0,"parent":2167,"menu_order":0,"comment_status":"closed","ping_status":"closed","template":"","meta":{"ngg_post_thumbnail":0,"footnotes":""},"class_list":["post-27986","page","type-page","status-publish","hentry"],"_links":{"self":[{"href":"https:\/\/sp1hrubieszow.pl\/index.php\/wp-json\/wp\/v2\/pages\/27986","targetHints":{"allow":["GET"]}}],"collection":[{"href":"https:\/\/sp1hrubieszow.pl\/index.php\/wp-json\/wp\/v2\/pages"}],"about":[{"href":"https:\/\/sp1hrubieszow.pl\/index.php\/wp-json\/wp\/v2\/types\/page"}],"author":[{"embeddable":true,"href":"https:\/\/sp1hrubieszow.pl\/index.php\/wp-json\/wp\/v2\/users\/4"}],"replies":[{"embeddable":true,"href":"https:\/\/sp1hrubieszow.pl\/index.php\/wp-json\/wp\/v2\/comments?post=27986"}],"version-history":[{"count":2,"href":"https:\/\/sp1hrubieszow.pl\/index.php\/wp-json\/wp\/v2\/pages\/27986\/revisions"}],"predecessor-version":[{"id":27999,"href":"https:\/\/sp1hrubieszow.pl\/index.php\/wp-json\/wp\/v2\/pages\/27986\/revisions\/27999"}],"up":[{"embeddable":true,"href":"https:\/\/sp1hrubieszow.pl\/index.php\/wp-json\/wp\/v2\/pages\/2167"}],"wp:attachment":[{"href":"https:\/\/sp1hrubieszow.pl\/index.php\/wp-json\/wp\/v2\/media?parent=27986"}],"curies":[{"name":"wp","href":"https:\/\/api.w.org\/{rel}","templated":true}]}}