{"id":2796,"date":"2019-11-06T17:32:08","date_gmt":"2019-11-06T16:32:08","guid":{"rendered":"http:\/\/sp1.hrubieszow.info\/?page_id=2796"},"modified":"2019-11-06T17:32:39","modified_gmt":"2019-11-06T16:32:39","slug":"wyroznienie-dla-pauliny-wilczynskiej-z-klasy-2a","status":"publish","type":"page","link":"https:\/\/sp1hrubieszow.pl\/index.php\/kronika-2019-2020\/wyroznienie-dla-pauliny-wilczynskiej-z-klasy-2a\/","title":{"rendered":"Wyr\u00f3\u017cnienie dla Pauliny Wilczy\u0144skiej z klasy 2a"},"content":{"rendered":"\n<p align=\"JUSTIFY\"><span style=\"font-family: Arial, serif; color: #000080;\"><span style=\"font-size: medium;\">05.11.2019 \u2013 uczennica naszej szko\u0142y z klasy 2a \u2013 Paulina Wilczy\u0144ska wzi\u0119\u0142a udzia\u0142 w podsumowaniu Wojew\u00f3dzkiego Konkursu \u201eTwoja krew ratuje \u017cycie\u201d. <\/span><\/span><\/p>\n<p align=\"JUSTIFY\"><span style=\"font-family: Arial, serif; color: #000080;\"><span style=\"font-size: medium;\">Paula za swoj\u0105 interpretacj\u0119 plastyczn\u0105 otrzyma\u0142a wyr\u00f3\u017cnienie. Pami\u0105tkowy dyplom i upominki odebra\u0142a wraz z wychowawczyni\u0105 Ma\u0142gorzat\u0105 Serafin w Hrubieszowskim Domu Kultury. Tu mia\u0142a r\u00f3wnie\u017c mo\u017cliwo\u015b\u0107 zobaczy\u0107 na \u017cywo jak wygl\u0105da punkt krwiodawstwa oraz oddawanie krwi przez ochotnik\u00f3w \u2013 ludzi ratuj\u0105cych \u017cycie innym.<\/span><\/span><\/p>\nngg_shortcode_0_placeholder\n","protected":false},"excerpt":{"rendered":"<p>05.11.2019 \u2013 uczennica naszej szko\u0142y z klasy 2a \u2013 Paulina Wilczy\u0144ska wzi\u0119\u0142a udzia\u0142 w podsumowaniu Wojew\u00f3dzkiego Konkursu \u201eTwoja krew ratuje \u017cycie\u201d. Paula za swoj\u0105 interpretacj\u0119 plastyczn\u0105 otrzyma\u0142a wyr\u00f3\u017cnienie. Pami\u0105tkowy dyplom i upominki odebra\u0142a wraz z wychowawczyni\u0105 Ma\u0142gorzat\u0105 Serafin w Hrubieszowskim Domu Kultury. Tu mia\u0142a r\u00f3wnie\u017c mo\u017cliwo\u015b\u0107 zobaczy\u0107 na \u017cywo jak wygl\u0105da punkt krwiodawstwa oraz oddawanie [&hellip;]<\/p>\n","protected":false},"author":2,"featured_media":0,"parent":2167,"menu_order":0,"comment_status":"closed","ping_status":"closed","template":"","meta":{"ngg_post_thumbnail":0,"footnotes":""},"class_list":["post-2796","page","type-page","status-publish","hentry"],"_links":{"self":[{"href":"https:\/\/sp1hrubieszow.pl\/index.php\/wp-json\/wp\/v2\/pages\/2796","targetHints":{"allow":["GET"]}}],"collection":[{"href":"https:\/\/sp1hrubieszow.pl\/index.php\/wp-json\/wp\/v2\/pages"}],"about":[{"href":"https:\/\/sp1hrubieszow.pl\/index.php\/wp-json\/wp\/v2\/types\/page"}],"author":[{"embeddable":true,"href":"https:\/\/sp1hrubieszow.pl\/index.php\/wp-json\/wp\/v2\/users\/2"}],"replies":[{"embeddable":true,"href":"https:\/\/sp1hrubieszow.pl\/index.php\/wp-json\/wp\/v2\/comments?post=2796"}],"version-history":[{"count":1,"href":"https:\/\/sp1hrubieszow.pl\/index.php\/wp-json\/wp\/v2\/pages\/2796\/revisions"}],"predecessor-version":[{"id":2797,"href":"https:\/\/sp1hrubieszow.pl\/index.php\/wp-json\/wp\/v2\/pages\/2796\/revisions\/2797"}],"up":[{"embeddable":true,"href":"https:\/\/sp1hrubieszow.pl\/index.php\/wp-json\/wp\/v2\/pages\/2167"}],"wp:attachment":[{"href":"https:\/\/sp1hrubieszow.pl\/index.php\/wp-json\/wp\/v2\/media?parent=2796"}],"curies":[{"name":"wp","href":"https:\/\/api.w.org\/{rel}","templated":true}]}}