{"id":27923,"date":"2025-01-24T19:31:22","date_gmt":"2025-01-24T18:31:22","guid":{"rendered":"https:\/\/sp1hrubieszow.pl\/?page_id=27923"},"modified":"2025-01-24T19:33:02","modified_gmt":"2025-01-24T18:33:02","slug":"dzien-spodni-dresowych","status":"publish","type":"page","link":"https:\/\/sp1hrubieszow.pl\/index.php\/kronika-2020-2021\/dzien-spodni-dresowych\/","title":{"rendered":"Dzie\u0144 Spodni Dresowych"},"content":{"rendered":"\n<p><span style=\"color: #000080;\">21 stycznia \u015bwi\u0119towali\u015bmy Dzie\u0144 Spodni Dresowych. Ten wygodny str\u00f3j sprzyja\u0142 relaksowi oraz aktywno\u015bci fizycznej. Na d\u0142ugiej przerwie ch\u0119tni uczniowie ta\u0144czyli &#8222;Belgijk\u0119&#8221;. Nawet panie nauczycielki wygl\u0105da\u0142y tak, jakby wszystkie uczy\u0142y wychowania fizycznego.&nbsp;<\/span><\/p>\nngg_shortcode_0_placeholder\n","protected":false},"excerpt":{"rendered":"<p>21 stycznia \u015bwi\u0119towali\u015bmy Dzie\u0144 Spodni Dresowych. Ten wygodny str\u00f3j sprzyja\u0142 relaksowi oraz aktywno\u015bci fizycznej. Na d\u0142ugiej przerwie ch\u0119tni uczniowie ta\u0144czyli &#8222;Belgijk\u0119&#8221;. Nawet panie nauczycielki wygl\u0105da\u0142y tak, jakby wszystkie uczy\u0142y wychowania fizycznego.&nbsp;<\/p>\n","protected":false},"author":2,"featured_media":0,"parent":5983,"menu_order":0,"comment_status":"closed","ping_status":"closed","template":"","meta":{"ngg_post_thumbnail":0,"footnotes":""},"class_list":["post-27923","page","type-page","status-publish","hentry"],"_links":{"self":[{"href":"https:\/\/sp1hrubieszow.pl\/index.php\/wp-json\/wp\/v2\/pages\/27923","targetHints":{"allow":["GET"]}}],"collection":[{"href":"https:\/\/sp1hrubieszow.pl\/index.php\/wp-json\/wp\/v2\/pages"}],"about":[{"href":"https:\/\/sp1hrubieszow.pl\/index.php\/wp-json\/wp\/v2\/types\/page"}],"author":[{"embeddable":true,"href":"https:\/\/sp1hrubieszow.pl\/index.php\/wp-json\/wp\/v2\/users\/2"}],"replies":[{"embeddable":true,"href":"https:\/\/sp1hrubieszow.pl\/index.php\/wp-json\/wp\/v2\/comments?post=27923"}],"version-history":[{"count":2,"href":"https:\/\/sp1hrubieszow.pl\/index.php\/wp-json\/wp\/v2\/pages\/27923\/revisions"}],"predecessor-version":[{"id":27925,"href":"https:\/\/sp1hrubieszow.pl\/index.php\/wp-json\/wp\/v2\/pages\/27923\/revisions\/27925"}],"up":[{"embeddable":true,"href":"https:\/\/sp1hrubieszow.pl\/index.php\/wp-json\/wp\/v2\/pages\/5983"}],"wp:attachment":[{"href":"https:\/\/sp1hrubieszow.pl\/index.php\/wp-json\/wp\/v2\/media?parent=27923"}],"curies":[{"name":"wp","href":"https:\/\/api.w.org\/{rel}","templated":true}]}}