{"id":27893,"date":"2025-01-23T20:57:22","date_gmt":"2025-01-23T19:57:22","guid":{"rendered":"https:\/\/sp1hrubieszow.pl\/?page_id=27893"},"modified":"2025-01-23T20:58:02","modified_gmt":"2025-01-23T19:58:02","slug":"niecodzienna-lekcja","status":"publish","type":"page","link":"https:\/\/sp1hrubieszow.pl\/index.php\/kronika-2020-2021\/niecodzienna-lekcja\/","title":{"rendered":"NIECODZIENNA LEKCJA"},"content":{"rendered":"\n<div dir=\"auto\"><span style=\"color: #000080;\">Uczniowie klasy 5b prze\u017cyli dzisiaj niecodzienn\u0105 lekcj\u0119. My\u015bl\u0119, \u017ce d\u0142ugo pozostanie w ich pami\u0119ci. Wyj\u0105tkow\u0105 lekcj\u0119 z zakresu edukacji dla bezpiecze\u0144stwa przeprowadzi\u0142y uczennice klasy 8b \u2013 Lidia Grab i Nikola Kosza\u0142ka. W spos\u00f3b bardzo uporz\u0105dkowany, zrozumia\u0142y i atrakcyjny opowiedzia\u0142y o zasadach udzielania pierwszej pomocy. Zaprezentowa\u0142y spos\u00f3b wykonania resuscytacji, spos\u00f3b u\u0142o\u017cenia poszkodowanego, zapozna\u0142y z zasadami ustalania kolejno\u015bci udzielania pomocy oraz sposobem przeprowadzenia wywiadu.<\/span><\/div>\n<div dir=\"auto\"><span style=\"color: #000080;\">Jestem pod wra\u017ceniem, pe\u0142na podziwu dla p. Moniki Czulak za profesjonalne przygotowanie uczennic do przeprowadzenia lekcji. Dzi\u0119kuj\u0119.<\/span><\/div>\n<div dir=\"auto\"><span style=\"color: #000080;\">Ma\u0142gorzata Szumiata<\/span><\/div>\n<div dir=\"auto\">\nngg_shortcode_0_placeholder\n<\/div>\n<div dir=\"auto\">&nbsp;<\/div>\n","protected":false},"excerpt":{"rendered":"<p>Uczniowie klasy 5b prze\u017cyli dzisiaj niecodzienn\u0105 lekcj\u0119. My\u015bl\u0119, \u017ce d\u0142ugo pozostanie w ich pami\u0119ci. Wyj\u0105tkow\u0105 lekcj\u0119 z zakresu edukacji dla bezpiecze\u0144stwa przeprowadzi\u0142y uczennice klasy 8b \u2013 Lidia Grab i Nikola Kosza\u0142ka. W spos\u00f3b bardzo uporz\u0105dkowany, zrozumia\u0142y i atrakcyjny opowiedzia\u0142y o zasadach udzielania pierwszej pomocy. Zaprezentowa\u0142y spos\u00f3b wykonania resuscytacji, spos\u00f3b u\u0142o\u017cenia poszkodowanego, zapozna\u0142y z zasadami ustalania [&hellip;]<\/p>\n","protected":false},"author":2,"featured_media":0,"parent":5983,"menu_order":0,"comment_status":"closed","ping_status":"closed","template":"","meta":{"ngg_post_thumbnail":0,"footnotes":""},"class_list":["post-27893","page","type-page","status-publish","hentry"],"_links":{"self":[{"href":"https:\/\/sp1hrubieszow.pl\/index.php\/wp-json\/wp\/v2\/pages\/27893","targetHints":{"allow":["GET"]}}],"collection":[{"href":"https:\/\/sp1hrubieszow.pl\/index.php\/wp-json\/wp\/v2\/pages"}],"about":[{"href":"https:\/\/sp1hrubieszow.pl\/index.php\/wp-json\/wp\/v2\/types\/page"}],"author":[{"embeddable":true,"href":"https:\/\/sp1hrubieszow.pl\/index.php\/wp-json\/wp\/v2\/users\/2"}],"replies":[{"embeddable":true,"href":"https:\/\/sp1hrubieszow.pl\/index.php\/wp-json\/wp\/v2\/comments?post=27893"}],"version-history":[{"count":1,"href":"https:\/\/sp1hrubieszow.pl\/index.php\/wp-json\/wp\/v2\/pages\/27893\/revisions"}],"predecessor-version":[{"id":27894,"href":"https:\/\/sp1hrubieszow.pl\/index.php\/wp-json\/wp\/v2\/pages\/27893\/revisions\/27894"}],"up":[{"embeddable":true,"href":"https:\/\/sp1hrubieszow.pl\/index.php\/wp-json\/wp\/v2\/pages\/5983"}],"wp:attachment":[{"href":"https:\/\/sp1hrubieszow.pl\/index.php\/wp-json\/wp\/v2\/media?parent=27893"}],"curies":[{"name":"wp","href":"https:\/\/api.w.org\/{rel}","templated":true}]}}