{"id":27816,"date":"2024-11-06T20:12:08","date_gmt":"2024-11-06T19:12:08","guid":{"rendered":"https:\/\/sp1hrubieszow.pl\/?page_id=27816"},"modified":"2024-11-06T20:12:33","modified_gmt":"2024-11-06T19:12:33","slug":"specjalne-wydanie-gazetki-jedyneczka","status":"publish","type":"page","link":"https:\/\/sp1hrubieszow.pl\/index.php\/kronika-2020-2021\/specjalne-wydanie-gazetki-jedyneczka\/","title":{"rendered":"Specjalne wydanie gazetki &#8222;Jedyneczka&#8221;"},"content":{"rendered":"\n\n\n<p><span style=\"color: #000080;\">Zapraszamy do lektury najnowszego, specjalnego wydania numeru szkolnej gazetki &#8222;Jedyneczka&#8221;. Jest to gazetka szczeg\u00f3lna, w ca\u0142o\u015bci po\u015bwi\u0119cona zmar\u0142ym nauczycielom i pracownikom naszej szko\u0142y. Redaguj\u0105c takie wydanie gazetki, chcieli\u015bmy wspomnie\u0107, tych kt\u00f3rych ju\u017c nie ma w\u015br\u00f3d nas. Poza tym praca nad gazetk\u0105 stanowi\u0142a kolejny element przygotowa\u0144 do 60 &#8211; lecia naszej szko\u0142y.&nbsp;<\/span><\/p>\n<h1><span style=\"color: #000080;\"><strong><a style=\"color: #000080;\" href=\"https:\/\/sp1hrubieszow.pl\/wp-content\/uploads\/2024\/11\/2024.04-Jedyneczka.pdf\"> Jedyneczka &#8211; wydanie specjalne<\/a><\/strong><\/span><\/h1>\n<p>&nbsp;<\/p>\n\n\n","protected":false},"excerpt":{"rendered":"<p>Zapraszamy do lektury najnowszego, specjalnego wydania numeru szkolnej gazetki &#8222;Jedyneczka&#8221;. Jest to gazetka szczeg\u00f3lna, w ca\u0142o\u015bci po\u015bwi\u0119cona zmar\u0142ym nauczycielom i pracownikom naszej szko\u0142y. Redaguj\u0105c takie wydanie gazetki, chcieli\u015bmy wspomnie\u0107, tych kt\u00f3rych ju\u017c nie ma w\u015br\u00f3d nas. Poza tym praca nad gazetk\u0105 stanowi\u0142a kolejny element przygotowa\u0144 do 60 &#8211; lecia naszej szko\u0142y.&nbsp; Jedyneczka &#8211; wydanie specjalne [&hellip;]<\/p>\n","protected":false},"author":2,"featured_media":0,"parent":5983,"menu_order":0,"comment_status":"closed","ping_status":"closed","template":"","meta":{"ngg_post_thumbnail":0,"footnotes":""},"class_list":["post-27816","page","type-page","status-publish","hentry"],"_links":{"self":[{"href":"https:\/\/sp1hrubieszow.pl\/index.php\/wp-json\/wp\/v2\/pages\/27816","targetHints":{"allow":["GET"]}}],"collection":[{"href":"https:\/\/sp1hrubieszow.pl\/index.php\/wp-json\/wp\/v2\/pages"}],"about":[{"href":"https:\/\/sp1hrubieszow.pl\/index.php\/wp-json\/wp\/v2\/types\/page"}],"author":[{"embeddable":true,"href":"https:\/\/sp1hrubieszow.pl\/index.php\/wp-json\/wp\/v2\/users\/2"}],"replies":[{"embeddable":true,"href":"https:\/\/sp1hrubieszow.pl\/index.php\/wp-json\/wp\/v2\/comments?post=27816"}],"version-history":[{"count":1,"href":"https:\/\/sp1hrubieszow.pl\/index.php\/wp-json\/wp\/v2\/pages\/27816\/revisions"}],"predecessor-version":[{"id":27817,"href":"https:\/\/sp1hrubieszow.pl\/index.php\/wp-json\/wp\/v2\/pages\/27816\/revisions\/27817"}],"up":[{"embeddable":true,"href":"https:\/\/sp1hrubieszow.pl\/index.php\/wp-json\/wp\/v2\/pages\/5983"}],"wp:attachment":[{"href":"https:\/\/sp1hrubieszow.pl\/index.php\/wp-json\/wp\/v2\/media?parent=27816"}],"curies":[{"name":"wp","href":"https:\/\/api.w.org\/{rel}","templated":true}]}}