{"id":27761,"date":"2024-10-31T22:48:32","date_gmt":"2024-10-31T21:48:32","guid":{"rendered":"https:\/\/sp1hrubieszow.pl\/?page_id=27761"},"modified":"2024-10-31T22:48:58","modified_gmt":"2024-10-31T21:48:58","slug":"dzien-dyni-2","status":"publish","type":"page","link":"https:\/\/sp1hrubieszow.pl\/index.php\/kronika-2020-2021\/dzien-dyni-2\/","title":{"rendered":"Dzie\u0144 Dyni"},"content":{"rendered":"\n<p><span style=\"color: #000080;\">31 pa\u017adziernika po raz pierwszy w naszej szkole obchodzili\u015bmy Dzie\u0144 Dyni. <span class=\"html-span xexx8yu x4uap5 x18d9i69 xkhd6sd x1hl2dhg x16tdsg8 x1vvkbs x3nfvp2 x1j61x8r x1fcty0u xdj266r xat24cr xgzva0m xhhsvwb xxymvpz xlup9mm x1kky2od\"><img loading=\"lazy\" decoding=\"async\" class=\"xz74otr\" src=\"https:\/\/static.xx.fbcdn.net\/images\/emoji.php\/v9\/t86\/1\/16\/1f383.png\" alt=\"?\" width=\"16\" height=\"16\"><\/span> Z tej okazji starli\u015bmy si\u0119 ubra\u0107 w pomara\u0144czowe stroje <span class=\"html-span xexx8yu x4uap5 x18d9i69 xkhd6sd x1hl2dhg x16tdsg8 x1vvkbs x3nfvp2 x1j61x8r x1fcty0u xdj266r xat24cr xgzva0m xhhsvwb xxymvpz xlup9mm x1kky2od\"><img loading=\"lazy\" decoding=\"async\" class=\"xz74otr\" src=\"https:\/\/static.xx.fbcdn.net\/images\/emoji.php\/v9\/tfd\/1\/16\/1f9e1.png\" alt=\"?\" width=\"16\" height=\"16\"><\/span>, a kolor pomara\u0144czowy symbolizuje ogie\u0144 , s\u0142o\u0144ce i zabaw\u0119. Zrobi\u0142o si\u0119 wi\u0119c s\u0142onecznie i weso\u0142o <span class=\"html-span xexx8yu x4uap5 x18d9i69 xkhd6sd x1hl2dhg x16tdsg8 x1vvkbs x3nfvp2 x1j61x8r x1fcty0u xdj266r xat24cr xgzva0m xhhsvwb xxymvpz xlup9mm x1kky2od\"><img loading=\"lazy\" decoding=\"async\" class=\"xz74otr\" src=\"https:\/\/static.xx.fbcdn.net\/images\/emoji.php\/v9\/tfb\/1\/16\/263a.png\" alt=\"\u263a\ufe0f\" width=\"16\" height=\"16\"><\/span> To by\u0142 kolejny tematyczny dzie\u0144 w naszej Jedynce&#8230; Co b\u0119dzie dalej?<\/span><span class=\"html-span xexx8yu x4uap5 x18d9i69 xkhd6sd x1hl2dhg x16tdsg8 x1vvkbs x3nfvp2 x1j61x8r x1fcty0u xdj266r xat24cr xgzva0m xhhsvwb xxymvpz xlup9mm x1kky2od\"><img loading=\"lazy\" decoding=\"async\" class=\"xz74otr\" src=\"https:\/\/static.xx.fbcdn.net\/images\/emoji.php\/v9\/t57\/1\/16\/1f609.png\" alt=\"?\" width=\"16\" height=\"16\"><\/span><\/p>\nngg_shortcode_0_placeholder\n","protected":false},"excerpt":{"rendered":"<p>31 pa\u017adziernika po raz pierwszy w naszej szkole obchodzili\u015bmy Dzie\u0144 Dyni. Z tej okazji starli\u015bmy si\u0119 ubra\u0107 w pomara\u0144czowe stroje , a kolor pomara\u0144czowy symbolizuje ogie\u0144 , s\u0142o\u0144ce i zabaw\u0119. Zrobi\u0142o si\u0119 wi\u0119c s\u0142onecznie i weso\u0142o To by\u0142 kolejny tematyczny dzie\u0144 w naszej Jedynce&#8230; Co b\u0119dzie dalej?<\/p>\n","protected":false},"author":2,"featured_media":0,"parent":5983,"menu_order":0,"comment_status":"closed","ping_status":"closed","template":"","meta":{"ngg_post_thumbnail":0,"footnotes":""},"class_list":["post-27761","page","type-page","status-publish","hentry"],"_links":{"self":[{"href":"https:\/\/sp1hrubieszow.pl\/index.php\/wp-json\/wp\/v2\/pages\/27761","targetHints":{"allow":["GET"]}}],"collection":[{"href":"https:\/\/sp1hrubieszow.pl\/index.php\/wp-json\/wp\/v2\/pages"}],"about":[{"href":"https:\/\/sp1hrubieszow.pl\/index.php\/wp-json\/wp\/v2\/types\/page"}],"author":[{"embeddable":true,"href":"https:\/\/sp1hrubieszow.pl\/index.php\/wp-json\/wp\/v2\/users\/2"}],"replies":[{"embeddable":true,"href":"https:\/\/sp1hrubieszow.pl\/index.php\/wp-json\/wp\/v2\/comments?post=27761"}],"version-history":[{"count":1,"href":"https:\/\/sp1hrubieszow.pl\/index.php\/wp-json\/wp\/v2\/pages\/27761\/revisions"}],"predecessor-version":[{"id":27762,"href":"https:\/\/sp1hrubieszow.pl\/index.php\/wp-json\/wp\/v2\/pages\/27761\/revisions\/27762"}],"up":[{"embeddable":true,"href":"https:\/\/sp1hrubieszow.pl\/index.php\/wp-json\/wp\/v2\/pages\/5983"}],"wp:attachment":[{"href":"https:\/\/sp1hrubieszow.pl\/index.php\/wp-json\/wp\/v2\/media?parent=27761"}],"curies":[{"name":"wp","href":"https:\/\/api.w.org\/{rel}","templated":true}]}}