{"id":27742,"date":"2024-10-30T22:22:22","date_gmt":"2024-10-30T21:22:22","guid":{"rendered":"https:\/\/sp1hrubieszow.pl\/?page_id=27742"},"modified":"2024-10-30T22:22:51","modified_gmt":"2024-10-30T21:22:51","slug":"bohateron-w-naszej-szkole-2","status":"publish","type":"page","link":"https:\/\/sp1hrubieszow.pl\/index.php\/kronika-2020-2021\/bohateron-w-naszej-szkole-2\/","title":{"rendered":"BohaterON w naszej szkole"},"content":{"rendered":"\n<p><span style=\"color: #000080;\">W tym roku szkolnym do\u0142\u0105czyli\u015bmy do akcji pod tytu\u0142em BohaterON, gdy\u017c uznali\u015bmy, \u017ce warto\u015bci, kt\u00f3re promuje to tak\u017ce nasze idee.<\/span><\/p>\n<p><span style=\"color: #000080;\">Od lat na r\u00f3\u017cne sposoby upami\u0119tniamy bohater\u00f3w; tych Wielkich i tych Mniejszych, ale to co ich \u0142\u0105czy zawsze staje si\u0119 cz\u0105stk\u0105 naszej rodz\u0105cej si\u0119 \u015bwiadomo\u015bci, poczucia patriotyzmu i przynale\u017cno\u015bci do kulturowej spo\u0142eczno\u015bci.<\/span><\/p>\n<p><span style=\"color: #000080;\">W ramach dzia\u0142a\u0144 okre\u015blonych w celach BohaterON-u zosta\u0142y przeprowadzone lekcje wg scenariuszy zawartych w materia\u0142ach dost\u0119pnych na stronie promuj\u0105cej akcj\u0119 i to one przybli\u017cy\u0142y nam tak wa\u017cne wydarzenie jakim jest Powstanie Warszawskie i trudny historycznie kontekst z nim zwi\u0105zany.<\/span><\/p>\n<p><span style=\"color: #000080;\">Cho\u0107 akcja promuje szczeg\u00f3lnie upami\u0119tnienie Bohater\u00f3w Powstania Warszawskiego, kt\u00f3rzy swoj\u0105 m\u0142odo\u015b\u0107 po\u015bwi\u0119cili, by ratowa\u0107 nasz\u0105 pa\u0144stwowo\u015b\u0107, to w naszej szkole postanowili\u015bmy rozszerzy\u0107 j\u0105 na upami\u0119tnienie naszych domowych bohater\u00f3w, kt\u00f3rzy dzi\u015b zamkni\u0119ci s\u0105 w starych fotografiach<\/span><br><span style=\"color: #000080;\">&nbsp;i w naszej pami\u0119ci.<\/span><\/p>\n<p><span style=\"color: #000080;\">Gazetka wykonana ze zdj\u0119\u0107 zgromadzonych przez uczni\u00f3w Szko\u0142y Podstawowej nr 1 w Hrubieszowie, a pochodz\u0105cych z prywatnych zbior\u00f3w, tchn\u0119\u0142a w korytarze naszej szko\u0142y ducha przesz\u0142o\u015bci, a wizerunki naszych bliskich ukryte w czarno-bia\u0142ych barwach uzmys\u0142owi\u0142y, \u017ce wszystko opr\u00f3cz pami\u0119ci przemija, ale nie ginie.<\/span><\/p>\n<p><span style=\"color: #000080;\">Szczeg\u00f3lny i nieprzypadkowy jest r\u00f3wnie\u017c czas zorganizowania wystawy starych fotografii.<\/span><\/p>\n<p><span style=\"color: #000080;\">Listopad to czas zadumy nad \u017cyciem i warto\u015bciami, kt\u00f3rym ho\u0142dujemy, czas pami\u0119ci, o tych kt\u00f3rzy odeszli.<\/span><\/p>\n<p><span style=\"color: #000080;\">MY PAMI\u0118TAMY! Ogl\u0105damy stare fotografie.<\/span><\/p>\nngg_shortcode_0_placeholder\n","protected":false},"excerpt":{"rendered":"<p>W tym roku szkolnym do\u0142\u0105czyli\u015bmy do akcji pod tytu\u0142em BohaterON, gdy\u017c uznali\u015bmy, \u017ce warto\u015bci, kt\u00f3re promuje to tak\u017ce nasze idee. Od lat na r\u00f3\u017cne sposoby upami\u0119tniamy bohater\u00f3w; tych Wielkich i tych Mniejszych, ale to co ich \u0142\u0105czy zawsze staje si\u0119 cz\u0105stk\u0105 naszej rodz\u0105cej si\u0119 \u015bwiadomo\u015bci, poczucia patriotyzmu i przynale\u017cno\u015bci do kulturowej spo\u0142eczno\u015bci. W ramach dzia\u0142a\u0144 [&hellip;]<\/p>\n","protected":false},"author":2,"featured_media":0,"parent":5983,"menu_order":0,"comment_status":"closed","ping_status":"closed","template":"","meta":{"ngg_post_thumbnail":0,"footnotes":""},"class_list":["post-27742","page","type-page","status-publish","hentry"],"_links":{"self":[{"href":"https:\/\/sp1hrubieszow.pl\/index.php\/wp-json\/wp\/v2\/pages\/27742","targetHints":{"allow":["GET"]}}],"collection":[{"href":"https:\/\/sp1hrubieszow.pl\/index.php\/wp-json\/wp\/v2\/pages"}],"about":[{"href":"https:\/\/sp1hrubieszow.pl\/index.php\/wp-json\/wp\/v2\/types\/page"}],"author":[{"embeddable":true,"href":"https:\/\/sp1hrubieszow.pl\/index.php\/wp-json\/wp\/v2\/users\/2"}],"replies":[{"embeddable":true,"href":"https:\/\/sp1hrubieszow.pl\/index.php\/wp-json\/wp\/v2\/comments?post=27742"}],"version-history":[{"count":1,"href":"https:\/\/sp1hrubieszow.pl\/index.php\/wp-json\/wp\/v2\/pages\/27742\/revisions"}],"predecessor-version":[{"id":27743,"href":"https:\/\/sp1hrubieszow.pl\/index.php\/wp-json\/wp\/v2\/pages\/27742\/revisions\/27743"}],"up":[{"embeddable":true,"href":"https:\/\/sp1hrubieszow.pl\/index.php\/wp-json\/wp\/v2\/pages\/5983"}],"wp:attachment":[{"href":"https:\/\/sp1hrubieszow.pl\/index.php\/wp-json\/wp\/v2\/media?parent=27742"}],"curies":[{"name":"wp","href":"https:\/\/api.w.org\/{rel}","templated":true}]}}