{"id":27713,"date":"2024-10-29T19:47:31","date_gmt":"2024-10-29T18:47:31","guid":{"rendered":"https:\/\/sp1hrubieszow.pl\/?page_id=27713"},"modified":"2024-10-29T19:48:18","modified_gmt":"2024-10-29T18:48:18","slug":"wolontariusze-porzadkuja-groby","status":"publish","type":"page","link":"https:\/\/sp1hrubieszow.pl\/index.php\/kronika-2020-2021\/wolontariusze-porzadkuja-groby\/","title":{"rendered":"Wolontariusze porz\u0105dkuj\u0105 groby"},"content":{"rendered":"\n<div class=\"xdj266r x11i5rnm xat24cr x1mh8g0r x1vvkbs x126k92a\">\n<div dir=\"auto\"><span style=\"color: #000080;\">28 pa\u017adziernika wolontariusze naszej szko\u0142y w\u0142\u0105czyli si\u0119 w akcj\u0119 porz\u0105dkowania zabytkowych grob\u00f3w na parafialnym cmentarzu, kt\u00f3r\u0105 zorganizowa\u0142 Spo\u0142eczny Komitet Ratowania Zabytk\u00f3w Cmentarza. Dzi\u0119ki zaanga\u017cowaniu wolontariuszy uda\u0142o si\u0119 oczy\u015bci\u0107 wiele wiekowych nagrobk\u00f3w, usun\u0105\u0107 z nich zalegaj\u0105ce li\u015bcie oraz przywr\u00f3ci\u0107 dawny blask zaniedbanym pomnikom, kt\u00f3re s\u0105 cz\u0119\u015bci\u0105 naszego dziedzictwa kulturowego.<\/span><\/div>\n<\/div>\n<div class=\"x11i5rnm xat24cr x1mh8g0r x1vvkbs xtlvy1s x126k92a\">\n<div dir=\"auto\"><span style=\"color: #000080;\">Inicjatywa ta jest cz\u0119\u015bci\u0105 corocznej tradycji, kt\u00f3ra anga\u017cuje spo\u0142eczno\u015b\u0107 uczniowsk\u0105 i uczy m\u0142odzie\u017c szacunku dla przesz\u0142o\u015bci, troski o zabytki oraz empatii. Dzia\u0142anie to by\u0142o nie tylko wyrazem pami\u0119ci o zmar\u0142ych, ale r\u00f3wnie\u017c gestem buduj\u0105cym \u015bwiadomo\u015b\u0107 historyczn\u0105 i spo\u0142eczn\u0105 m\u0142odego pokolenia.<\/span><\/div>\n<\/div>\n<div class=\"x11i5rnm xat24cr x1mh8g0r x1vvkbs xtlvy1s x126k92a\">\n<div dir=\"auto\"><span style=\"color: #000080;\">Zadowoleni z dobrze wykonanego zadania, zach\u0119camy Wszystkich, by przy okazji wizyt na grobach bliskich pami\u0119ta\u0107, o tych, o kt\u00f3rych ju\u017c niewielu pami\u0119ta.<\/span><\/div>\n<div dir=\"auto\"><span style=\"color: #000080;\">Z\u0142\u00f3\u017cmy ho\u0142d.<\/span><\/div>\n<div dir=\"auto\">\nngg_shortcode_0_placeholder\n<\/div>\n<\/div>\n\n\n\n\n","protected":false},"excerpt":{"rendered":"<p>28 pa\u017adziernika wolontariusze naszej szko\u0142y w\u0142\u0105czyli si\u0119 w akcj\u0119 porz\u0105dkowania zabytkowych grob\u00f3w na parafialnym cmentarzu, kt\u00f3r\u0105 zorganizowa\u0142 Spo\u0142eczny Komitet Ratowania Zabytk\u00f3w Cmentarza. Dzi\u0119ki zaanga\u017cowaniu wolontariuszy uda\u0142o si\u0119 oczy\u015bci\u0107 wiele wiekowych nagrobk\u00f3w, usun\u0105\u0107 z nich zalegaj\u0105ce li\u015bcie oraz przywr\u00f3ci\u0107 dawny blask zaniedbanym pomnikom, kt\u00f3re s\u0105 cz\u0119\u015bci\u0105 naszego dziedzictwa kulturowego. Inicjatywa ta jest cz\u0119\u015bci\u0105 corocznej tradycji, kt\u00f3ra [&hellip;]<\/p>\n","protected":false},"author":2,"featured_media":0,"parent":5983,"menu_order":0,"comment_status":"closed","ping_status":"closed","template":"","meta":{"ngg_post_thumbnail":0,"footnotes":""},"class_list":["post-27713","page","type-page","status-publish","hentry"],"_links":{"self":[{"href":"https:\/\/sp1hrubieszow.pl\/index.php\/wp-json\/wp\/v2\/pages\/27713","targetHints":{"allow":["GET"]}}],"collection":[{"href":"https:\/\/sp1hrubieszow.pl\/index.php\/wp-json\/wp\/v2\/pages"}],"about":[{"href":"https:\/\/sp1hrubieszow.pl\/index.php\/wp-json\/wp\/v2\/types\/page"}],"author":[{"embeddable":true,"href":"https:\/\/sp1hrubieszow.pl\/index.php\/wp-json\/wp\/v2\/users\/2"}],"replies":[{"embeddable":true,"href":"https:\/\/sp1hrubieszow.pl\/index.php\/wp-json\/wp\/v2\/comments?post=27713"}],"version-history":[{"count":1,"href":"https:\/\/sp1hrubieszow.pl\/index.php\/wp-json\/wp\/v2\/pages\/27713\/revisions"}],"predecessor-version":[{"id":27714,"href":"https:\/\/sp1hrubieszow.pl\/index.php\/wp-json\/wp\/v2\/pages\/27713\/revisions\/27714"}],"up":[{"embeddable":true,"href":"https:\/\/sp1hrubieszow.pl\/index.php\/wp-json\/wp\/v2\/pages\/5983"}],"wp:attachment":[{"href":"https:\/\/sp1hrubieszow.pl\/index.php\/wp-json\/wp\/v2\/media?parent=27713"}],"curies":[{"name":"wp","href":"https:\/\/api.w.org\/{rel}","templated":true}]}}