{"id":27697,"date":"2024-10-28T20:52:54","date_gmt":"2024-10-28T19:52:54","guid":{"rendered":"https:\/\/sp1hrubieszow.pl\/?page_id=27697"},"modified":"2024-10-28T20:53:22","modified_gmt":"2024-10-28T19:53:22","slug":"slubujemy","status":"publish","type":"page","link":"https:\/\/sp1hrubieszow.pl\/index.php\/kronika-2020-2021\/slubujemy\/","title":{"rendered":"\u015aLUBUJEMY!"},"content":{"rendered":"\n<p><span style=\"color: #000080;\">25 pa\u017adziernika w Szkole Podstawowej Nr 1 im. Boles\u0142awa Prusa pierwszoklasi\u015bci prze\u017cyli sw\u00f3j wielki dzie\u0144 sk\u0142adaj\u0105c \u015blubowanie i do\u0142\u0105czaj\u0105c do grona szkolnej spo\u0142eczno\u015bci.<\/span><\/p>\n<p><span style=\"color: #000080;\">Ceremonia rozpocz\u0119\u0142a si\u0119 od cz\u0119\u015bci artystycznej, w kt\u00f3rej pierwszoklasi\u015bci zaprezentowali swoje umiej\u0119tno\u015bci recytatorskie oraz wokalne. Cho\u0107 dopiero zaczynaj\u0105 swoj\u0105 przygod\u0119 w szkole ju\u017c udowodni\u0142y, \u017ce potrafi\u0105 wsp\u00f3lnie stworzy\u0107 co\u015b wyj\u0105tkowego. Nast\u0119pnie w niezwykle podnios\u0142ej atmosferze, przed pocztem sztandarowym uczniowie \u015blubowali by\u0107 dobrymi Polakami, godnie reprezentowa\u0107 swoj\u0105 szko\u0142\u0119, swym zachowaniem i nauk\u0105 sprawia\u0107 rado\u015b\u0107 rodzicom i nauczycielom. Po z\u0142o\u017ceniu \u015blubowania Pani Dyrektor Edyta Kucharska, Pani Burmistrz Miasta Hrubieszowa Marta Majewska oraz Przewodnicz\u0105ca Rady Rodzic\u00f3w Pani Beata Litwi\u0144czuk dokona\u0142y tradycyjnego pasowania na ucznia. Nie zabrak\u0142o r\u00f3wnie\u017c pami\u0105tkowych dyplom\u00f3w oraz licznych upomink\u00f3w. Na zako\u0144czenie uczniowie udali si\u0119 na s\u0142odki pocz\u0119stunek przygotowany przez swoich rodzic\u00f3w.<\/span><\/p>\n<p><span style=\"color: #000080;\">Gratulujemy wszystkim pierwszakom i \u017cyczymy im zapa\u0142u do nauki, wiary we w\u0142asne mo\u017cliwo\u015bci i wielu sukces\u00f3w!<\/span><\/p>\nngg_shortcode_0_placeholder\n","protected":false},"excerpt":{"rendered":"<p>25 pa\u017adziernika w Szkole Podstawowej Nr 1 im. Boles\u0142awa Prusa pierwszoklasi\u015bci prze\u017cyli sw\u00f3j wielki dzie\u0144 sk\u0142adaj\u0105c \u015blubowanie i do\u0142\u0105czaj\u0105c do grona szkolnej spo\u0142eczno\u015bci. Ceremonia rozpocz\u0119\u0142a si\u0119 od cz\u0119\u015bci artystycznej, w kt\u00f3rej pierwszoklasi\u015bci zaprezentowali swoje umiej\u0119tno\u015bci recytatorskie oraz wokalne. Cho\u0107 dopiero zaczynaj\u0105 swoj\u0105 przygod\u0119 w szkole ju\u017c udowodni\u0142y, \u017ce potrafi\u0105 wsp\u00f3lnie stworzy\u0107 co\u015b wyj\u0105tkowego. Nast\u0119pnie w [&hellip;]<\/p>\n","protected":false},"author":2,"featured_media":0,"parent":5983,"menu_order":0,"comment_status":"closed","ping_status":"closed","template":"","meta":{"ngg_post_thumbnail":0,"footnotes":""},"class_list":["post-27697","page","type-page","status-publish","hentry"],"_links":{"self":[{"href":"https:\/\/sp1hrubieszow.pl\/index.php\/wp-json\/wp\/v2\/pages\/27697","targetHints":{"allow":["GET"]}}],"collection":[{"href":"https:\/\/sp1hrubieszow.pl\/index.php\/wp-json\/wp\/v2\/pages"}],"about":[{"href":"https:\/\/sp1hrubieszow.pl\/index.php\/wp-json\/wp\/v2\/types\/page"}],"author":[{"embeddable":true,"href":"https:\/\/sp1hrubieszow.pl\/index.php\/wp-json\/wp\/v2\/users\/2"}],"replies":[{"embeddable":true,"href":"https:\/\/sp1hrubieszow.pl\/index.php\/wp-json\/wp\/v2\/comments?post=27697"}],"version-history":[{"count":1,"href":"https:\/\/sp1hrubieszow.pl\/index.php\/wp-json\/wp\/v2\/pages\/27697\/revisions"}],"predecessor-version":[{"id":27698,"href":"https:\/\/sp1hrubieszow.pl\/index.php\/wp-json\/wp\/v2\/pages\/27697\/revisions\/27698"}],"up":[{"embeddable":true,"href":"https:\/\/sp1hrubieszow.pl\/index.php\/wp-json\/wp\/v2\/pages\/5983"}],"wp:attachment":[{"href":"https:\/\/sp1hrubieszow.pl\/index.php\/wp-json\/wp\/v2\/media?parent=27697"}],"curies":[{"name":"wp","href":"https:\/\/api.w.org\/{rel}","templated":true}]}}