{"id":2769,"date":"2019-11-04T20:52:01","date_gmt":"2019-11-04T19:52:01","guid":{"rendered":"http:\/\/sp1.hrubieszow.info\/?page_id=2769"},"modified":"2019-11-04T20:52:29","modified_gmt":"2019-11-04T19:52:29","slug":"warsztaty-profilaktyczne-debata","status":"publish","type":"page","link":"https:\/\/sp1hrubieszow.pl\/index.php\/kronika-2019-2020\/warsztaty-profilaktyczne-debata\/","title":{"rendered":"WARSZTATY PROFILAKTYCZNE ,,DEBATA\u201d"},"content":{"rendered":"\n<p align=\"JUSTIFY\"><span style=\"color: #000080;\">W dniu 25 pa\u017adziernika 2019r. uczniowie klasy 7a i 8a uczestniczyli w warsztatach rekomendowanego programu profilaktyki ,,Debata\u201d. Zaj\u0119cia, kt\u00f3re by\u0142y realizowane po 3 godziny w ka\u017cdym oddziale, przeprowadzi\u0142a trenerka z Centrum Dzia\u0142a\u0144 Profilaktycznych pani Aleksandra Czopik.<\/span><\/p>\n<p align=\"JUSTIFY\"><span style=\"color: #000080;\">Celem og\u00f3lnym programu jest wzmocnienie postaw pro-abstynenckich u nastolatk\u00f3w stoj\u0105cych przed progiem inicjacji alkoholowej.<\/span><\/p>\n<p align=\"JUSTIFY\"><span style=\"color: #000080;\">Podstawy teoretyczne programu Debata opieraj\u0105 si\u0119 na koncepcji substancji toruj\u0105cych drog\u0119, kt\u00f3ra opisuje nast\u0119puj\u0105ce po sobie fazy u\u017cywania substancji psychoaktywnych przez m\u0142odzie\u017c. Pierwszymi i najbardziej dost\u0119pnymi substancjami psychoaktywnymi, po kt\u00f3re si\u0119gaj\u0105 nastolatkowie s\u0105 napoje alkoholowe (g\u0142\u00f3wnie piwo). Wi\u0119kszo\u015b\u0107 m\u0142odych os\u00f3b poprzestaje na tym, jednak cz\u0119\u015b\u0107 z nich w spos\u00f3b fazowy si\u0119ga po nast\u0119pne substancje. St\u0105d program jest nastawiony przede wszystkim na op\u00f3\u017anienie inicjacji alkoholowej w\u015br\u00f3d nastolatk\u00f3w, co ma ich chroni\u0107 przed negatywnymi konsekwencjami picia alkoholu <\/span><br><span style=\"color: #000080;\">i rozwojem innych zachowa\u0144 ryzykownych.<\/span><\/p>\n<p align=\"JUSTIFY\"><span style=\"color: #000080;\">Program realizowany by\u0142 w ramach programu ,,Profilaktyka na co dzie\u0144\u201d, autorstwa Anny Karkuszewskiej, przy wsp\u00f3\u0142pracy z Miejsk\u0105 Komisj\u0105 Rozwi\u0105zywania Problem\u00f3w Alkoholowych w Hrubieszowie.<\/span><\/p>\nngg_shortcode_0_placeholder\n","protected":false},"excerpt":{"rendered":"<p>W dniu 25 pa\u017adziernika 2019r. uczniowie klasy 7a i 8a uczestniczyli w warsztatach rekomendowanego programu profilaktyki ,,Debata\u201d. Zaj\u0119cia, kt\u00f3re by\u0142y realizowane po 3 godziny w ka\u017cdym oddziale, przeprowadzi\u0142a trenerka z Centrum Dzia\u0142a\u0144 Profilaktycznych pani Aleksandra Czopik. Celem og\u00f3lnym programu jest wzmocnienie postaw pro-abstynenckich u nastolatk\u00f3w stoj\u0105cych przed progiem inicjacji alkoholowej. Podstawy teoretyczne programu Debata opieraj\u0105 [&hellip;]<\/p>\n","protected":false},"author":2,"featured_media":0,"parent":2167,"menu_order":0,"comment_status":"closed","ping_status":"closed","template":"","meta":{"ngg_post_thumbnail":0,"footnotes":""},"class_list":["post-2769","page","type-page","status-publish","hentry"],"_links":{"self":[{"href":"https:\/\/sp1hrubieszow.pl\/index.php\/wp-json\/wp\/v2\/pages\/2769","targetHints":{"allow":["GET"]}}],"collection":[{"href":"https:\/\/sp1hrubieszow.pl\/index.php\/wp-json\/wp\/v2\/pages"}],"about":[{"href":"https:\/\/sp1hrubieszow.pl\/index.php\/wp-json\/wp\/v2\/types\/page"}],"author":[{"embeddable":true,"href":"https:\/\/sp1hrubieszow.pl\/index.php\/wp-json\/wp\/v2\/users\/2"}],"replies":[{"embeddable":true,"href":"https:\/\/sp1hrubieszow.pl\/index.php\/wp-json\/wp\/v2\/comments?post=2769"}],"version-history":[{"count":1,"href":"https:\/\/sp1hrubieszow.pl\/index.php\/wp-json\/wp\/v2\/pages\/2769\/revisions"}],"predecessor-version":[{"id":2770,"href":"https:\/\/sp1hrubieszow.pl\/index.php\/wp-json\/wp\/v2\/pages\/2769\/revisions\/2770"}],"up":[{"embeddable":true,"href":"https:\/\/sp1hrubieszow.pl\/index.php\/wp-json\/wp\/v2\/pages\/2167"}],"wp:attachment":[{"href":"https:\/\/sp1hrubieszow.pl\/index.php\/wp-json\/wp\/v2\/media?parent=2769"}],"curies":[{"name":"wp","href":"https:\/\/api.w.org\/{rel}","templated":true}]}}